{"id":20520,"date":"2023-02-06T19:13:21","date_gmt":"2023-02-06T19:13:21","guid":{"rendered":"https:\/\/chilimag.hu\/webshop\/?post_type=product&#038;p=20520"},"modified":"2026-01-23T11:02:55","modified_gmt":"2026-01-23T11:02:55","slug":"paprika-loran-f1-sl-eln","status":"publish","type":"product","link":"https:\/\/chilimag.hu\/webshop\/termek\/paprika-loran-f1-sl-eln\/","title":{"rendered":"Paprika Loran Hibrid SL ELN"},"content":{"rendered":"","protected":false},"excerpt":{"rendered":"<p><img decoding=\"async\" class=\"active-logo\" src=\"https:\/\/b2b.seklos.lt\/themes\/warehouse\/img\/logo_en.png\" alt=\"Agrofirma S\u0117klos, UAB\" width=\"280\" height=\"95\" \/><\/p>\n<p>K\u00f6z\u00e9pkorai hibrid d\u00edszes \u00e9s nagyon \u00edzletes gy\u00fcm\u00f6lcs\u00f6kkel. Gy\u00fcm\u00f6lcsei vastag fal\u00faak, t\u00f6mb\u00f6sek, nagyok, 190 grammosak, \u00e9retten lila, narancss\u00e1rga-piros sz\u00edn\u0171ek. Erk\u00e9lyen, \u00fcvegh\u00e1zban termeszthet\u0151, ny\u00e1ron szabadban termesztve j\u00f3 term\u00e9st ad. A n\u00f6v\u00e9nyeknek t\u00e1mogat\u00e1sra van sz\u00fcks\u00e9g\u00fck. \u00dcltessen 1-2 magot t\u0151zegszubsztr\u00e1t-cs\u00e9sz\u00e9kbe, 0,5-1,5 cm m\u00e9lys\u00e9gbe. A vet\u0151mag cs\u00edr\u00e1z\u00e1s\u00e1nak optim\u00e1lis h\u0151m\u00e9rs\u00e9klete +22-25 \u00baC. Fontos, hogy a cs\u00edr\u00e1z\u00e1s sor\u00e1n ker\u00fclj\u00fck a h\u0151m\u00e9rs\u00e9klet- \u00e9s p\u00e1ratartalom-ingadoz\u00e1sokat. A pal\u00e1nt\u00e1k a n\u00f6veked\u00e9si k\u00f6r\u00fclm\u00e9nyekt\u0151l f\u00fcgg\u0151en 60-80 napon bel\u00fcl n\u0151nek. A pal\u00e1nt\u00e1kat f\u0171tetlen \u00fcvegh\u00e1zakba \u00fcltethetj\u00fck \u00e1t, ha a leveg\u0151 h\u0151m\u00e9rs\u00e9klete nem esik 13 \u00baC al\u00e1. A legkedvez\u0151bb h\u0151m\u00e9rs\u00e9klet +20-28 \u00baC. Az \u0151szi fagyokig betakar\u00edtj\u00e1k.<br \/>\nS\u00falya 0,2g<br \/>\nVet\u00e9sid\u0151, m\u00e9lys\u00e9g 0,5-1,5 cm<br \/>\n\u00dcltet\u00e9si t\u00e1vols\u00e1gok 50 x 50 cm<br \/>\nSz\u00fcret VII-IX<br \/>\nTermeszt\u00e9si helye Szabadban, \u00fcvegh\u00e1zban, erk\u00e9lyen, teraszon<br \/>\nA fajta korai ideje M\u00e9rs\u00e9kelten korai<br \/>\nVet\u00e9sid\u0151 \u00fcvegh\u00e1zban III<br \/>\nGy\u00e1rt\u00f3: Lucia Elite<br \/>\nVeget\u00e1ci\u00f3 Egyny\u00e1ri<br \/>\nVet\u00e9sm\u00e9lys\u00e9g 0,5-1,5 cm<\/p>\n","protected":false},"featured_media":20521,"comment_status":"closed","ping_status":"closed","template":"","meta":[],"product_brand":[],"product_cat":[368],"product_tag":[],"class_list":{"0":"post-20520","1":"product","2":"type-product","3":"status-publish","4":"has-post-thumbnail","6":"product_cat-zoldseg-vetomagok","8":"first","9":"instock","10":"taxable","11":"shipping-taxable","12":"purchasable","13":"product-type-simple"},"_links":{"self":[{"href":"https:\/\/chilimag.hu\/webshop\/wp-json\/wp\/v2\/product\/20520","targetHints":{"allow":["GET"]}}],"collection":[{"href":"https:\/\/chilimag.hu\/webshop\/wp-json\/wp\/v2\/product"}],"about":[{"href":"https:\/\/chilimag.hu\/webshop\/wp-json\/wp\/v2\/types\/product"}],"replies":[{"embeddable":true,"href":"https:\/\/chilimag.hu\/webshop\/wp-json\/wp\/v2\/comments?post=20520"}],"wp:featuredmedia":[{"embeddable":true,"href":"https:\/\/chilimag.hu\/webshop\/wp-json\/wp\/v2\/media\/20521"}],"wp:attachment":[{"href":"https:\/\/chilimag.hu\/webshop\/wp-json\/wp\/v2\/media?parent=20520"}],"wp:term":[{"taxonomy":"product_brand","embeddable":true,"href":"https:\/\/chilimag.hu\/webshop\/wp-json\/wp\/v2\/product_brand?post=20520"},{"taxonomy":"product_cat","embeddable":true,"href":"https:\/\/chilimag.hu\/webshop\/wp-json\/wp\/v2\/product_cat?post=20520"},{"taxonomy":"product_tag","embeddable":true,"href":"https:\/\/chilimag.hu\/webshop\/wp-json\/wp\/v2\/product_tag?post=20520"}],"curies":[{"name":"wp","href":"https:\/\/api.w.org\/{rel}","templated":true}]}}