{"id":20515,"date":"2023-02-06T19:05:32","date_gmt":"2023-02-06T19:05:32","guid":{"rendered":"https:\/\/chilimag.hu\/webshop\/?post_type=product&#038;p=20515"},"modified":"2026-04-01T13:46:14","modified_gmt":"2026-04-01T13:46:14","slug":"paprika-de-cayenne-sl-agr","status":"publish","type":"product","link":"https:\/\/chilimag.hu\/webshop\/termek\/paprika-de-cayenne-sl-agr\/","title":{"rendered":"Paprika De Cayenne SL AGR"},"content":{"rendered":"","protected":false},"excerpt":{"rendered":"<p><img decoding=\"async\" class=\"active-logo\" src=\"https:\/\/b2b.seklos.lt\/themes\/warehouse\/img\/logo_en.png\" alt=\"Agrofirma S\u0117klos, UAB\" width=\"280\" height=\"95\" \/><\/p>\n<p>K\u00f6z\u00e9pkorai cayenne paprika fajta. Term\u00e9se hossz\u00fak\u00e1s, hegyes, \u00e9retten s\u00f6t\u00e9tv\u00f6r\u00f6s, f\u0171szeres, 25-30 g t\u00f6meg\u0171. F\u0171szerk\u00e9nt haszn\u00e1lj\u00e1k. Egy n\u00f6v\u00e9ny 20-25 term\u00e9st hoz<br \/>\nMagok sz\u00e1ma grammonk\u00e9nt 120-160<br \/>\nSz\u00fcret VI-VIII<br \/>\nVet\u00e9sid\u0151 a talajban II-III, 2 cm<br \/>\nGy\u00e1rt\u00f3 Agronom<\/p>\n<p>A csomag 0,2 gr magot tartalmaz<\/p>\n","protected":false},"featured_media":20516,"comment_status":"closed","ping_status":"closed","template":"","meta":[],"product_brand":[],"product_cat":[401],"product_tag":[],"class_list":{"0":"post-20515","1":"product","2":"type-product","3":"status-publish","4":"has-post-thumbnail","6":"product_cat-paprika-vetomagok-agronom","8":"first","9":"instock","10":"taxable","11":"shipping-taxable","12":"purchasable","13":"product-type-simple"},"_links":{"self":[{"href":"https:\/\/chilimag.hu\/webshop\/wp-json\/wp\/v2\/product\/20515","targetHints":{"allow":["GET"]}}],"collection":[{"href":"https:\/\/chilimag.hu\/webshop\/wp-json\/wp\/v2\/product"}],"about":[{"href":"https:\/\/chilimag.hu\/webshop\/wp-json\/wp\/v2\/types\/product"}],"replies":[{"embeddable":true,"href":"https:\/\/chilimag.hu\/webshop\/wp-json\/wp\/v2\/comments?post=20515"}],"wp:featuredmedia":[{"embeddable":true,"href":"https:\/\/chilimag.hu\/webshop\/wp-json\/wp\/v2\/media\/20516"}],"wp:attachment":[{"href":"https:\/\/chilimag.hu\/webshop\/wp-json\/wp\/v2\/media?parent=20515"}],"wp:term":[{"taxonomy":"product_brand","embeddable":true,"href":"https:\/\/chilimag.hu\/webshop\/wp-json\/wp\/v2\/product_brand?post=20515"},{"taxonomy":"product_cat","embeddable":true,"href":"https:\/\/chilimag.hu\/webshop\/wp-json\/wp\/v2\/product_cat?post=20515"},{"taxonomy":"product_tag","embeddable":true,"href":"https:\/\/chilimag.hu\/webshop\/wp-json\/wp\/v2\/product_tag?post=20515"}],"curies":[{"name":"wp","href":"https:\/\/api.w.org\/{rel}","templated":true}]}}