{"id":20482,"date":"2023-02-05T19:21:50","date_gmt":"2023-02-05T19:21:50","guid":{"rendered":"https:\/\/chilimag.hu\/webshop\/?post_type=product&#038;p=20482"},"modified":"2026-02-15T13:53:09","modified_gmt":"2026-02-15T13:53:09","slug":"mangold-magenta-sunset-sl-agr","status":"publish","type":"product","link":"https:\/\/chilimag.hu\/webshop\/termek\/mangold-magenta-sunset-sl-agr\/","title":{"rendered":"M\u00e1ngold Magenta Sunset SL AGR"},"content":{"rendered":"","protected":false},"excerpt":{"rendered":"<p><img decoding=\"async\" class=\"active-logo\" src=\"https:\/\/b2b.seklos.lt\/themes\/warehouse\/img\/logo_en.png\" alt=\"Agrofirma S\u0117klos, UAB\" width=\"280\" height=\"95\" \/><\/p>\n<p>A magvak cs\u00edr\u00e1z\u00e1sa ut\u00e1n 55 napon bel\u00fcl \u00e9rik. \u00c9lelmiszerk\u00e9nt sima, enyhe \u00edz\u0171 leveleket \u00e9s r\u00f3zsasz\u00edn sz\u00e1rakat haszn\u00e1lnak. A fiatal levelek nagyon alkalmasak sal\u00e1t\u00e1khoz, az \u00e9rlelt leveleket pedig p\u00e1rolhatjuk, p\u00e1rolhatjuk, felhaszn\u00e1lhatjuk levesekhez. A legjobban nem savas, agyagos, szerves anyagokban gazdag talajban fejl\u0151dik.<br \/>\nMagok sz\u00e1ma grammonk\u00e9nt 40-55<br \/>\nSz\u00fcret V-X<br \/>\nGy\u00e1rt\u00f3 Agronom<\/p>\n<p>A csomag 2 gr magot tartalmaz<\/p>\n","protected":false},"featured_media":20483,"comment_status":"closed","ping_status":"closed","template":"","meta":[],"product_brand":[],"product_cat":[403],"product_tag":[],"class_list":{"0":"post-20482","1":"product","2":"type-product","3":"status-publish","4":"has-post-thumbnail","6":"product_cat-retek-salata-es-leveles-zoldsegek-vetomagok","8":"first","9":"instock","10":"taxable","11":"shipping-taxable","12":"purchasable","13":"product-type-simple"},"_links":{"self":[{"href":"https:\/\/chilimag.hu\/webshop\/wp-json\/wp\/v2\/product\/20482","targetHints":{"allow":["GET"]}}],"collection":[{"href":"https:\/\/chilimag.hu\/webshop\/wp-json\/wp\/v2\/product"}],"about":[{"href":"https:\/\/chilimag.hu\/webshop\/wp-json\/wp\/v2\/types\/product"}],"replies":[{"embeddable":true,"href":"https:\/\/chilimag.hu\/webshop\/wp-json\/wp\/v2\/comments?post=20482"}],"wp:featuredmedia":[{"embeddable":true,"href":"https:\/\/chilimag.hu\/webshop\/wp-json\/wp\/v2\/media\/20483"}],"wp:attachment":[{"href":"https:\/\/chilimag.hu\/webshop\/wp-json\/wp\/v2\/media?parent=20482"}],"wp:term":[{"taxonomy":"product_brand","embeddable":true,"href":"https:\/\/chilimag.hu\/webshop\/wp-json\/wp\/v2\/product_brand?post=20482"},{"taxonomy":"product_cat","embeddable":true,"href":"https:\/\/chilimag.hu\/webshop\/wp-json\/wp\/v2\/product_cat?post=20482"},{"taxonomy":"product_tag","embeddable":true,"href":"https:\/\/chilimag.hu\/webshop\/wp-json\/wp\/v2\/product_tag?post=20482"}],"curies":[{"name":"wp","href":"https:\/\/api.w.org\/{rel}","templated":true}]}}