{"id":20470,"date":"2023-02-05T19:01:37","date_gmt":"2023-02-05T19:01:37","guid":{"rendered":"https:\/\/chilimag.hu\/webshop\/?post_type=product&#038;p=20470"},"modified":"2026-03-16T16:16:01","modified_gmt":"2026-03-16T16:16:01","slug":"kinai-kell-bristol-sl-agr","status":"publish","type":"product","link":"https:\/\/chilimag.hu\/webshop\/termek\/kinai-kell-bristol-sl-agr\/","title":{"rendered":"K\u00ednai Kel Bristol SL AGR"},"content":{"rendered":"","protected":false},"excerpt":{"rendered":"<p><img decoding=\"async\" class=\"active-logo\" src=\"https:\/\/b2b.seklos.lt\/themes\/warehouse\/img\/logo_en.png\" alt=\"Agrofirma S\u0117klos, UAB\" width=\"280\" height=\"95\" \/><\/p>\n<p>Korai, vir\u00e1gz\u00e1snak ellen\u00e1ll\u00f3 fajta \u0151szi betakar\u00edt\u00e1sra. A veget\u00e1ci\u00f3s id\u0151szak 58-65 nap. A fejek t\u00f6m\u00f6rek, 1,5-1,8 kg k\u00f6r\u00fcliek. A hajt\u00e1sokat j\u00falius k\u00f6zep\u00e9t\u0151l j\u00falius v\u00e9g\u00e9ig szabad szabadba \u00fcltetni.<br \/>\nS\u00falya 0,5g<br \/>\nMagok sz\u00e1ma grammonk\u00e9nt 260-310<br \/>\n\u00dcltet\u00e9si t\u00e1vols\u00e1gok VII, 30 x 20 cm<br \/>\nSz\u00fcret IX<br \/>\nNapos hely Igen<br \/>\nGy\u00e1rt\u00f3 Agronom<\/p>\n<p>A csomag 0,5 gr magot tartalmaz<\/p>\n","protected":false},"featured_media":20471,"comment_status":"closed","ping_status":"closed","template":"","meta":[],"product_brand":[],"product_cat":[400],"product_tag":[],"class_list":{"0":"post-20470","1":"product","2":"type-product","3":"status-publish","4":"has-post-thumbnail","6":"product_cat-kaposzta-es-karfiol-vetomagok-agronom","8":"first","9":"instock","10":"taxable","11":"shipping-taxable","12":"purchasable","13":"product-type-simple"},"_links":{"self":[{"href":"https:\/\/chilimag.hu\/webshop\/wp-json\/wp\/v2\/product\/20470","targetHints":{"allow":["GET"]}}],"collection":[{"href":"https:\/\/chilimag.hu\/webshop\/wp-json\/wp\/v2\/product"}],"about":[{"href":"https:\/\/chilimag.hu\/webshop\/wp-json\/wp\/v2\/types\/product"}],"replies":[{"embeddable":true,"href":"https:\/\/chilimag.hu\/webshop\/wp-json\/wp\/v2\/comments?post=20470"}],"wp:featuredmedia":[{"embeddable":true,"href":"https:\/\/chilimag.hu\/webshop\/wp-json\/wp\/v2\/media\/20471"}],"wp:attachment":[{"href":"https:\/\/chilimag.hu\/webshop\/wp-json\/wp\/v2\/media?parent=20470"}],"wp:term":[{"taxonomy":"product_brand","embeddable":true,"href":"https:\/\/chilimag.hu\/webshop\/wp-json\/wp\/v2\/product_brand?post=20470"},{"taxonomy":"product_cat","embeddable":true,"href":"https:\/\/chilimag.hu\/webshop\/wp-json\/wp\/v2\/product_cat?post=20470"},{"taxonomy":"product_tag","embeddable":true,"href":"https:\/\/chilimag.hu\/webshop\/wp-json\/wp\/v2\/product_tag?post=20470"}],"curies":[{"name":"wp","href":"https:\/\/api.w.org\/{rel}","templated":true}]}}