{"id":20463,"date":"2023-02-05T18:52:46","date_gmt":"2023-02-05T18:52:46","guid":{"rendered":"https:\/\/chilimag.hu\/webshop\/?post_type=product&#038;p=20463"},"modified":"2026-03-16T16:16:01","modified_gmt":"2026-03-16T16:16:01","slug":"cukkini-nefertiti-sl-agr","status":"publish","type":"product","link":"https:\/\/chilimag.hu\/webshop\/termek\/cukkini-nefertiti-sl-agr\/","title":{"rendered":"Cukkini Nefertiti SL AGR"},"content":{"rendered":"","protected":false},"excerpt":{"rendered":"<p>S\u00f6t\u00e9tz\u00f6ld h\u00e9j\u00fa, k\u00f6z\u00e9pkorai bokorfajta. Frissen fogyaszthat\u00f3, s\u00fcthet\u0151, p\u00e1rolhat\u00f3, tart\u00f3s\u00edthat\u00f3. Term\u00e9keny, szerves tr\u00e1gy\u00e1zott talajban a legjobb termeszteni.<br \/>\nS\u00falya 1,5g<br \/>\n\u00dcltet\u00e9si t\u00e1vols\u00e1gok V-VI, 70x60cm<br \/>\nSz\u00fcret VI-VIII<br \/>\nNapos hely Igen<br \/>\nK\u00f6nnyen termeszthet\u0151 Igen<br \/>\nVet\u00e9sid\u0151 a talajban IV, 4 cm<br \/>\nGy\u00e1rt\u00f3 Agronom<\/p>\n","protected":false},"featured_media":20465,"comment_status":"closed","ping_status":"closed","template":"","meta":[],"product_brand":[],"product_cat":[395],"product_tag":[],"class_list":{"0":"post-20463","1":"product","2":"type-product","3":"status-publish","4":"has-post-thumbnail","6":"product_cat-dinnye-es-tok-vetomagok","8":"first","9":"instock","10":"taxable","11":"shipping-taxable","12":"purchasable","13":"product-type-simple"},"_links":{"self":[{"href":"https:\/\/chilimag.hu\/webshop\/wp-json\/wp\/v2\/product\/20463","targetHints":{"allow":["GET"]}}],"collection":[{"href":"https:\/\/chilimag.hu\/webshop\/wp-json\/wp\/v2\/product"}],"about":[{"href":"https:\/\/chilimag.hu\/webshop\/wp-json\/wp\/v2\/types\/product"}],"replies":[{"embeddable":true,"href":"https:\/\/chilimag.hu\/webshop\/wp-json\/wp\/v2\/comments?post=20463"}],"wp:featuredmedia":[{"embeddable":true,"href":"https:\/\/chilimag.hu\/webshop\/wp-json\/wp\/v2\/media\/20465"}],"wp:attachment":[{"href":"https:\/\/chilimag.hu\/webshop\/wp-json\/wp\/v2\/media?parent=20463"}],"wp:term":[{"taxonomy":"product_brand","embeddable":true,"href":"https:\/\/chilimag.hu\/webshop\/wp-json\/wp\/v2\/product_brand?post=20463"},{"taxonomy":"product_cat","embeddable":true,"href":"https:\/\/chilimag.hu\/webshop\/wp-json\/wp\/v2\/product_cat?post=20463"},{"taxonomy":"product_tag","embeddable":true,"href":"https:\/\/chilimag.hu\/webshop\/wp-json\/wp\/v2\/product_tag?post=20463"}],"curies":[{"name":"wp","href":"https:\/\/api.w.org\/{rel}","templated":true}]}}