{"id":20459,"date":"2023-02-05T18:47:26","date_gmt":"2023-02-05T18:47:26","guid":{"rendered":"https:\/\/chilimag.hu\/webshop\/?post_type=product&#038;p=20459"},"modified":"2026-02-12T09:50:09","modified_gmt":"2026-02-12T09:50:09","slug":"cukkini-goldena-sl-agr","status":"publish","type":"product","link":"https:\/\/chilimag.hu\/webshop\/termek\/cukkini-goldena-sl-agr\/","title":{"rendered":"Cukkini Goldena SL AGR"},"content":{"rendered":"","protected":false},"excerpt":{"rendered":"<h1 class=\"product_title entry-title elementor-heading-title elementor-size-default\"><img decoding=\"async\" class=\"active-logo\" src=\"https:\/\/b2b.seklos.lt\/themes\/warehouse\/img\/logo_en.png\" alt=\"Agrofirma S\u0117klos, UAB\" width=\"280\" height=\"95\" \/><\/h1>\n<p>Bokor t\u00edpus\u00fa fajta. Gy\u00fcm\u00f6lcse hengeres, 20-60 cm hossz\u00fa, s\u00e1rga sz\u00edn\u0171. Magas h\u0151m\u00e9rs\u00e9kletet ig\u00e9nyl\u0151 cukkini, ez\u00e9rt akkor kell vetni, amikor a talaj felmelegszik (10 cm m\u00e9lys\u00e9gben) +10 \u00e9s +12 \u00baC k\u00f6z\u00f6tt. Haszn\u00e1ld frissen, lehet s\u00fctni, p\u00e1rolni, bef\u0151zni.<br \/>\nMagok sz\u00e1ma grammonk\u00e9nt 6-8<br \/>\nSz\u00fcret VII-VIII<br \/>\nVet\u00e9sid\u0151 a talajban IV, 4 cm<br \/>\nGy\u00e1rt\u00f3 Agronom<\/p>\n<p>A csomag 2 gr magot tartalmaz<\/p>\n","protected":false},"featured_media":20460,"comment_status":"closed","ping_status":"closed","template":"","meta":[],"product_brand":[],"product_cat":[395],"product_tag":[],"class_list":{"0":"post-20459","1":"product","2":"type-product","3":"status-publish","4":"has-post-thumbnail","6":"product_cat-dinnye-es-tok-vetomagok","8":"first","9":"instock","10":"taxable","11":"shipping-taxable","12":"purchasable","13":"product-type-simple"},"_links":{"self":[{"href":"https:\/\/chilimag.hu\/webshop\/wp-json\/wp\/v2\/product\/20459","targetHints":{"allow":["GET"]}}],"collection":[{"href":"https:\/\/chilimag.hu\/webshop\/wp-json\/wp\/v2\/product"}],"about":[{"href":"https:\/\/chilimag.hu\/webshop\/wp-json\/wp\/v2\/types\/product"}],"replies":[{"embeddable":true,"href":"https:\/\/chilimag.hu\/webshop\/wp-json\/wp\/v2\/comments?post=20459"}],"wp:featuredmedia":[{"embeddable":true,"href":"https:\/\/chilimag.hu\/webshop\/wp-json\/wp\/v2\/media\/20460"}],"wp:attachment":[{"href":"https:\/\/chilimag.hu\/webshop\/wp-json\/wp\/v2\/media?parent=20459"}],"wp:term":[{"taxonomy":"product_brand","embeddable":true,"href":"https:\/\/chilimag.hu\/webshop\/wp-json\/wp\/v2\/product_brand?post=20459"},{"taxonomy":"product_cat","embeddable":true,"href":"https:\/\/chilimag.hu\/webshop\/wp-json\/wp\/v2\/product_cat?post=20459"},{"taxonomy":"product_tag","embeddable":true,"href":"https:\/\/chilimag.hu\/webshop\/wp-json\/wp\/v2\/product_tag?post=20459"}],"curies":[{"name":"wp","href":"https:\/\/api.w.org\/{rel}","templated":true}]}}