{"id":20445,"date":"2023-02-05T18:15:38","date_gmt":"2023-02-05T18:15:38","guid":{"rendered":"https:\/\/chilimag.hu\/webshop\/?post_type=product&#038;p=20445"},"modified":"2026-01-25T12:14:42","modified_gmt":"2026-01-25T12:14:42","slug":"gorogdinnye-crimson-sweet-sl-agr","status":"publish","type":"product","link":"https:\/\/chilimag.hu\/webshop\/termek\/gorogdinnye-crimson-sweet-sl-agr\/","title":{"rendered":"G\u00f6r\u00f6gdinnye Crimson Sweet SL AGR"},"content":{"rendered":"","protected":false},"excerpt":{"rendered":"<p><img decoding=\"async\" class=\"active-logo\" src=\"https:\/\/b2b.seklos.lt\/themes\/warehouse\/img\/logo_en.png\" alt=\"Agrofirma S\u0117klos, UAB\" width=\"280\" height=\"95\" \/><\/p>\n<p>J\u00f3l n\u00f6vekszik meleg k\u00f6r\u00fclm\u00e9nyek k\u00f6z\u00f6tt a szabadban vagy \u00fcvegh\u00e1zakban. A veget\u00e1ci\u00f3s id\u0151szak 80 nap. H\u00fasa s\u00f6t\u00e9tv\u00f6r\u00f6s, \u00e9des \u00e9s l\u00e9d\u00fas. Kor\u00e1bbi betakar\u00edt\u00e1shoz aj\u00e1nlott a pal\u00e1nt\u00e1kat \u00fcvegh\u00e1zakba vagy a szabadba \u00fcltetni.<br \/>\nMagok sz\u00e1ma grammonk\u00e9nt 10-20<br \/>\nSz\u00fcret VIII-IX<br \/>\nVet\u00e9sid\u0151 a talajban III-IV, 3-4 cm<br \/>\nGy\u00e1rt\u00f3 Agronom<\/p>\n<p>A csomag 1 gr magot tartalmaz<\/p>\n","protected":false},"featured_media":20446,"comment_status":"closed","ping_status":"closed","template":"","meta":[],"product_brand":[],"product_cat":[395],"product_tag":[],"class_list":{"0":"post-20445","1":"product","2":"type-product","3":"status-publish","4":"has-post-thumbnail","6":"product_cat-dinnye-es-tok-vetomagok","8":"first","9":"instock","10":"taxable","11":"shipping-taxable","12":"purchasable","13":"product-type-simple"},"_links":{"self":[{"href":"https:\/\/chilimag.hu\/webshop\/wp-json\/wp\/v2\/product\/20445","targetHints":{"allow":["GET"]}}],"collection":[{"href":"https:\/\/chilimag.hu\/webshop\/wp-json\/wp\/v2\/product"}],"about":[{"href":"https:\/\/chilimag.hu\/webshop\/wp-json\/wp\/v2\/types\/product"}],"replies":[{"embeddable":true,"href":"https:\/\/chilimag.hu\/webshop\/wp-json\/wp\/v2\/comments?post=20445"}],"wp:featuredmedia":[{"embeddable":true,"href":"https:\/\/chilimag.hu\/webshop\/wp-json\/wp\/v2\/media\/20446"}],"wp:attachment":[{"href":"https:\/\/chilimag.hu\/webshop\/wp-json\/wp\/v2\/media?parent=20445"}],"wp:term":[{"taxonomy":"product_brand","embeddable":true,"href":"https:\/\/chilimag.hu\/webshop\/wp-json\/wp\/v2\/product_brand?post=20445"},{"taxonomy":"product_cat","embeddable":true,"href":"https:\/\/chilimag.hu\/webshop\/wp-json\/wp\/v2\/product_cat?post=20445"},{"taxonomy":"product_tag","embeddable":true,"href":"https:\/\/chilimag.hu\/webshop\/wp-json\/wp\/v2\/product_tag?post=20445"}],"curies":[{"name":"wp","href":"https:\/\/api.w.org\/{rel}","templated":true}]}}