{"id":20400,"date":"2023-02-04T19:05:13","date_gmt":"2023-02-04T19:05:13","guid":{"rendered":"https:\/\/chilimag.hu\/webshop\/?post_type=product&#038;p=20400"},"modified":"2024-01-03T17:46:13","modified_gmt":"2024-01-03T17:46:13","slug":"darazscsapda-mehkas-formaju-ego7","status":"publish","type":"product","link":"https:\/\/chilimag.hu\/webshop\/termek\/darazscsapda-mehkas-formaju-ego7\/","title":{"rendered":"Dar\u00e1zscsapda, m\u00e9hkas form\u00e1j\u00fa (EGO7)"},"content":{"rendered":"","protected":false},"excerpt":{"rendered":"<div class=\"woocommerce-variation-description\">\n<p>Dar\u00e1zscsapda, m\u00e9hkas form\u00e1j\u00fa, k\u00e9k EG07-K<br \/>\nM\u00e9retei hossza 14 cm, \u00e1tm\u00e9r\u0151je 9 cm<br \/>\nS\u00falya 0,32 kg<\/p>\n<\/div>\n<div class=\"woocommerce-variation-price\"><\/div>\n<div class=\"woocommerce-variation-availability\">\n<p>&nbsp;<\/p>\n<\/div>\n","protected":false},"featured_media":20408,"comment_status":"closed","ping_status":"closed","template":"","meta":[],"product_brand":[],"product_cat":[340],"product_tag":[],"class_list":{"0":"post-20400","1":"product","2":"type-product","3":"status-publish","4":"has-post-thumbnail","6":"product_cat-kartevo-csapdak","8":"first","9":"instock","10":"taxable","11":"shipping-taxable","12":"purchasable","13":"product-type-variable"},"_links":{"self":[{"href":"https:\/\/chilimag.hu\/webshop\/wp-json\/wp\/v2\/product\/20400","targetHints":{"allow":["GET"]}}],"collection":[{"href":"https:\/\/chilimag.hu\/webshop\/wp-json\/wp\/v2\/product"}],"about":[{"href":"https:\/\/chilimag.hu\/webshop\/wp-json\/wp\/v2\/types\/product"}],"replies":[{"embeddable":true,"href":"https:\/\/chilimag.hu\/webshop\/wp-json\/wp\/v2\/comments?post=20400"}],"wp:featuredmedia":[{"embeddable":true,"href":"https:\/\/chilimag.hu\/webshop\/wp-json\/wp\/v2\/media\/20408"}],"wp:attachment":[{"href":"https:\/\/chilimag.hu\/webshop\/wp-json\/wp\/v2\/media?parent=20400"}],"wp:term":[{"taxonomy":"product_brand","embeddable":true,"href":"https:\/\/chilimag.hu\/webshop\/wp-json\/wp\/v2\/product_brand?post=20400"},{"taxonomy":"product_cat","embeddable":true,"href":"https:\/\/chilimag.hu\/webshop\/wp-json\/wp\/v2\/product_cat?post=20400"},{"taxonomy":"product_tag","embeddable":true,"href":"https:\/\/chilimag.hu\/webshop\/wp-json\/wp\/v2\/product_tag?post=20400"}],"curies":[{"name":"wp","href":"https:\/\/api.w.org\/{rel}","templated":true}]}}