{"id":20358,"date":"2023-02-04T07:27:03","date_gmt":"2023-02-04T07:27:03","guid":{"rendered":"https:\/\/chilimag.hu\/webshop\/?post_type=product&#038;p=20358"},"modified":"2023-02-04T07:27:04","modified_gmt":"2023-02-04T07:27:04","slug":"mutragyakiszoro-easy-green-12l-tartaly","status":"publish","type":"product","link":"https:\/\/chilimag.hu\/webshop\/termek\/mutragyakiszoro-easy-green-12l-tartaly\/","title":{"rendered":"M\u0171tr\u00e1gyakisz\u00f3r\u00f3, Easy Green 12L tart\u00e1ly"},"content":{"rendered":"","protected":false},"excerpt":{"rendered":"<p>Nagyobb fel\u00fcletek kezel\u00e9se id\u0151ig\u00e9nyes feladat, egy k\u00f6nnyen kezelhet\u0151, sz\u00e9les sz\u00f3r\u00e1sk\u00e9p\u0171 m\u0171tr\u00e1gyasz\u00f3r\u00f3 azonban jelent\u0151sen megk\u00f6nny\u00edti a munk\u00e1t. Az EasyGreen rep\u00edt\u0151t\u00e1rcs\u00e1s kisz\u00f3r\u00f3 egyenletesen juttatja ki a m\u0171tr\u00e1gyaszemcs\u00e9ket ak\u00e1r 3 m\u00e9teres sz\u00f3r\u00e1s sz\u00e9less\u00e9gre is a halad\u00e1si temp\u00f3 f\u00fcggv\u00e9ny\u00e9ben. \u00cdgy gyorsabban \u00e9s pontosabban kezelhet\u0151 a teljes gyepfel\u00fclet. A kijuttatott term\u00e9k t\u00edpus\u00e1nak megfelel\u0151en \u00e1ll\u00edthat\u00f3 be a sz\u00f3r\u00e1s intenzit\u00e1sa, a t\u00f3l\u00f3karon tal\u00e1lhat\u00f3 kar seg\u00edts\u00e9g\u00e9vel a tart\u00e1ly ak\u00e1r menet k\u00f6zben egy k\u00e9zzel nyithat\u00f3, illetve z\u00e1rhat\u00f3. &#8211; K\u00f6nnyen be\u00e1ll\u00edthat\u00f3, a m\u0171tr\u00e1gya k\u00e9nyelmesen adagolhat\u00f3 &#8211; Alkalmas m\u0171tr\u00e1gya vagy f\u0171mag kijuttat\u00e1s\u00e1ra is &#8211; A sz\u00f3r\u00e1s sz\u00e9less\u00e9g ak\u00e1r 3 m \u00edgy nagyobb gyepfel\u00fclet is kezelhet\u0151 &#8211; \u00d6sszehajthat\u00f3, helytakar\u00e9kosan t\u00e1rolhat\u00f3<\/p>\n","protected":false},"featured_media":20359,"comment_status":"closed","ping_status":"closed","template":"","meta":[],"product_brand":[],"product_cat":[343],"product_tag":[],"class_list":{"0":"post-20358","1":"product","2":"type-product","3":"status-publish","4":"has-post-thumbnail","6":"product_cat-akciok","8":"first","9":"instock","10":"sale","11":"taxable","12":"shipping-taxable","13":"purchasable","14":"product-type-simple"},"_links":{"self":[{"href":"https:\/\/chilimag.hu\/webshop\/wp-json\/wp\/v2\/product\/20358","targetHints":{"allow":["GET"]}}],"collection":[{"href":"https:\/\/chilimag.hu\/webshop\/wp-json\/wp\/v2\/product"}],"about":[{"href":"https:\/\/chilimag.hu\/webshop\/wp-json\/wp\/v2\/types\/product"}],"replies":[{"embeddable":true,"href":"https:\/\/chilimag.hu\/webshop\/wp-json\/wp\/v2\/comments?post=20358"}],"wp:featuredmedia":[{"embeddable":true,"href":"https:\/\/chilimag.hu\/webshop\/wp-json\/wp\/v2\/media\/20359"}],"wp:attachment":[{"href":"https:\/\/chilimag.hu\/webshop\/wp-json\/wp\/v2\/media?parent=20358"}],"wp:term":[{"taxonomy":"product_brand","embeddable":true,"href":"https:\/\/chilimag.hu\/webshop\/wp-json\/wp\/v2\/product_brand?post=20358"},{"taxonomy":"product_cat","embeddable":true,"href":"https:\/\/chilimag.hu\/webshop\/wp-json\/wp\/v2\/product_cat?post=20358"},{"taxonomy":"product_tag","embeddable":true,"href":"https:\/\/chilimag.hu\/webshop\/wp-json\/wp\/v2\/product_tag?post=20358"}],"curies":[{"name":"wp","href":"https:\/\/api.w.org\/{rel}","templated":true}]}}