{"id":20354,"date":"2023-02-04T07:03:30","date_gmt":"2023-02-04T07:03:30","guid":{"rendered":"https:\/\/chilimag.hu\/webshop\/?post_type=product&#038;p=20354"},"modified":"2025-10-11T14:01:13","modified_gmt":"2025-10-11T14:01:13","slug":"gardena-comfort-smartcut-racsnis-agvago-ollo","status":"publish","type":"product","link":"https:\/\/chilimag.hu\/webshop\/termek\/gardena-comfort-smartcut-racsnis-agvago-ollo\/","title":{"rendered":"GARDENA Comfort SmartCut racsnis \u00e1gv\u00e1g\u00f3 oll\u00f3"},"content":{"rendered":"","protected":false},"excerpt":{"rendered":"<p>A GARDENA Comfort SmartCut racsnis \u00e1gv\u00e1g\u00f3 oll\u00f3 rendk\u00edv\u00fcl hat\u00e9kony, egyszer\u0171 haszn\u00e1lat\u00fa v\u00e1g\u00f3\u00fcll\u0151s oll\u00f3, mely k\u00f6nnyed\u00e9n oldja meg a k\u00fcl\u00f6nb\u00f6z\u0151 v\u00e1g\u00e1si feladatokat. Az innovat\u00edv, szabadalmaztatott racsnis technol\u00f3gi\u00e1val m\u00e9g er\u0151sebb \u00e1gak \u00e9s m\u00e9g kem\u00e9nyebb fa v\u00e1ghat\u00f3 f\u00e1rads\u00e1gmentesen, sz\u00fcks\u00e9g eset\u00e9n n\u00e9gy l\u00e9p\u00e9sben. Ha az egyszer\u0171 v\u00e1g\u00e1s m\u00e1r nem elegend\u0151, a racsnifunkci\u00f3 automatikusan aktiv\u00e1l\u00f3dik, k\u00f6nny\u0171 \u00e9s gyors fa\u00e1pol\u00e1st biztos\u00edtva. A Comfort SmartCut racsnis \u00e1gv\u00e1g\u00f3 oll\u00f3val ak\u00e1r 45 mm \u00e1tm\u00e9r\u0151j\u0171 \u00e1gak is roncsol\u00e1smentesen, pontosan v\u00e1ghat\u00f3k. Err\u0151l a kiv\u00e1l\u00f3 min\u0151s\u00e9g\u0171 alum\u00ednium v\u00e1g\u00f3\u00fcll\u0151 \u00e9s a prec\u00edzi\u00f3s \u00e9lez\u00e9s\u0171, tapad\u00e1smentes fels\u0151 k\u00e9s gondoskodik. Az oll\u00f3t \u00e9lvezet k\u00e9zbe venni. Az ov\u00e1lis karok csek\u00e9ly s\u00faly mellett is nagy stabilit\u00e1st biztos\u00edtanak. A k\u00e9nyelmes munk\u00e1t a puha bet\u00e9tekkel ell\u00e1tott ergonomikus markolatok is seg\u00edtik. \u00c9s m\u00e9g valami, ami a kerttulajdonosokat leny\u0171g\u00f6zi: 25 \u00e9v garancia!<\/p>\n<p>&nbsp;<\/p>\n<p>&nbsp;<\/p>\n<table>\n<tbody>\n<tr>\n<th scope=\"row\">Maxim\u00e1lis v\u00e1ghat\u00f3 \u00e1tm\u00e9r\u0151<\/th>\n<td>\u00a045 mm \/ 1,77 coll<\/td>\n<\/tr>\n<tr>\n<th scope=\"row\">Hossz\u00fas\u00e1g<\/th>\n<td>\u00a059 cm \/ 23,23 &#8222;<\/td>\n<\/tr>\n<tr>\n<th scope=\"row\">V\u00e1g\u00e1si t\u00edpus<\/th>\n<td>\u00a0V\u00e1g\u00f3\u00fcll\u0151<\/td>\n<\/tr>\n<tr>\n<th scope=\"row\">Penge<\/th>\n<td>\u00a0Tapad\u00e1sg\u00e1tl\u00f3 bevonat<\/td>\n<\/tr>\n<\/tbody>\n<\/table>\n","protected":false},"featured_media":20355,"comment_status":"closed","ping_status":"closed","template":"","meta":[],"product_brand":[],"product_cat":[343,394],"product_tag":[],"class_list":{"0":"post-20354","1":"product","2":"type-product","3":"status-publish","4":"has-post-thumbnail","6":"product_cat-akciok","7":"product_cat-kerti-szerszamok","9":"first","10":"instock","11":"sale","12":"taxable","13":"shipping-taxable","14":"purchasable","15":"product-type-simple"},"_links":{"self":[{"href":"https:\/\/chilimag.hu\/webshop\/wp-json\/wp\/v2\/product\/20354","targetHints":{"allow":["GET"]}}],"collection":[{"href":"https:\/\/chilimag.hu\/webshop\/wp-json\/wp\/v2\/product"}],"about":[{"href":"https:\/\/chilimag.hu\/webshop\/wp-json\/wp\/v2\/types\/product"}],"replies":[{"embeddable":true,"href":"https:\/\/chilimag.hu\/webshop\/wp-json\/wp\/v2\/comments?post=20354"}],"wp:featuredmedia":[{"embeddable":true,"href":"https:\/\/chilimag.hu\/webshop\/wp-json\/wp\/v2\/media\/20355"}],"wp:attachment":[{"href":"https:\/\/chilimag.hu\/webshop\/wp-json\/wp\/v2\/media?parent=20354"}],"wp:term":[{"taxonomy":"product_brand","embeddable":true,"href":"https:\/\/chilimag.hu\/webshop\/wp-json\/wp\/v2\/product_brand?post=20354"},{"taxonomy":"product_cat","embeddable":true,"href":"https:\/\/chilimag.hu\/webshop\/wp-json\/wp\/v2\/product_cat?post=20354"},{"taxonomy":"product_tag","embeddable":true,"href":"https:\/\/chilimag.hu\/webshop\/wp-json\/wp\/v2\/product_tag?post=20354"}],"curies":[{"name":"wp","href":"https:\/\/api.w.org\/{rel}","templated":true}]}}