{"id":203,"date":"2014-11-09T12:20:44","date_gmt":"2014-11-09T12:20:44","guid":{"rendered":"https:\/\/chilimag.hu\/webshop\/?post_type=product&#038;p=203"},"modified":"2025-09-05T17:44:25","modified_gmt":"2025-09-05T17:44:25","slug":"habanero-hot-lemon","status":"publish","type":"product","link":"https:\/\/chilimag.hu\/webshop\/termek\/habanero-hot-lemon\/","title":{"rendered":"Habanero hot lemon"},"content":{"rendered":"","protected":false},"excerpt":{"rendered":"<p><img decoding=\"async\" src=\"https:\/\/chilimag.hu\/webshop\/wp-content\/uploads\/2014\/11\/chilimag-logo-2-150x150.jpg\" \/><\/p>\n<p>&nbsp;<\/p>\n<p>Le\u00edr\u00e1s<\/p>\n<p>A Habanero Hot Lemon Chili egy k\u00fcl\u00f6nleges Habanero fajta, amely citromillat\u00fa chilit termel. A bokros n\u00f6v\u00e9nyeken az intenz\u00edven f\u0171szeres, \u00e9l\u00e9nks\u00e1rga term\u00e9sek, amelyek er\u0151sen bord\u00e1zottak \u00e9s &#8211; Habanerost\u00f3l szokatlan &#8211; hegyesek. Kiv\u00e1l\u00f3an alkalmasak friss feldolgoz\u00e1sra, gy\u00fcm\u00f6lcs\u00f6s sz\u00f3szok, sals\u00e1k k\u00e9sz\u00edt\u00e9s\u00e9re. Mivel nagyon v\u00e9kony term\u00e9sfaluk van, alkalmasak sz\u00e1r\u00edt\u00e1sra \u00e9s \u00e9l\u00e9nks\u00e1rga chilipor k\u00e9sz\u00edt\u00e9s\u00e9re.<\/p>\n<p>\u00c1ltal\u00e1nos inform\u00e1ci\u00f3: A Habanero fajta val\u00f3sz\u00edn\u0171leg a mexik\u00f3i Yucatan r\u00e9gi\u00f3b\u00f3l sz\u00e1rmazik. M\u00edg a \u201eHabanero\u201d n\u00e9v angolul azt jelenti, hogy \u201eHavann\u00e1b\u00f3l\u201d, Kub\u00e1ban csak alkalmank\u00e9nt tal\u00e1lhat\u00f3k meg. M\u00e9g mindig f\u0151k\u00e9nt a Yucat\u00e1n-f\u00e9lszigeten termesztik, b\u00e1r ott t\u00falnyom\u00f3r\u00e9szt narancss\u00e1rga \u00e9s s\u00e1rga Habanero fajt\u00e1k. A v\u00f6r\u00f6s fajt\u00e1k t\u00f6bbnyire a Karib-t\u00e9rs\u00e9gb\u0151l vagy az USA d\u00e9li \u00e1llamaib\u00f3l sz\u00e1rmaznak.<\/p>\n<p>Gondoz\u00e1sa: A cs\u00edr\u00e1z\u00e1si h\u0151m\u00e9rs\u00e9klet 22 \u00e9s 28\u00b0C k\u00f6z\u00f6tt van (8-21 napos cs\u00edr\u00e1z\u00e1si id\u0151szak), ez\u00e9rt \u00fcvegh\u00e1z \u00e9s f\u0171t\u0151sz\u0151nyeg haszn\u00e1lata javasolt. A n\u00f6v\u00e9nyeknek friss, j\u00f3l tr\u00e1gy\u00e1zott, v\u00edz\u00e1tereszt\u0151 talajra van sz\u00fcks\u00e9g\u00fck, nem t\u0171rik a bevizesed\u00e9st. Napos, v\u00e9dett helyre kell \u00fcltetni, ahol legal\u00e1bb 6 \u00f3ra napf\u00e9ny \u2013 lehet\u0151leg t\u00f6bb. Tedd ki a n\u00f6v\u00e9nyeket kb. 2-3 h\u00e9ttel az utols\u00f3 fagy ut\u00e1n. Mivel a n\u00f6v\u00e9nyek \u00e9r\u00e9si ideje hossz\u00fa, ez\u00e9rt \u00e9rdemes cser\u00e9pben nevelni \u0151ket, hogy amikor a nap folyam\u00e1n 12\u00b0C al\u00e1 s\u00fcllyed a h\u0151m\u00e9rs\u00e9klet, be lehessen vinni a n\u00f6v\u00e9nyeket, hogy minden gy\u00fcm\u00f6lcs be\u00e9rjen. A betakar\u00edt\u00e1s ut\u00e1ni \u00e1ttelel\u00e9shez 20 cm-rel v\u00e1gjuk le, \u00e9s tegy\u00fck vil\u00e1gos, legal\u00e1bb 15\u00b0C h\u0151m\u00e9rs\u00e9klet\u0171 helyre.<\/p>\n<p>T\u00edpus: Capsicum chinense<br \/>\nF\u0171szeress\u00e9gi fokozat 10<br \/>\nScoville 150 000 &#8211; 325 000 SHU<br \/>\noptim\u00e1lis cs\u00edr\u00e1z\u00e1si h\u0151m\u00e9rs\u00e9klet 22 &#8211; 28 \u00b0C<br \/>\nVet\u00e9s jan. &#8211; \u00e1pr.<br \/>\nVir\u00e1gok feh\u00e9rek (m\u00e1jus-augusztus)<br \/>\nN\u00f6v\u00e9nyn\u00f6veked\u00e9si szok\u00e1s bokros, kb. 85 cm magas<br \/>\nZ\u00f6ldt\u0151l s\u00e1rg\u00e1ig \u00e9rik<br \/>\nGy\u00fcm\u00f6lcs megjelen\u00e9se bord\u00e1zott, hegyes, kb. 3 x 5 cm<br \/>\n\u00c9r\u00e9si id\u0151 90-100 nap<br \/>\nSz\u00e1rmaz\u00e1si hely USA<\/p>\n<p>&nbsp;<\/p>\n<p>A csomag 10 szem \u00a0magot tartalmaz<\/p>\n","protected":false},"featured_media":204,"comment_status":"open","ping_status":"closed","template":"","meta":[],"product_brand":[],"product_cat":[8],"product_tag":[],"class_list":{"0":"post-203","1":"product","2":"type-product","3":"status-publish","4":"has-post-thumbnail","6":"product_cat-paprika","8":"first","9":"outofstock","10":"taxable","11":"shipping-taxable","12":"purchasable","13":"product-type-simple"},"_links":{"self":[{"href":"https:\/\/chilimag.hu\/webshop\/wp-json\/wp\/v2\/product\/203","targetHints":{"allow":["GET"]}}],"collection":[{"href":"https:\/\/chilimag.hu\/webshop\/wp-json\/wp\/v2\/product"}],"about":[{"href":"https:\/\/chilimag.hu\/webshop\/wp-json\/wp\/v2\/types\/product"}],"replies":[{"embeddable":true,"href":"https:\/\/chilimag.hu\/webshop\/wp-json\/wp\/v2\/comments?post=203"}],"wp:featuredmedia":[{"embeddable":true,"href":"https:\/\/chilimag.hu\/webshop\/wp-json\/wp\/v2\/media\/204"}],"wp:attachment":[{"href":"https:\/\/chilimag.hu\/webshop\/wp-json\/wp\/v2\/media?parent=203"}],"wp:term":[{"taxonomy":"product_brand","embeddable":true,"href":"https:\/\/chilimag.hu\/webshop\/wp-json\/wp\/v2\/product_brand?post=203"},{"taxonomy":"product_cat","embeddable":true,"href":"https:\/\/chilimag.hu\/webshop\/wp-json\/wp\/v2\/product_cat?post=203"},{"taxonomy":"product_tag","embeddable":true,"href":"https:\/\/chilimag.hu\/webshop\/wp-json\/wp\/v2\/product_tag?post=203"}],"curies":[{"name":"wp","href":"https:\/\/api.w.org\/{rel}","templated":true}]}}