{"id":20210,"date":"2023-01-30T14:24:19","date_gmt":"2023-01-30T14:24:19","guid":{"rendered":"https:\/\/chilimag.hu\/webshop\/?post_type=product&#038;p=20210"},"modified":"2025-07-22T10:48:22","modified_gmt":"2025-07-22T10:48:22","slug":"gardena-city-gardening-terasz-tomlodob-keszlet-10-m","status":"publish","type":"product","link":"https:\/\/chilimag.hu\/webshop\/termek\/gardena-city-gardening-terasz-tomlodob-keszlet-10-m\/","title":{"rendered":"GARDENA city gardening Terasz t\u00f6ml\u0151dob k\u00e9szlet 10 m"},"content":{"rendered":"","protected":false},"excerpt":{"rendered":"<p>K\u00f6nny\u0171 \u00e9s helytakar\u00e9kos, be\u00e9p\u00edtett foganty\u00fa.<\/p>\n<p>Tartalma:<br \/>\n11,5 m min\u0151s\u00e9gi t\u00f6ml\u0151vel (10 m + 1,5 m csatlakoz\u00f3)<br \/>\nOriginal GARDENA System elemekkel \u00e9s permetez\u0151 f\u00fav\u00f3k\u00e1val.<\/p>\n<p>Szak\u00edt\u00f3szil\u00e1rds\u00e1g: 30 bar<\/p>\n","protected":false},"featured_media":20219,"comment_status":"closed","ping_status":"closed","template":"","meta":[],"product_brand":[],"product_cat":[343,467],"product_tag":[],"class_list":{"0":"post-20210","1":"product","2":"type-product","3":"status-publish","4":"has-post-thumbnail","6":"product_cat-akciok","7":"product_cat-locsolas-viz-es-talaj-vizsgalo-eszkozok","9":"first","10":"instock","11":"sale","12":"taxable","13":"shipping-taxable","14":"purchasable","15":"product-type-simple"},"_links":{"self":[{"href":"https:\/\/chilimag.hu\/webshop\/wp-json\/wp\/v2\/product\/20210","targetHints":{"allow":["GET"]}}],"collection":[{"href":"https:\/\/chilimag.hu\/webshop\/wp-json\/wp\/v2\/product"}],"about":[{"href":"https:\/\/chilimag.hu\/webshop\/wp-json\/wp\/v2\/types\/product"}],"replies":[{"embeddable":true,"href":"https:\/\/chilimag.hu\/webshop\/wp-json\/wp\/v2\/comments?post=20210"}],"wp:featuredmedia":[{"embeddable":true,"href":"https:\/\/chilimag.hu\/webshop\/wp-json\/wp\/v2\/media\/20219"}],"wp:attachment":[{"href":"https:\/\/chilimag.hu\/webshop\/wp-json\/wp\/v2\/media?parent=20210"}],"wp:term":[{"taxonomy":"product_brand","embeddable":true,"href":"https:\/\/chilimag.hu\/webshop\/wp-json\/wp\/v2\/product_brand?post=20210"},{"taxonomy":"product_cat","embeddable":true,"href":"https:\/\/chilimag.hu\/webshop\/wp-json\/wp\/v2\/product_cat?post=20210"},{"taxonomy":"product_tag","embeddable":true,"href":"https:\/\/chilimag.hu\/webshop\/wp-json\/wp\/v2\/product_tag?post=20210"}],"curies":[{"name":"wp","href":"https:\/\/api.w.org\/{rel}","templated":true}]}}