{"id":20207,"date":"2023-01-30T09:56:39","date_gmt":"2023-01-30T09:56:39","guid":{"rendered":"https:\/\/chilimag.hu\/webshop\/?post_type=product&#038;p=20207"},"modified":"2025-07-22T10:48:56","modified_gmt":"2025-07-22T10:48:56","slug":"gardena-natureup-sarok-ulteto","status":"publish","type":"product","link":"https:\/\/chilimag.hu\/webshop\/termek\/gardena-natureup-sarok-ulteto\/","title":{"rendered":"GARDENA NatureUp! sarok \u00fcltet\u0151."},"content":{"rendered":"","protected":false},"excerpt":{"rendered":"<h4 class=\"description-tagline\">Modul\u00e1ris rendszer az egyszer\u0171en z\u00f6ld falak\u00e9rt<\/h4>\n<div class=\"description-wrapper\">\n<div class=\"description-text\">A GARDENA NatureUp! sarok indul\u00f3k\u00e9szlet olyan rugalmas rendszer, amely a csupasz falakat is szemgy\u00f6ny\u00f6rk\u00f6dtet\u0151v\u00e9 teszi vir\u00e1gok, f\u0171szern\u00f6v\u00e9nyek \u00e9s z\u00f6lds\u00e9gf\u00e9l\u00e9k gyors \u00e9s egyszer\u0171, f\u00e1rads\u00e1gmentes telep\u00edt\u00e9s\u00e9vel. Az id\u0151j\u00e1r\u00e1s\u00e1ll\u00f3 m\u0171anyagb\u00f3l k\u00e9sz\u00fclt sarok\u00fcltet\u0151k \u00f6sszekapcsolhat\u00f3 rendszere modul\u00e1ris, ak\u00e1r szersz\u00e1m haszn\u00e1lata n\u00e9lk\u00fcl is b\u0151v\u00edthet\u0151. A sarok\u00fcltet\u0151k a f\u00f6ldre vagy stabilan falra helyezhet\u0151k. Az \u00fcltet\u0151k v\u00edzelvezet\u0151 rendszere megakad\u00e1lyozza, hogy \u00f6sszegy\u0171lj\u00f6n a pang\u00f3 v\u00edz. A felesleges v\u00edz az alul elhelyezett gy\u0171jt\u0151t\u00e1lc\u00e1ba folyik \u00f6ssze. \u00cdgy marad a fal \u00e9s a padl\u00f3 mindig tiszta \u00e9s sz\u00e1raz. A k\u00e9szlet tartalma 3 sarok\u00fcltet\u0151, 3 fed\u00e9l, 1 alaplemez \u00e9s 6 kapocs.<\/div>\n<\/div>\n","protected":false},"featured_media":20208,"comment_status":"closed","ping_status":"closed","template":"","meta":[],"product_brand":[],"product_cat":[343,336],"product_tag":[],"class_list":{"0":"post-20207","1":"product","2":"type-product","3":"status-publish","4":"has-post-thumbnail","6":"product_cat-akciok","7":"product_cat-vetotalcak-ulteto-cserepek-es-palanta-nevelok","9":"first","10":"instock","11":"sale","12":"taxable","13":"shipping-taxable","14":"purchasable","15":"product-type-simple"},"_links":{"self":[{"href":"https:\/\/chilimag.hu\/webshop\/wp-json\/wp\/v2\/product\/20207","targetHints":{"allow":["GET"]}}],"collection":[{"href":"https:\/\/chilimag.hu\/webshop\/wp-json\/wp\/v2\/product"}],"about":[{"href":"https:\/\/chilimag.hu\/webshop\/wp-json\/wp\/v2\/types\/product"}],"replies":[{"embeddable":true,"href":"https:\/\/chilimag.hu\/webshop\/wp-json\/wp\/v2\/comments?post=20207"}],"wp:featuredmedia":[{"embeddable":true,"href":"https:\/\/chilimag.hu\/webshop\/wp-json\/wp\/v2\/media\/20208"}],"wp:attachment":[{"href":"https:\/\/chilimag.hu\/webshop\/wp-json\/wp\/v2\/media?parent=20207"}],"wp:term":[{"taxonomy":"product_brand","embeddable":true,"href":"https:\/\/chilimag.hu\/webshop\/wp-json\/wp\/v2\/product_brand?post=20207"},{"taxonomy":"product_cat","embeddable":true,"href":"https:\/\/chilimag.hu\/webshop\/wp-json\/wp\/v2\/product_cat?post=20207"},{"taxonomy":"product_tag","embeddable":true,"href":"https:\/\/chilimag.hu\/webshop\/wp-json\/wp\/v2\/product_tag?post=20207"}],"curies":[{"name":"wp","href":"https:\/\/api.w.org\/{rel}","templated":true}]}}