{"id":20202,"date":"2023-01-30T07:56:10","date_gmt":"2023-01-30T07:56:10","guid":{"rendered":"https:\/\/chilimag.hu\/webshop\/?post_type=product&#038;p=20202"},"modified":"2023-01-30T14:22:36","modified_gmt":"2023-01-30T14:22:36","slug":"gardena-automata-ontozokanna","status":"publish","type":"product","link":"https:\/\/chilimag.hu\/webshop\/termek\/gardena-automata-ontozokanna\/","title":{"rendered":"GARDENA automata \u00f6nt\u00f6z\u0151kanna k\u00e9szlet"},"content":{"rendered":"","protected":false},"excerpt":{"rendered":"<p>A GARDENA automata \u00f6nt\u00f6z\u0151kann\u00e1val ak\u00e1r 36 cserepes n\u00f6v\u00e9ny is automatikusan \u00f6nt\u00f6zhet\u0151. K\u00e9nyelmesen \u00f6nt\u00f6zheti n\u00f6v\u00e9nyeit locsol\u00f3kanna cipel\u00e9se n\u00e9lk\u00fcl \u00e9s k\u00fcl\u00f6n\u00f6sen hasznos olyankor, ha elutazik. Az \u00f6nt\u00f6z\u00e9st a be\u00e9p\u00edtett id\u0151kapcsol\u00f3val ell\u00e1tott transzform\u00e1tor naponta 1 percre aktiv\u00e1lja. A h\u00e1rom k\u00fcl\u00f6nb\u00f6z\u0151 cseppeloszt\u00f3n kereszt\u00fcl a kijut\u00f3 v\u00edzmennyis\u00e9get a n\u00f6v\u00e9nyek v\u00edzig\u00e9ny\u00e9hez lehet igaz\u00edtani 15 ml\/perct\u0151l 30 ml\/percen \u00e1t maximum 60 ml\/percig. Sok vizet ig\u00e9nyl\u0151 n\u00f6v\u00e9ny eset\u00e9n ak\u00e1r 3 cseppeloszt\u00f3t is belehelyezhet a cser\u00e9pbe. A v\u00e9d\u0151burkolattal ell\u00e1tott kisfesz\u00fclts\u00e9g\u0171 traf\u00f3 belt\u00e9ri \u00e9s k\u00fclt\u00e9ri haszn\u00e1latra egyar\u00e1nt alkalmas. A k\u00e9szlet tartalma: id\u0151kapcsol\u00f3s transzform\u00e1tor (14 V), szennysz\u0171r\u0151s szivatty\u00fa, 3 cseppeloszt\u00f3 12-12 kimenettel, 9 m eloszt\u00f3t\u00f6ml\u0151, 30 m csepegtet\u0151 t\u00f6ml\u0151, 36 t\u00f6ml\u0151tart\u00f3 t\u00fcske, 20 z\u00e1r\u00f3sapka.<\/p>\n","protected":false},"featured_media":20203,"comment_status":"closed","ping_status":"closed","template":"","meta":[],"product_brand":[],"product_cat":[343],"product_tag":[],"class_list":{"0":"post-20202","1":"product","2":"type-product","3":"status-publish","4":"has-post-thumbnail","6":"product_cat-akciok","8":"first","9":"instock","10":"sale","11":"taxable","12":"shipping-taxable","13":"purchasable","14":"product-type-simple"},"_links":{"self":[{"href":"https:\/\/chilimag.hu\/webshop\/wp-json\/wp\/v2\/product\/20202","targetHints":{"allow":["GET"]}}],"collection":[{"href":"https:\/\/chilimag.hu\/webshop\/wp-json\/wp\/v2\/product"}],"about":[{"href":"https:\/\/chilimag.hu\/webshop\/wp-json\/wp\/v2\/types\/product"}],"replies":[{"embeddable":true,"href":"https:\/\/chilimag.hu\/webshop\/wp-json\/wp\/v2\/comments?post=20202"}],"wp:featuredmedia":[{"embeddable":true,"href":"https:\/\/chilimag.hu\/webshop\/wp-json\/wp\/v2\/media\/20203"}],"wp:attachment":[{"href":"https:\/\/chilimag.hu\/webshop\/wp-json\/wp\/v2\/media?parent=20202"}],"wp:term":[{"taxonomy":"product_brand","embeddable":true,"href":"https:\/\/chilimag.hu\/webshop\/wp-json\/wp\/v2\/product_brand?post=20202"},{"taxonomy":"product_cat","embeddable":true,"href":"https:\/\/chilimag.hu\/webshop\/wp-json\/wp\/v2\/product_cat?post=20202"},{"taxonomy":"product_tag","embeddable":true,"href":"https:\/\/chilimag.hu\/webshop\/wp-json\/wp\/v2\/product_tag?post=20202"}],"curies":[{"name":"wp","href":"https:\/\/api.w.org\/{rel}","templated":true}]}}