{"id":20199,"date":"2023-01-30T06:58:28","date_gmt":"2023-01-30T06:58:28","guid":{"rendered":"https:\/\/chilimag.hu\/webshop\/?post_type=product&#038;p=20199"},"modified":"2023-01-30T06:58:28","modified_gmt":"2023-01-30T06:58:28","slug":"gardena-micro-drip-indulokeszlet-cserepes-novenyekhez-s-meret","status":"publish","type":"product","link":"https:\/\/chilimag.hu\/webshop\/termek\/gardena-micro-drip-indulokeszlet-cserepes-novenyekhez-s-meret\/","title":{"rendered":"GARDENA Micro-Drip indul\u00f3k\u00e9szlet cserepes n\u00f6v\u00e9nyekhez S m\u00e9ret"},"content":{"rendered":"","protected":false},"excerpt":{"rendered":"<h4 class=\"description-tagline\">Cserepes n\u00f6v\u00e9nyek k\u00e9nyelmes \u00f6nt\u00f6z\u00e9se<\/h4>\n<div class=\"description-wrapper\">\n<div class=\"description-text\">A GARDENA Micro-Drip-System k\u00fcl\u00f6nleges aj\u00e1nlata, az Indul\u00f3k\u00e9szlet cserepes n\u00f6v\u00e9nyekhez S tartalmaz mindent, ami a teraszon vagy erk\u00e9lyen tal\u00e1lhat\u00f3 5 cserepes n\u00f6v\u00e9ny k\u00e9nyelmes \u00e9s v\u00edztakar\u00e9kos \u00f6nt\u00f6z\u00e9s\u00e9hez sz\u00fcks\u00e9ges. A nyom\u00e1scs\u00f6kkent\u0151 alapelem az adapterrel csatlakoztathat\u00f3 a v\u00edzcsaphoz. A cserepes n\u00f6v\u00e9nyek a csepegtet\u0151fejekkel pontosan \u00e9s egy\u00e9nileg \u00f6nt\u00f6zhet\u0151k. A szabadalmaztatott &#8222;Klikk \u00e9s k\u00e9sz&#8221; csatlakoztat\u00e1si technol\u00f3gia lehet\u0151v\u00e9 teszi az elemek k\u00f6nny\u0171 \u00e9s gyors \u00f6ssze- \u00e9s sz\u00e9tszerel\u00e9s\u00e9t. Tartalma: 1x alapelem 1000 1x menetes t\u00f6ml\u0151elem 10 m eloszt\u00f3cs\u0151 5x lesz\u00far\u00f3t\u00fcske 4.6 mm 3\/16&#8243; 5x T-elem 4.6mm 3\/16&#8243; 1x z\u00e1r\u00f3t\u00f6m\u00edt\u00e9s 4.6 mm 3\/16&#8243; 5x szab\u00e1lyozhat\u00f3 v\u00e9gcsepegtet\u0151<\/div>\n<\/div>\n","protected":false},"featured_media":20200,"comment_status":"closed","ping_status":"closed","template":"","meta":[],"product_brand":[],"product_cat":[343],"product_tag":[],"class_list":{"0":"post-20199","1":"product","2":"type-product","3":"status-publish","4":"has-post-thumbnail","6":"product_cat-akciok","8":"first","9":"instock","10":"sale","11":"taxable","12":"shipping-taxable","13":"purchasable","14":"product-type-simple"},"_links":{"self":[{"href":"https:\/\/chilimag.hu\/webshop\/wp-json\/wp\/v2\/product\/20199","targetHints":{"allow":["GET"]}}],"collection":[{"href":"https:\/\/chilimag.hu\/webshop\/wp-json\/wp\/v2\/product"}],"about":[{"href":"https:\/\/chilimag.hu\/webshop\/wp-json\/wp\/v2\/types\/product"}],"replies":[{"embeddable":true,"href":"https:\/\/chilimag.hu\/webshop\/wp-json\/wp\/v2\/comments?post=20199"}],"wp:featuredmedia":[{"embeddable":true,"href":"https:\/\/chilimag.hu\/webshop\/wp-json\/wp\/v2\/media\/20200"}],"wp:attachment":[{"href":"https:\/\/chilimag.hu\/webshop\/wp-json\/wp\/v2\/media?parent=20199"}],"wp:term":[{"taxonomy":"product_brand","embeddable":true,"href":"https:\/\/chilimag.hu\/webshop\/wp-json\/wp\/v2\/product_brand?post=20199"},{"taxonomy":"product_cat","embeddable":true,"href":"https:\/\/chilimag.hu\/webshop\/wp-json\/wp\/v2\/product_cat?post=20199"},{"taxonomy":"product_tag","embeddable":true,"href":"https:\/\/chilimag.hu\/webshop\/wp-json\/wp\/v2\/product_tag?post=20199"}],"curies":[{"name":"wp","href":"https:\/\/api.w.org\/{rel}","templated":true}]}}