{"id":20174,"date":"2023-01-29T11:38:36","date_gmt":"2023-01-29T11:38:36","guid":{"rendered":"https:\/\/chilimag.hu\/webshop\/?post_type=product&#038;p=20174"},"modified":"2023-01-29T11:38:36","modified_gmt":"2023-01-29T11:38:36","slug":"gardena-cs-agvago-ollo","status":"publish","type":"product","link":"https:\/\/chilimag.hu\/webshop\/termek\/gardena-cs-agvago-ollo\/","title":{"rendered":"Gardena cs \u00e1gv\u00e1g\u00f3 oll\u00f3"},"content":{"rendered":"","protected":false},"excerpt":{"rendered":"<p>Max. v\u00e1ghat\u00f3 \u00e1g\u00e1tm\u00e9r\u0151 35mm-ig. Mell\u00e9v\u00e1g\u00f3. Beakaszthat\u00f3 az \u00e1gba-csek\u00e9ly er\u0151r\u00e1ford\u00edt\u00e1s \u00e9s k\u00e9nyelmes h\u00faz\u00e1s. Biztons\u00e1gi kengyel. H\u00faz\u00f3k\u00f6t\u00e9l hossza: 4,7m. Szak\u00edt\u00e1s\u00e1ll\u00f3 h\u00faz\u00f3k\u00f6t\u00e9l. Csigasoros mechanika-f\u00e1radts\u00e1g n\u00e9lk\u00fcli metsz\u00e9s. D form\u00e1j\u00fa foganty\u00fa k\u00f6t\u00e9lt\u00e1rol\u00f3val. K\u00f6t\u00e9lv\u00e9g r\u00f6gz\u00edt\u00e9s. K\u00e9zi oll\u00f3k\u00e9nt is haszn\u00e1lhat\u00f3. combisystem teleszk\u00f3pos nyelekhez. Edzett, tapad\u00e1sg\u00e1tl\u00f3 bevonattal ell\u00e1tott k\u00e9s a tiszta \u00e9s pontos v\u00e1g\u00e1shoz.<\/p>\n<p>V\u00e1g\u00e1si t\u00edpus: K\u00e9t\u00e9l\u0171<\/p>\n","protected":false},"featured_media":20175,"comment_status":"closed","ping_status":"closed","template":"","meta":[],"product_brand":[],"product_cat":[343],"product_tag":[],"class_list":{"0":"post-20174","1":"product","2":"type-product","3":"status-publish","4":"has-post-thumbnail","6":"product_cat-akciok","8":"first","9":"instock","10":"sale","11":"taxable","12":"shipping-taxable","13":"purchasable","14":"product-type-simple"},"_links":{"self":[{"href":"https:\/\/chilimag.hu\/webshop\/wp-json\/wp\/v2\/product\/20174","targetHints":{"allow":["GET"]}}],"collection":[{"href":"https:\/\/chilimag.hu\/webshop\/wp-json\/wp\/v2\/product"}],"about":[{"href":"https:\/\/chilimag.hu\/webshop\/wp-json\/wp\/v2\/types\/product"}],"replies":[{"embeddable":true,"href":"https:\/\/chilimag.hu\/webshop\/wp-json\/wp\/v2\/comments?post=20174"}],"wp:featuredmedia":[{"embeddable":true,"href":"https:\/\/chilimag.hu\/webshop\/wp-json\/wp\/v2\/media\/20175"}],"wp:attachment":[{"href":"https:\/\/chilimag.hu\/webshop\/wp-json\/wp\/v2\/media?parent=20174"}],"wp:term":[{"taxonomy":"product_brand","embeddable":true,"href":"https:\/\/chilimag.hu\/webshop\/wp-json\/wp\/v2\/product_brand?post=20174"},{"taxonomy":"product_cat","embeddable":true,"href":"https:\/\/chilimag.hu\/webshop\/wp-json\/wp\/v2\/product_cat?post=20174"},{"taxonomy":"product_tag","embeddable":true,"href":"https:\/\/chilimag.hu\/webshop\/wp-json\/wp\/v2\/product_tag?post=20174"}],"curies":[{"name":"wp","href":"https:\/\/api.w.org\/{rel}","templated":true}]}}