{"id":20166,"date":"2023-01-28T18:27:06","date_gmt":"2023-01-28T18:27:06","guid":{"rendered":"https:\/\/chilimag.hu\/webshop\/?post_type=product&#038;p=20166"},"modified":"2023-01-28T18:27:06","modified_gmt":"2023-01-28T18:27:06","slug":"gardena-comfort-funyiro-ollo","status":"publish","type":"product","link":"https:\/\/chilimag.hu\/webshop\/termek\/gardena-comfort-funyiro-ollo\/","title":{"rendered":"Gardena Comfort F\u0171ny\u00edr\u00f3 oll\u00f3"},"content":{"rendered":"","protected":false},"excerpt":{"rendered":"<p>Az egyszer\u0171, pontos f\u0171ny\u00edr\u00e1shoz k\u00e9sz\u00fclt GARDENA Comfort f\u0171ny\u00edr\u00f3 oll\u00f3 puha m\u0171anyag r\u00e9szeket tartalmaz\u00f3, ergonomikusan kialak\u00edtott nyele jelent\u0151sen megk\u00f6nny\u00edti a v\u00e1g\u00e1st. A tapad\u00e1sg\u00e1tl\u00f3 bevonattal ell\u00e1tott, hull\u00e1mos csiszolat\u00fa k\u00e9sek egyenletes magass\u00e1g\u00fa, pontos v\u00e1g\u00e1st biztos\u00edtanak. A speci\u00e1lis k\u00e9sfoglalatnak k\u00f6sz\u00f6nhet\u0151en a v\u00e1g\u00e1s a k\u00e9s teljes hossz\u00e1ban egyenletes \u00e9s hat\u00e9kony. A cs\u00fasz\u00f3saru k\u00f6nnyen ir\u00e1ny\u00edthat\u00f3v\u00e1 teszi az oll\u00f3t, egyenletes v\u00e1g\u00e1si magass\u00e1got biztos\u00edtva. Az oll\u00f3 a praktikus egykezes z\u00e1rral gyorsan \u00e9s egyszer\u0171en lez\u00e1rhat\u00f3. A garanciaid\u0151 25 \u00e9v.<\/p>\n<p>Penge: Hull\u00e1mos csiszolat\u00fa k\u00e9s, Tapad\u00e1sg\u00e1tl\u00f3 bevonat<\/p>\n","protected":false},"featured_media":20167,"comment_status":"closed","ping_status":"closed","template":"","meta":[],"product_brand":[],"product_cat":[343],"product_tag":[],"class_list":{"0":"post-20166","1":"product","2":"type-product","3":"status-publish","4":"has-post-thumbnail","6":"product_cat-akciok","8":"first","9":"instock","10":"sale","11":"taxable","12":"shipping-taxable","13":"purchasable","14":"product-type-simple"},"_links":{"self":[{"href":"https:\/\/chilimag.hu\/webshop\/wp-json\/wp\/v2\/product\/20166","targetHints":{"allow":["GET"]}}],"collection":[{"href":"https:\/\/chilimag.hu\/webshop\/wp-json\/wp\/v2\/product"}],"about":[{"href":"https:\/\/chilimag.hu\/webshop\/wp-json\/wp\/v2\/types\/product"}],"replies":[{"embeddable":true,"href":"https:\/\/chilimag.hu\/webshop\/wp-json\/wp\/v2\/comments?post=20166"}],"wp:featuredmedia":[{"embeddable":true,"href":"https:\/\/chilimag.hu\/webshop\/wp-json\/wp\/v2\/media\/20167"}],"wp:attachment":[{"href":"https:\/\/chilimag.hu\/webshop\/wp-json\/wp\/v2\/media?parent=20166"}],"wp:term":[{"taxonomy":"product_brand","embeddable":true,"href":"https:\/\/chilimag.hu\/webshop\/wp-json\/wp\/v2\/product_brand?post=20166"},{"taxonomy":"product_cat","embeddable":true,"href":"https:\/\/chilimag.hu\/webshop\/wp-json\/wp\/v2\/product_cat?post=20166"},{"taxonomy":"product_tag","embeddable":true,"href":"https:\/\/chilimag.hu\/webshop\/wp-json\/wp\/v2\/product_tag?post=20166"}],"curies":[{"name":"wp","href":"https:\/\/api.w.org\/{rel}","templated":true}]}}