{"id":201,"date":"2014-11-09T12:19:54","date_gmt":"2014-11-09T12:19:54","guid":{"rendered":"https:\/\/chilimag.hu\/webshop\/?post_type=product&#038;p=201"},"modified":"2025-08-11T08:41:51","modified_gmt":"2025-08-11T08:41:51","slug":"habanero-yellow","status":"publish","type":"product","link":"https:\/\/chilimag.hu\/webshop\/termek\/habanero-yellow\/","title":{"rendered":"Habanero Yellow"},"content":{"rendered":"","protected":false},"excerpt":{"rendered":"<p><img decoding=\"async\" src=\"https:\/\/chilimag.hu\/webshop\/wp-content\/uploads\/2014\/11\/chilimag-logo-2-150x150.jpg\" \/><\/p>\n<p>&nbsp;<\/p>\n<p>Le\u00edr\u00e1s<\/p>\n<p>A habanero chili a vil\u00e1g egyik legismertebb \u00e9s legforr\u00f3bb chilije, a mexik\u00f3i Yucatan r\u00e9gi\u00f3b\u00f3l sz\u00e1rmazik. B\u00e1r a &#8222;habanero&#8221; n\u00e9v leford\u00edthat\u00f3 &#8222;valaki vagy valami Havann\u00e1b\u00f3l&#8221;, a n\u00f6v\u00e9ny csak elszigetelten n\u0151 Kuba sziget\u00e9n. Ma is els\u0151sorban a Yucat\u00e1n-f\u00e9lszigeten termesztik, de t\u00falnyom\u00f3r\u00e9szt narancss\u00e1rga \u00e9s s\u00e1rga habanero fajt\u00e1kat termesztenek itt. A v\u00f6r\u00f6s v\u00e1ltozat \u00e1ltal\u00e1ban a Karib-t\u00e9rs\u00e9gb\u0151l vagy az USA d\u00e9li \u00e1llamaib\u00f3l sz\u00e1rmazik.<\/p>\n<p>Ez a s\u00e1rga habanero fajta hihetetlen f\u0171szeres meleg\u00e9vel \u00e9s nagyon magas term\u00e9shozam\u00e1val t\u0171nik ki. B\u00e1r a paprika r\u00e1ncos \u00e9s v\u00e9kony h\u00e9j\u00fa, m\u00e9gis nagyon zamatos, gazdag \u00e9s \u00f6sszetett \u00edz\u0171. Alakjuk hasonl\u00edt a minipaprik\u00e1\u00e9hoz. Tr\u00f3pusi, gy\u00fcm\u00f6lcs\u00f6s \u00edz\u00fck minden salsa elengedhetetlen \u00f6sszetev\u0151j\u00e9v\u00e9 teszi, \u00e9s k\u00fcl\u00f6n\u00f6sen j\u00f3l p\u00e1ros\u00edthat\u00f3 tr\u00f3pusi gy\u00fcm\u00f6lcs\u00f6kkel.<\/p>\n<p>Gondoz\u00e1sa: A cs\u00edr\u00e1z\u00e1si h\u0151m\u00e9rs\u00e9klet 22\u00b0C \u00e9s 28\u00b0C k\u00f6z\u00f6tt van (cs\u00edr\u00e1z\u00e1si id\u0151: 12-21 nap); ez\u00e9rt \u00fcvegh\u00e1z \u00e9s f\u0171t\u0151sz\u0151nyeg haszn\u00e1lata javasolt. A n\u00f6v\u00e9nyeknek friss, j\u00f3l tr\u00e1gy\u00e1zott, v\u00edz\u00e1tereszt\u0151 talajra van sz\u00fcks\u00e9g\u00fck, nem t\u0171rik a bevizesed\u00e9st. Napos, v\u00e9dett helyre kell helyezni, ahol legal\u00e1bb 6 \u00f3ra napf\u00e9ny \u2013 lehet\u0151leg t\u00f6bb. Mivel a n\u00f6v\u00e9nyeknek k\u00fcl\u00f6n\u00f6sen hossz\u00fa az \u00e9r\u00e9si ideje, \u00e9rdemes cser\u00e9pben termeszteni \u0151ket, \u00edgy a napk\u00f6zbeni h\u0151m\u00e9rs\u00e9klet 12\u00b0C al\u00e1 s\u00fcllyed\u00e9sekor k\u00f6nnyen be lehet vinni a n\u00f6v\u00e9nyeket, \u00edgy minden gy\u00fcm\u00f6lcs be\u00e9rik. Ahhoz, hogy a n\u00f6v\u00e9nyt t\u00e9len is meg\u0151rizze, betakar\u00edt\u00e1s ut\u00e1n v\u00e1gja vissza 20 cm-rel, \u00e9s tegye vil\u00e1gos helyre, ahol legal\u00e1bb 15\u00b0C h\u0151m\u00e9rs\u00e9klet\u0171.<\/p>\n<p>T\u00edpus: Capsicum chinense<br \/>\nF\u0171szerfok 10<br \/>\nScoville Ak\u00e1r 500 000 SHU<br \/>\nOptim\u00e1lis cs\u00edr\u00e1z\u00e1si h\u0151m\u00e9rs\u00e9klet 22 &#8211; 28 \u00b0C<br \/>\nVet\u00e9s dec &#8211; \u00e1pr<br \/>\nFeh\u00e9r vir\u00e1gok (m\u00e1jus-augusztus)<br \/>\nN\u00f6veked\u00e9si szok\u00e1s Bokros, kb. 100 cm magas<br \/>\n\u00c9r\u00e9s vil\u00e1gosz\u00f6ldt\u0151l s\u00e1rg\u00e1ig<br \/>\nGy\u00fcm\u00f6lcs megjelen\u00e9se Kerek, r\u00e1ncos, f\u00e9nyes fel\u00fclet, kb. 3 x 5 cm<br \/>\n\u00c9rlel\u00e9si id\u0151 95-110 nap<br \/>\nSz\u00e1rmaz\u00e1si hely Mexik\u00f3<\/p>\n<p>&nbsp;<\/p>\n<p>A csomag 10 szem magot tartalmaz<\/p>\n<p>&nbsp;<\/p>\n","protected":false},"featured_media":202,"comment_status":"open","ping_status":"closed","template":"","meta":[],"product_brand":[],"product_cat":[8],"product_tag":[],"class_list":{"0":"post-201","1":"product","2":"type-product","3":"status-publish","4":"has-post-thumbnail","6":"product_cat-paprika","8":"first","9":"instock","10":"taxable","11":"shipping-taxable","12":"purchasable","13":"product-type-simple"},"_links":{"self":[{"href":"https:\/\/chilimag.hu\/webshop\/wp-json\/wp\/v2\/product\/201","targetHints":{"allow":["GET"]}}],"collection":[{"href":"https:\/\/chilimag.hu\/webshop\/wp-json\/wp\/v2\/product"}],"about":[{"href":"https:\/\/chilimag.hu\/webshop\/wp-json\/wp\/v2\/types\/product"}],"replies":[{"embeddable":true,"href":"https:\/\/chilimag.hu\/webshop\/wp-json\/wp\/v2\/comments?post=201"}],"wp:featuredmedia":[{"embeddable":true,"href":"https:\/\/chilimag.hu\/webshop\/wp-json\/wp\/v2\/media\/202"}],"wp:attachment":[{"href":"https:\/\/chilimag.hu\/webshop\/wp-json\/wp\/v2\/media?parent=201"}],"wp:term":[{"taxonomy":"product_brand","embeddable":true,"href":"https:\/\/chilimag.hu\/webshop\/wp-json\/wp\/v2\/product_brand?post=201"},{"taxonomy":"product_cat","embeddable":true,"href":"https:\/\/chilimag.hu\/webshop\/wp-json\/wp\/v2\/product_cat?post=201"},{"taxonomy":"product_tag","embeddable":true,"href":"https:\/\/chilimag.hu\/webshop\/wp-json\/wp\/v2\/product_tag?post=201"}],"curies":[{"name":"wp","href":"https:\/\/api.w.org\/{rel}","templated":true}]}}