{"id":20073,"date":"2023-01-25T17:59:40","date_gmt":"2023-01-25T17:59:40","guid":{"rendered":"https:\/\/chilimag.hu\/webshop\/?post_type=product&#038;p=20073"},"modified":"2025-08-11T14:12:24","modified_gmt":"2025-08-11T14:12:24","slug":"rugantino-f1-paradicsom","status":"publish","type":"product","link":"https:\/\/chilimag.hu\/webshop\/termek\/rugantino-f1-paradicsom\/","title":{"rendered":"Rugantino F1 Paradicsom"},"content":{"rendered":"","protected":false},"excerpt":{"rendered":"<p><img decoding=\"async\" class=\"manufacturer-logo\" src=\"https:\/\/www.agropataki.hu\/img\/m\/28.jpg\" alt=\"Rijk-Zwaan\" width=\"210\" height=\"50\" \/><\/p>\n<p>&nbsp;<\/p>\n<p>Le\u00edr\u00e1s<\/p>\n<p>R\u00e9gi kedvenc.<\/p>\n<p>A Rugantino egy \u201eCoeur de Boeuf\u201d fajta, ami azt jelenti, hogy bord\u00e1zott. Nincs olyan hegyes v\u00e9ge, mint n\u00e9h\u00e1ny \u00f6k\u00f6rsz\u00edvnek \u2013 ami megk\u00f6nny\u00edti a csomagol\u00e1st, mint n\u00e9h\u00e1ny m\u00e1s nagy, sz\u00edv alak\u00fa fajt\u00e1t. Ez a h\u00fasos, j\u00f3 \u00edz\u0171 gy\u00fcm\u00f6lcs a legalkalmasabb frissen szeletel\u00e9sre.<\/p>\n<p>Rugantino er\u0151teljes \u00e9s k\u00f6nny\u0171 be\u00e1ll\u00edt\u00e1s; sokf\u00e9le k\u00f6r\u00fclm\u00e9ny k\u00f6z\u00f6tt j\u00f3l teljes\u00edt, bele\u00e9rtve a f\u0171tetlen \u00fcvegh\u00e1zakat \u00e9s a szabadf\u00f6ldi termeszt\u00e9st is. Az \u00f6k\u00f6rsz\u00edvek nagyok \u00e9s h\u00fasosak, kar\u00f3z\u00e1st ig\u00e9nyelnek.<\/p>\n<p>A legjobb eredm\u00e9ny el\u00e9r\u00e9se \u00e9rdek\u00e9ben a gy\u00fcm\u00f6lcs\u00f6ket t\u00f6r\u00e9si szakaszban sz\u00fcretelje le, hogy maximaliz\u00e1lja eltarthat\u00f3s\u00e1g\u00e1t.\u00a0K\u00f6z\u00e9pkorai folytonn\u00f6v\u0151 hibrid.<\/p>\n<p>Gondoz\u00e1sa: A\u00a0paradicsomot, \u00fcvegh\u00e1zban vagy a szabadban termesztheti. Az optim\u00e1lis cs\u00edr\u00e1z\u00e1si h\u0151m\u00e9rs\u00e9klet 20 \u00e9s 25\u00b0C k\u00f6z\u00f6tt van, a cs\u00edr\u00e1z\u00e1s 8-14 nap ut\u00e1n k\u00f6vetkezik be. Felgyors\u00edthatja a cs\u00edr\u00e1z\u00e1si folyamatot, ha a magokat egy \u00e9jszak\u00e1n \u00e1t nedves ruh\u00e1ban hagyja \u00e1zni. V\u00e1rjon az utols\u00f3 fagy ut\u00e1n a kiv\u00e1lasztott n\u00f6v\u00e9nyek \u00fcltet\u00e9s\u00e9vel.<\/p>\n<p>A paradicsomnak friss, j\u00f3l tr\u00e1gy\u00e1zott, v\u00edz\u00e1tereszt\u0151 talajra van sz\u00fcks\u00e9ge, amelyet nedvesen (de nem nedvesen!) kell tartani. Napos, v\u00e9dett helyre \u00fcltess\u00fck, ahol legal\u00e1bb 6 \u00f3ra \u2013 lehet\u0151leg t\u00f6bb napf\u00e9ny \u00e9ri.<\/p>\n<p>A csomag 10 szem magot tartalmaz.<\/p>\n","protected":false},"featured_media":20074,"comment_status":"closed","ping_status":"closed","template":"","meta":[],"product_brand":[],"product_cat":[10],"product_tag":[],"class_list":{"0":"post-20073","1":"product","2":"type-product","3":"status-publish","4":"has-post-thumbnail","6":"product_cat-paradicsom","8":"first","9":"instock","10":"taxable","11":"shipping-taxable","12":"purchasable","13":"product-type-simple"},"_links":{"self":[{"href":"https:\/\/chilimag.hu\/webshop\/wp-json\/wp\/v2\/product\/20073","targetHints":{"allow":["GET"]}}],"collection":[{"href":"https:\/\/chilimag.hu\/webshop\/wp-json\/wp\/v2\/product"}],"about":[{"href":"https:\/\/chilimag.hu\/webshop\/wp-json\/wp\/v2\/types\/product"}],"replies":[{"embeddable":true,"href":"https:\/\/chilimag.hu\/webshop\/wp-json\/wp\/v2\/comments?post=20073"}],"wp:featuredmedia":[{"embeddable":true,"href":"https:\/\/chilimag.hu\/webshop\/wp-json\/wp\/v2\/media\/20074"}],"wp:attachment":[{"href":"https:\/\/chilimag.hu\/webshop\/wp-json\/wp\/v2\/media?parent=20073"}],"wp:term":[{"taxonomy":"product_brand","embeddable":true,"href":"https:\/\/chilimag.hu\/webshop\/wp-json\/wp\/v2\/product_brand?post=20073"},{"taxonomy":"product_cat","embeddable":true,"href":"https:\/\/chilimag.hu\/webshop\/wp-json\/wp\/v2\/product_cat?post=20073"},{"taxonomy":"product_tag","embeddable":true,"href":"https:\/\/chilimag.hu\/webshop\/wp-json\/wp\/v2\/product_tag?post=20073"}],"curies":[{"name":"wp","href":"https:\/\/api.w.org\/{rel}","templated":true}]}}