{"id":20071,"date":"2023-01-25T17:56:58","date_gmt":"2023-01-25T17:56:58","guid":{"rendered":"https:\/\/chilimag.hu\/webshop\/?post_type=product&#038;p=20071"},"modified":"2026-01-13T22:20:03","modified_gmt":"2026-01-13T22:20:03","slug":"lucinda-f1-paradicsom","status":"publish","type":"product","link":"https:\/\/chilimag.hu\/webshop\/termek\/lucinda-f1-paradicsom\/","title":{"rendered":"Lucinda F1 Paradicsom"},"content":{"rendered":"","protected":false},"excerpt":{"rendered":"<p><img decoding=\"async\" class=\"inline-block relative w-16 h-16 contextual-sign-in-modal__img m-auto lazy-loaded\" src=\"https:\/\/media.licdn.com\/dms\/image\/D4E0BAQHpfe3bLNufeQ\/company-logo_200_200\/0\/1699540378364\/hazera_seeds_logo?e=2147483647&amp;v=beta&amp;t=z1RZlgPyOCXv2b8pir8-UfHTEM4pA77iWGYBlz1SVQM\" alt=\"\" data-ghost-classes=\"bg-color-entity-ghost-background\" data-ghost-url=\"https:\/\/static.licdn.com\/aero-v1\/sc\/h\/cs8pjfgyw96g44ln9r7tct85f\" aria-busy=\"false\" \/><\/p>\n<p>Ez egy korai hibrid friss fogyaszt\u00e1sra. A n\u00f6v\u00e9ny er\u0151teljes ov\u00e1lis gy\u00fcm\u00f6lcs, amely el\u00e9rheti a 10-20 g.<\/p>\n<p>A csomag 10 szem magot tartalmaz<\/p>\n","protected":false},"featured_media":20072,"comment_status":"closed","ping_status":"closed","template":"","meta":[],"product_brand":[],"product_cat":[10],"product_tag":[],"class_list":{"0":"post-20071","1":"product","2":"type-product","3":"status-publish","4":"has-post-thumbnail","6":"product_cat-paradicsom","8":"first","9":"instock","10":"taxable","11":"shipping-taxable","12":"purchasable","13":"product-type-simple"},"_links":{"self":[{"href":"https:\/\/chilimag.hu\/webshop\/wp-json\/wp\/v2\/product\/20071","targetHints":{"allow":["GET"]}}],"collection":[{"href":"https:\/\/chilimag.hu\/webshop\/wp-json\/wp\/v2\/product"}],"about":[{"href":"https:\/\/chilimag.hu\/webshop\/wp-json\/wp\/v2\/types\/product"}],"replies":[{"embeddable":true,"href":"https:\/\/chilimag.hu\/webshop\/wp-json\/wp\/v2\/comments?post=20071"}],"wp:featuredmedia":[{"embeddable":true,"href":"https:\/\/chilimag.hu\/webshop\/wp-json\/wp\/v2\/media\/20072"}],"wp:attachment":[{"href":"https:\/\/chilimag.hu\/webshop\/wp-json\/wp\/v2\/media?parent=20071"}],"wp:term":[{"taxonomy":"product_brand","embeddable":true,"href":"https:\/\/chilimag.hu\/webshop\/wp-json\/wp\/v2\/product_brand?post=20071"},{"taxonomy":"product_cat","embeddable":true,"href":"https:\/\/chilimag.hu\/webshop\/wp-json\/wp\/v2\/product_cat?post=20071"},{"taxonomy":"product_tag","embeddable":true,"href":"https:\/\/chilimag.hu\/webshop\/wp-json\/wp\/v2\/product_tag?post=20071"}],"curies":[{"name":"wp","href":"https:\/\/api.w.org\/{rel}","templated":true}]}}