{"id":20068,"date":"2023-01-25T17:49:19","date_gmt":"2023-01-25T17:49:19","guid":{"rendered":"https:\/\/chilimag.hu\/webshop\/?post_type=product&#038;p=20068"},"modified":"2026-01-06T15:22:28","modified_gmt":"2026-01-06T15:22:28","slug":"sorbetto-f1-paradicsom","status":"publish","type":"product","link":"https:\/\/chilimag.hu\/webshop\/termek\/sorbetto-f1-paradicsom\/","title":{"rendered":"Sorbetto F1 Paradicsom"},"content":{"rendered":"","protected":false},"excerpt":{"rendered":"<p><img decoding=\"async\" class=\"manufacturer-logo\" src=\"https:\/\/www.agropataki.ro\/img\/m\/133.jpg\" alt=\"Profit Seeds\" width=\"210\" height=\"50\" \/><\/p>\n<p>&nbsp;<\/p>\n<p>Le\u00edr\u00e1s<\/p>\n<p>A Sorbetto F1 egy korai, folytonn\u00f6v\u0151 hibrid San Marzano kokt\u00e9lparadicsom. Magas term\u0151k\u00e9ppes\u00e9g\u0171 hibrid, egys\u00e9ges f\u00fcrt\u00f6ket k\u00e9pez. Gy\u00fcm\u00f6lcsei ny\u00fajtottak, intenz\u00edv v\u00f6r\u00f6sek, 30 g t\u00f6meg\u0171ek, arom\u00e1s \u00edz\u0171ek.<\/p>\n<p>Gondoz\u00e1sa: A\u00a0Paradicsomot termeszthet otthon, \u00fcvegh\u00e1zban vagy kint. A magokat csak kiss\u00e9 takarja be talajjal. Az optim\u00e1lis cs\u00edr\u00e1z\u00e1si h\u0151m\u00e9rs\u00e9klet 20\u00b0C \u00e9s 25\u00b0C k\u00f6z\u00f6tt van, a cs\u00edr\u00e1z\u00e1s 5-15 nap m\u00falva k\u00f6vetkezik be. Felgyors\u00edthatja a cs\u00edr\u00e1z\u00e1st, ha egy \u00e9jszak\u00e1n \u00e1t nedves ruh\u00e1ban alapozza \u0151ket. A fiatal n\u00f6v\u00e9nyt csak az utols\u00f3 fagy ut\u00e1n szabad a szabadba \u00fcltetni.<\/p>\n<p>A paradicsomnak friss, j\u00f3l tr\u00e1gy\u00e1zott, \u00e1tereszt\u0151 talajra van sz\u00fcks\u00e9ge, amelyet nedvesen (de nem nedvesen!) kell tartani. Napos, v\u00e9dett helyre kell helyezni, ahol legal\u00e1bb napi 6 \u00f3ra napf\u00e9ny \u00e9ri, ha nem t\u00f6bb.<\/p>\n<p>A csomag 10 szem magot tartalmaz<\/p>\n","protected":false},"featured_media":20069,"comment_status":"closed","ping_status":"closed","template":"","meta":[],"product_brand":[],"product_cat":[10],"product_tag":[],"class_list":{"0":"post-20068","1":"product","2":"type-product","3":"status-publish","4":"has-post-thumbnail","6":"product_cat-paradicsom","8":"first","9":"outofstock","10":"taxable","11":"shipping-taxable","12":"purchasable","13":"product-type-simple"},"_links":{"self":[{"href":"https:\/\/chilimag.hu\/webshop\/wp-json\/wp\/v2\/product\/20068","targetHints":{"allow":["GET"]}}],"collection":[{"href":"https:\/\/chilimag.hu\/webshop\/wp-json\/wp\/v2\/product"}],"about":[{"href":"https:\/\/chilimag.hu\/webshop\/wp-json\/wp\/v2\/types\/product"}],"replies":[{"embeddable":true,"href":"https:\/\/chilimag.hu\/webshop\/wp-json\/wp\/v2\/comments?post=20068"}],"wp:featuredmedia":[{"embeddable":true,"href":"https:\/\/chilimag.hu\/webshop\/wp-json\/wp\/v2\/media\/20069"}],"wp:attachment":[{"href":"https:\/\/chilimag.hu\/webshop\/wp-json\/wp\/v2\/media?parent=20068"}],"wp:term":[{"taxonomy":"product_brand","embeddable":true,"href":"https:\/\/chilimag.hu\/webshop\/wp-json\/wp\/v2\/product_brand?post=20068"},{"taxonomy":"product_cat","embeddable":true,"href":"https:\/\/chilimag.hu\/webshop\/wp-json\/wp\/v2\/product_cat?post=20068"},{"taxonomy":"product_tag","embeddable":true,"href":"https:\/\/chilimag.hu\/webshop\/wp-json\/wp\/v2\/product_tag?post=20068"}],"curies":[{"name":"wp","href":"https:\/\/api.w.org\/{rel}","templated":true}]}}