{"id":20005,"date":"2023-01-21T16:36:49","date_gmt":"2023-01-21T16:36:49","guid":{"rendered":"https:\/\/chilimag.hu\/webshop\/?post_type=product&#038;p=20005"},"modified":"2026-02-16T16:21:59","modified_gmt":"2026-02-16T16:21:59","slug":"yellowstone-paradicsom-florian-bg","status":"publish","type":"product","link":"https:\/\/chilimag.hu\/webshop\/termek\/yellowstone-paradicsom-florian-bg\/","title":{"rendered":"Paradicsom Yellowstone  Florian Bg"},"content":{"rendered":"","protected":false},"excerpt":{"rendered":"<p><img decoding=\"async\" class=\"img-inline\" src=\"https:\/\/brcci.eu\/cache\/thumbnails\/12ecd0e6e419f1b9b1484ef02ad361979dd8e054\/1a6c5e1406ad462ca86d17b2800862d7f837862c-829875ad0a268b741b7edd818ffce098.png\" alt=\"FLORIAN OOD\" \/><\/p>\n<p>Le\u00edr\u00e1s<\/p>\n<p>Yellowstone paradicsom h\u00fasos \u00e9s \u00edzletes s\u00e1rga paradicsom magvak, Fl\u00f3ri\u00e1n<\/p>\n<p>A Yellowstone paradicsom megn\u00f6vekedett termel\u00e9kenys\u00e9g\u0171 hat\u00e1rozatlan fajta.<\/p>\n<p>Er\u0151s sz\u00e1r jellemzi, amely magasra n\u0151.<\/p>\n<p>Gy\u00fcm\u00f6lcsei nagyok, \u00e9l\u00e9nken s\u00e1rg\u00e1k, t\u00f6meg\u00fck k\u00f6r\u00fclbel\u00fcl 180-220 g; lapos kerekek \u00e9s enyh\u00e9n bord\u00e1zottak, h\u00fasosak \u00e9s \u00edzletesek. Friss fogyaszt\u00e1sra \u00e9s f\u0151z\u00e9shez egyar\u00e1nt alkalmasak.<\/p>\n<p>A fajta szabadf\u00f6ld\u00f6n vagy \u00fcvegh\u00e1zban n\u0151het. A veget\u00e1ci\u00f3s id\u0151szak 80-90 nap.<\/p>\n<p>A h\u0151m\u00e9rs\u00e9kleti k\u00f6vetelm\u00e9nyek miatt a Yellowstone paradicsomot f\u0171t\u00f6tt helyis\u00e9gben el\u0151k\u00e9sz\u00edtett pal\u00e1nt\u00e1kb\u00f3l termesztik. A vet\u00e9st tavasz elej\u00e9n kell elv\u00e9gezni, a magokat k\u00f6nny\u0171 \u00e9s v\u00edz\u00e1tereszt\u0151 talaj\u00fa cserepekbe kell helyezni.<\/p>\n<p>A pal\u00e1nt\u00e1kat m\u00e1jus m\u00e1sodik fel\u00e9ben \u00fcltetik \u00e1t a szabadba.<\/p>\n<p>A paradicsomtermeszt\u00e9s legjobb helye a napos, meleg, sz\u00e9lt\u0151l v\u00e9dett.<\/p>\n<p>A paradicsomn\u00f6v\u00e9nyek j\u00f3l n\u00f6vekednek \u00e9s gazdag term\u00e9st hoznak a nem t\u00fal nedves \u00e9s t\u00e1panyagban gazdag talajban.<\/p>\n<p>A csomag 0,5 grammot tartalmaz<\/p>\n","protected":false},"featured_media":23522,"comment_status":"closed","ping_status":"closed","template":"","meta":[],"product_brand":[],"product_cat":[381],"product_tag":[],"class_list":{"0":"post-20005","1":"product","2":"type-product","3":"status-publish","4":"has-post-thumbnail","6":"product_cat-paradicsom-vetomagok-bolgar-florian-vetomagok","8":"first","9":"instock","10":"taxable","11":"shipping-taxable","12":"purchasable","13":"product-type-simple"},"_links":{"self":[{"href":"https:\/\/chilimag.hu\/webshop\/wp-json\/wp\/v2\/product\/20005","targetHints":{"allow":["GET"]}}],"collection":[{"href":"https:\/\/chilimag.hu\/webshop\/wp-json\/wp\/v2\/product"}],"about":[{"href":"https:\/\/chilimag.hu\/webshop\/wp-json\/wp\/v2\/types\/product"}],"replies":[{"embeddable":true,"href":"https:\/\/chilimag.hu\/webshop\/wp-json\/wp\/v2\/comments?post=20005"}],"wp:featuredmedia":[{"embeddable":true,"href":"https:\/\/chilimag.hu\/webshop\/wp-json\/wp\/v2\/media\/23522"}],"wp:attachment":[{"href":"https:\/\/chilimag.hu\/webshop\/wp-json\/wp\/v2\/media?parent=20005"}],"wp:term":[{"taxonomy":"product_brand","embeddable":true,"href":"https:\/\/chilimag.hu\/webshop\/wp-json\/wp\/v2\/product_brand?post=20005"},{"taxonomy":"product_cat","embeddable":true,"href":"https:\/\/chilimag.hu\/webshop\/wp-json\/wp\/v2\/product_cat?post=20005"},{"taxonomy":"product_tag","embeddable":true,"href":"https:\/\/chilimag.hu\/webshop\/wp-json\/wp\/v2\/product_tag?post=20005"}],"curies":[{"name":"wp","href":"https:\/\/api.w.org\/{rel}","templated":true}]}}