{"id":20003,"date":"2023-01-21T16:30:48","date_gmt":"2023-01-21T16:30:48","guid":{"rendered":"https:\/\/chilimag.hu\/webshop\/?post_type=product&#038;p=20003"},"modified":"2026-03-02T15:29:05","modified_gmt":"2026-03-02T15:29:05","slug":"rozov-dar-paradicsom-florian-profi-bg","status":"publish","type":"product","link":"https:\/\/chilimag.hu\/webshop\/termek\/rozov-dar-paradicsom-florian-profi-bg\/","title":{"rendered":"Paradicsom Rozov Dar Profy Line Gold  Bg"},"content":{"rendered":"","protected":false},"excerpt":{"rendered":"<p><img decoding=\"async\" class=\"img-inline\" src=\"https:\/\/brcci.eu\/cache\/thumbnails\/12ecd0e6e419f1b9b1484ef02ad361979dd8e054\/1a6c5e1406ad462ca86d17b2800862d7f837862c-829875ad0a268b741b7edd818ffce098.png\" alt=\"FLORIAN OOD\" \/><\/p>\n<p>Le\u00edr\u00e1s<\/p>\n<p>Nagyon term\u00e9keny \u00faj fajta, a bolg\u00e1r paradicsom autentikus jellegzetes \u00edz\u00e9vel. Hat\u00e1rozatlan, k\u00f6zepesen korai \u00e9s k\u00e9s\u0151i \u00f3ri\u00e1sbivalysz\u00edv t\u00edpus. A n\u00f6v\u00e9nyek k\u00f6zepesen er\u0151sen fejlettek, vastag sz\u00e1rral. \u00c9rett gy\u00fcm\u00f6lcs\u00f6k r\u00f3zsasz\u00edn\u0171ek, sz\u00edv alak\u00faak, fels\u0151 r\u00e9sz\u00e9n a cs\u00edkozottak, nagyon nagyok, t\u00f6meg\u00fck 400-800 gramm, el\u00e9ri az 1 kg-ot. K\u00f6zepes gy\u00fcm\u00f6lcser\u0151ss\u00e9g, nagyon kev\u00e9s maggal \u00e9s k\u00fcl\u00f6nleges \u00edzmin\u0151s\u00e9ggel.<\/p>\n<p>&nbsp;<\/p>\n<p>Technikai inform\u00e1ci\u00f3:<\/p>\n<p>Tartalom 0,2 gr &#8211; k\u00f6r\u00fclbel\u00fcl 70 mag<br \/>\nHat\u00e1rozatlan n\u00f6veked\u00e9ssel<br \/>\nk\u00f6z\u00e9pkora<br \/>\n\u00d3ri\u00e1s bivaly sz\u00edvt\u00edpus<br \/>\nR\u00f3zsasz\u00edn sz\u00edn<br \/>\nGy\u00fcm\u00f6lcs s\u00falya: 400 gr -1 kg<\/p>\n<p>A csomag 0,2 grammot tartalmaz<\/p>\n","protected":false},"featured_media":23444,"comment_status":"closed","ping_status":"closed","template":"","meta":[],"product_brand":[],"product_cat":[381],"product_tag":[],"class_list":{"0":"post-20003","1":"product","2":"type-product","3":"status-publish","4":"has-post-thumbnail","6":"product_cat-paradicsom-vetomagok-bolgar-florian-vetomagok","8":"first","9":"outofstock","10":"taxable","11":"shipping-taxable","12":"purchasable","13":"product-type-simple"},"_links":{"self":[{"href":"https:\/\/chilimag.hu\/webshop\/wp-json\/wp\/v2\/product\/20003","targetHints":{"allow":["GET"]}}],"collection":[{"href":"https:\/\/chilimag.hu\/webshop\/wp-json\/wp\/v2\/product"}],"about":[{"href":"https:\/\/chilimag.hu\/webshop\/wp-json\/wp\/v2\/types\/product"}],"replies":[{"embeddable":true,"href":"https:\/\/chilimag.hu\/webshop\/wp-json\/wp\/v2\/comments?post=20003"}],"wp:featuredmedia":[{"embeddable":true,"href":"https:\/\/chilimag.hu\/webshop\/wp-json\/wp\/v2\/media\/23444"}],"wp:attachment":[{"href":"https:\/\/chilimag.hu\/webshop\/wp-json\/wp\/v2\/media?parent=20003"}],"wp:term":[{"taxonomy":"product_brand","embeddable":true,"href":"https:\/\/chilimag.hu\/webshop\/wp-json\/wp\/v2\/product_brand?post=20003"},{"taxonomy":"product_cat","embeddable":true,"href":"https:\/\/chilimag.hu\/webshop\/wp-json\/wp\/v2\/product_cat?post=20003"},{"taxonomy":"product_tag","embeddable":true,"href":"https:\/\/chilimag.hu\/webshop\/wp-json\/wp\/v2\/product_tag?post=20003"}],"curies":[{"name":"wp","href":"https:\/\/api.w.org\/{rel}","templated":true}]}}