{"id":19998,"date":"2023-01-21T16:16:51","date_gmt":"2023-01-21T16:16:51","guid":{"rendered":"https:\/\/chilimag.hu\/webshop\/?post_type=product&#038;p=19998"},"modified":"2025-08-13T11:48:44","modified_gmt":"2025-08-13T11:48:44","slug":"white-beefsteak-paradicsom-florian-bg","status":"publish","type":"product","link":"https:\/\/chilimag.hu\/webshop\/termek\/white-beefsteak-paradicsom-florian-bg\/","title":{"rendered":"Paradicsom White Beefsteak Florian Bg"},"content":{"rendered":"","protected":false},"excerpt":{"rendered":"<p><img decoding=\"async\" class=\"img-inline\" src=\"https:\/\/brcci.eu\/cache\/thumbnails\/12ecd0e6e419f1b9b1484ef02ad361979dd8e054\/1a6c5e1406ad462ca86d17b2800862d7f837862c-829875ad0a268b741b7edd818ffce098.png\" alt=\"FLORIAN OOD\" \/><\/p>\n<p>Le\u00edr\u00e1s<\/p>\n<p>White Beefsteak egzotikus fajta feh\u00e9r paradicsom, enyh\u00e9n h\u00fazott, Beef t\u00edpus\u00fa<\/p>\n<p>A n\u00f6v\u00e9ny er\u0151sen fejlett \u00e9s levelekkel j\u00f3l bor\u00edtott, \u00edgy v\u00e9di term\u00e9s\u00e9t a k\u00e1ros napsugarakt\u00f3l. A gy\u00fcm\u00f6lcs\u00f6k kr\u00e9mfeh\u00e9rek, h\u00fasosak, nagyon nagyok, s\u00falyuk el\u00e9rheti a 2 kg-ot. Teljesen \u00e9retten s\u00e1rga \u00e1rnyalat\u00fa, nagyon finom \u00e1llag\u00fa, nagyon term\u0151 fajta, kiv\u00e1l\u00f3 \u00edzvil\u00e1ggal. Ennek a fajt\u00e1nak az a tulajdons\u00e1ga, hogy a gy\u00fcm\u00f6lcs\u00f6k belsej\u00e9ben sok levet termel, kellemes \u00edz\u0171 Veget\u00e1ci\u00f3s peri\u00f3dus az \u00e1t\u00fcltet\u00e9s ut\u00e1n 80-85 nap.<\/p>\n<p>A csomag 0.2 grammot tartalmaz<\/p>\n","protected":false},"featured_media":23523,"comment_status":"closed","ping_status":"closed","template":"","meta":[],"product_brand":[],"product_cat":[381],"product_tag":[],"class_list":{"0":"post-19998","1":"product","2":"type-product","3":"status-publish","4":"has-post-thumbnail","6":"product_cat-paradicsom-vetomagok-bolgar-florian-vetomagok","8":"first","9":"outofstock","10":"taxable","11":"shipping-taxable","12":"purchasable","13":"product-type-simple"},"_links":{"self":[{"href":"https:\/\/chilimag.hu\/webshop\/wp-json\/wp\/v2\/product\/19998","targetHints":{"allow":["GET"]}}],"collection":[{"href":"https:\/\/chilimag.hu\/webshop\/wp-json\/wp\/v2\/product"}],"about":[{"href":"https:\/\/chilimag.hu\/webshop\/wp-json\/wp\/v2\/types\/product"}],"replies":[{"embeddable":true,"href":"https:\/\/chilimag.hu\/webshop\/wp-json\/wp\/v2\/comments?post=19998"}],"wp:featuredmedia":[{"embeddable":true,"href":"https:\/\/chilimag.hu\/webshop\/wp-json\/wp\/v2\/media\/23523"}],"wp:attachment":[{"href":"https:\/\/chilimag.hu\/webshop\/wp-json\/wp\/v2\/media?parent=19998"}],"wp:term":[{"taxonomy":"product_brand","embeddable":true,"href":"https:\/\/chilimag.hu\/webshop\/wp-json\/wp\/v2\/product_brand?post=19998"},{"taxonomy":"product_cat","embeddable":true,"href":"https:\/\/chilimag.hu\/webshop\/wp-json\/wp\/v2\/product_cat?post=19998"},{"taxonomy":"product_tag","embeddable":true,"href":"https:\/\/chilimag.hu\/webshop\/wp-json\/wp\/v2\/product_tag?post=19998"}],"curies":[{"name":"wp","href":"https:\/\/api.w.org\/{rel}","templated":true}]}}