{"id":19990,"date":"2023-01-21T15:54:25","date_gmt":"2023-01-21T15:54:25","guid":{"rendered":"https:\/\/chilimag.hu\/webshop\/?post_type=product&#038;p=19990"},"modified":"2026-03-12T16:03:56","modified_gmt":"2026-03-12T16:03:56","slug":"chocolate-paprika-paradicsom-profi-florian-bg","status":"publish","type":"product","link":"https:\/\/chilimag.hu\/webshop\/termek\/chocolate-paprika-paradicsom-profi-florian-bg\/","title":{"rendered":"Paradicsom Shokoladova chushka Profi Line Gold Florian Bg"},"content":{"rendered":"","protected":false},"excerpt":{"rendered":"<p><img decoding=\"async\" class=\"img-inline\" src=\"https:\/\/brcci.eu\/cache\/thumbnails\/12ecd0e6e419f1b9b1484ef02ad361979dd8e054\/1a6c5e1406ad462ca86d17b2800862d7f837862c-829875ad0a268b741b7edd818ffce098.png\" alt=\"FLORIAN OOD\" \/><\/p>\n<p>Le\u00edr\u00e1s<\/p>\n<p>Egy \u00faj bolg\u00e1r kora-k\u00f6z\u00e9p-kora \u00e9rett paradicsom-paprika fajta, vonz\u00f3 form\u00e1val \u00e9s egzotikus csokol\u00e1d\u00e9 sz\u00ednnel. A n\u00f6v\u00e9nyek hat\u00e1rozatlanok, laz\u00e1k, r\u00f6vid-k\u00f6z\u00e9phossz\u00fa intern\u00f3diumokkal. Az \u00e9rett gy\u00fcm\u00f6lcs\u00f6k s\u00f6t\u00e9tbarn\u00e1k, fels\u0151 r\u00e9sz\u00e9n s\u00f6t\u00e9tz\u00f6ld gy\u0171r\u0171vel, s\u00f6t\u00e9t cs\u00edkokkal, amelyek megegyeznek a gy\u0171r\u0171 z\u00f6ld sz\u00edn\u00e9vel. Gy\u00fcm\u00f6lcsei paprika alak\u00faak, orr\u00faak, kis nyel\u0171 maggal, gyenge bord\u00e1zattal, k\u00f6zepes m\u00e9ret\u0171ek, 160-250 g t\u00f6meg\u0171ek, kem\u00e9nyek, rendk\u00edv\u00fcl \u00edzletesek \u00e9s arom\u00e1sak. Alkalmas k\u00f6z\u00e9pkorai termeszt\u00e9sre ny\u00edlt ter\u00fcleteken \u00e9s polietil\u00e9n \u00fcvegh\u00e1zakban. A n\u00f6v\u00e9nyek termeszt\u00e9se &#8211; egysz\u00e1r\u00fa tart\u00f3szerkezeten. Friss fogyaszt\u00e1sra sz\u00e1nt.<\/p>\n<p>Vet\u00e9sid\u0151: \u00fcvegh\u00e1zakra \u2013 jan.-febr., szabadf\u00f6ldre \u2013 febr.-m\u00e1rci<br \/>\n\u00dcltet\u00e9si id\u0151szak: \u00fcvegh\u00e1zakba \u2013 m\u00e1rcius-\u00e1prilis, szabadban \u2013 \u00e1prilis 15-m\u00e1jus 15.<br \/>\n\u00dcltet\u00e9si s\u00e9ma: egysoros 80\/40 cm, k\u00e9tsoros 80\/55\/40 cm<br \/>\nVet\u00e9smennyis\u00e9g: 20-25 g\/ha; Magok grammonk\u00e9nt: 300-350 db.<\/p>\n<p>A csomag 30 szem magot tartalmaz<\/p>\n","protected":false},"featured_media":23465,"comment_status":"closed","ping_status":"closed","template":"","meta":[],"product_brand":[],"product_cat":[381],"product_tag":[],"class_list":{"0":"post-19990","1":"product","2":"type-product","3":"status-publish","4":"has-post-thumbnail","6":"product_cat-paradicsom-vetomagok-bolgar-florian-vetomagok","8":"first","9":"instock","10":"taxable","11":"shipping-taxable","12":"purchasable","13":"product-type-simple"},"_links":{"self":[{"href":"https:\/\/chilimag.hu\/webshop\/wp-json\/wp\/v2\/product\/19990","targetHints":{"allow":["GET"]}}],"collection":[{"href":"https:\/\/chilimag.hu\/webshop\/wp-json\/wp\/v2\/product"}],"about":[{"href":"https:\/\/chilimag.hu\/webshop\/wp-json\/wp\/v2\/types\/product"}],"replies":[{"embeddable":true,"href":"https:\/\/chilimag.hu\/webshop\/wp-json\/wp\/v2\/comments?post=19990"}],"wp:featuredmedia":[{"embeddable":true,"href":"https:\/\/chilimag.hu\/webshop\/wp-json\/wp\/v2\/media\/23465"}],"wp:attachment":[{"href":"https:\/\/chilimag.hu\/webshop\/wp-json\/wp\/v2\/media?parent=19990"}],"wp:term":[{"taxonomy":"product_brand","embeddable":true,"href":"https:\/\/chilimag.hu\/webshop\/wp-json\/wp\/v2\/product_brand?post=19990"},{"taxonomy":"product_cat","embeddable":true,"href":"https:\/\/chilimag.hu\/webshop\/wp-json\/wp\/v2\/product_cat?post=19990"},{"taxonomy":"product_tag","embeddable":true,"href":"https:\/\/chilimag.hu\/webshop\/wp-json\/wp\/v2\/product_tag?post=19990"}],"curies":[{"name":"wp","href":"https:\/\/api.w.org\/{rel}","templated":true}]}}