{"id":19988,"date":"2023-01-21T15:42:38","date_gmt":"2023-01-21T15:42:38","guid":{"rendered":"https:\/\/chilimag.hu\/webshop\/?post_type=product&#038;p=19988"},"modified":"2026-01-26T19:11:39","modified_gmt":"2026-01-26T19:11:39","slug":"tracey-f1-sargadinnye-profi-florian-bg","status":"publish","type":"product","link":"https:\/\/chilimag.hu\/webshop\/termek\/tracey-f1-sargadinnye-profi-florian-bg\/","title":{"rendered":"S\u00e1rgadinnye Tracey F1  Profy 1 Florian Bg"},"content":{"rendered":"","protected":false},"excerpt":{"rendered":"<p><img decoding=\"async\" class=\"img-inline\" src=\"https:\/\/brcci.eu\/cache\/thumbnails\/12ecd0e6e419f1b9b1484ef02ad361979dd8e054\/1a6c5e1406ad462ca86d17b2800862d7f837862c-829875ad0a268b741b7edd818ffce098.png\" alt=\"FLORIAN OOD\" \/><\/p>\n<p>Le\u00edr\u00e1s<\/p>\n<p>Nagyon term\u00e9keny Galia t\u00edpus\u00fa korai hibrid fajta. Gy\u00fcm\u00f6lcsei ov\u00e1lis ellipszoid alak\u00faak, 2,5-3 kg t\u00f6meg\u0171ek. A h\u00e9j erh\u00e1l\u00f3zattal rendelkezik, \u00e9s aranys\u00e1rga sz\u00edn\u0171. A p\u00e9p vil\u00e1gosz\u00f6ld, arom\u00e1s \u00e9s l\u00e9d\u00fas, kiv\u00e1l\u00f3 \u00edz\u0171. A hibrid ellen\u00e1ll \u00a0a fuz\u00e1ri hervad\u00e1snak, a lisztharmatnak. Nagyon hossz\u00fa eltarthat\u00f3s\u00e1gi idej\u00fck \u00e9s j\u00f3 sz\u00e1ll\u00edthat\u00f3s\u00e1guk van.<\/p>\n<p>Vet\u00e9sid\u0151: \u00fcvegh\u00e1zakban (pal\u00e1nt\u00e1nk\u00e9nt) &#8211; janu\u00e1r 25 &#8211; \u00e1prilis 25; szabadban- \u00e1prilis 10 &#8211; m\u00e1jus 10<\/p>\n<p>Vet\u00e9si m\u00e9lys\u00e9g &#8211; 2,5 &#8211; 5 cm<br \/>\nOv\u00e1lis-ellipszoid alak\u00fa<br \/>\nGy\u00fcm\u00f6lcs s\u00falya 2,5-3 kg<br \/>\nFusarium hervad\u00e1snak, lisztstressznek ellen\u00e1ll\u00f3<br \/>\nKorai \u00e9retts\u00e9g<br \/>\nA magvakb\u00f3l, pal\u00e1nt\u00e1kb\u00f3l t\u00f6rt\u00e9n\u0151 el\u0151\u00e1ll\u00edt\u00e1s fajt\u00e1i<br \/>\n\u00c1ttekint\u00e9s<br \/>\n20 db magot tartalmaz<br \/>\n\u00dcltet\u00e9s \u00fcvegh\u00e1zakba (pal\u00e1nt\u00e1kkal) &#8211; janu\u00e1r 25 &#8211; \u00e1prilis 25; szabadban (szabadban) &#8211; \u00e1prilis 10 &#8211; m\u00e1jus 10<br \/>\nA betakar\u00edt\u00e1s j\u00faliusban kezd\u0151dik<br \/>\nHibrid t\u00edpus<br \/>\nVeget\u00e1ci\u00f3ja 60-70 nap<\/p>\n<p>A csomag 20 szem magot tartalmaz<\/p>\n","protected":false},"featured_media":19989,"comment_status":"closed","ping_status":"closed","template":"","meta":[],"product_brand":[],"product_cat":[373],"product_tag":[],"class_list":{"0":"post-19988","1":"product","2":"type-product","3":"status-publish","4":"has-post-thumbnail","6":"product_cat-dinnye-es-tok-vetomagok-bolgar-florian-vetomagok","8":"first","9":"instock","10":"taxable","11":"shipping-taxable","12":"purchasable","13":"product-type-simple"},"_links":{"self":[{"href":"https:\/\/chilimag.hu\/webshop\/wp-json\/wp\/v2\/product\/19988","targetHints":{"allow":["GET"]}}],"collection":[{"href":"https:\/\/chilimag.hu\/webshop\/wp-json\/wp\/v2\/product"}],"about":[{"href":"https:\/\/chilimag.hu\/webshop\/wp-json\/wp\/v2\/types\/product"}],"replies":[{"embeddable":true,"href":"https:\/\/chilimag.hu\/webshop\/wp-json\/wp\/v2\/comments?post=19988"}],"wp:featuredmedia":[{"embeddable":true,"href":"https:\/\/chilimag.hu\/webshop\/wp-json\/wp\/v2\/media\/19989"}],"wp:attachment":[{"href":"https:\/\/chilimag.hu\/webshop\/wp-json\/wp\/v2\/media?parent=19988"}],"wp:term":[{"taxonomy":"product_brand","embeddable":true,"href":"https:\/\/chilimag.hu\/webshop\/wp-json\/wp\/v2\/product_brand?post=19988"},{"taxonomy":"product_cat","embeddable":true,"href":"https:\/\/chilimag.hu\/webshop\/wp-json\/wp\/v2\/product_cat?post=19988"},{"taxonomy":"product_tag","embeddable":true,"href":"https:\/\/chilimag.hu\/webshop\/wp-json\/wp\/v2\/product_tag?post=19988"}],"curies":[{"name":"wp","href":"https:\/\/api.w.org\/{rel}","templated":true}]}}