{"id":19984,"date":"2023-01-21T15:20:46","date_gmt":"2023-01-21T15:20:46","guid":{"rendered":"https:\/\/chilimag.hu\/webshop\/?post_type=product&#038;p=19984"},"modified":"2026-03-27T17:22:46","modified_gmt":"2026-03-27T17:22:46","slug":"atila-f1-sargadinnye-florian-profi-bg","status":"publish","type":"product","link":"https:\/\/chilimag.hu\/webshop\/termek\/atila-f1-sargadinnye-florian-profi-bg\/","title":{"rendered":"S\u00e1rgadinnye Atila F1 Profy Gold  Florian Bg"},"content":{"rendered":"","protected":false},"excerpt":{"rendered":"<p><img decoding=\"async\" class=\"img-inline\" src=\"https:\/\/brcci.eu\/cache\/thumbnails\/12ecd0e6e419f1b9b1484ef02ad361979dd8e054\/1a6c5e1406ad462ca86d17b2800862d7f837862c-829875ad0a268b741b7edd818ffce098.png\" alt=\"FLORIAN OOD\" \/><\/p>\n<p>Le\u00edr\u00e1s<\/p>\n<p>Atila F1 (25 mag) cikkelyezet bolg\u00e1r dinnye, f\u00e9l korai, ropog\u00f3s p\u00e9p, gy\u00fcm\u00f6lcs 3-4 kg, Florian<\/p>\n<p>Csomagol\u00e1s: kb. 25 mag (1 g)<\/p>\n<p>\u00c9DES, L\u00e9d\u00fas, AROMA<br \/>\nAtila F1 &#8211; Florian \u00faj bolg\u00e1r dinnye v\u00e1laszt\u00e9ka. Alkalmas tavaszi-ny\u00e1ri, ny\u00e1ri \u00e9s ny\u00e1ri-\u0151szi termeszt\u00e9sre. Nagyon j\u00f3 ellen\u00e1ll\u00e1s \u00e9s alkalmazkod\u00f3k\u00e9pess\u00e9g \u00e9s plaszticit\u00e1s v\u00e1ltoz\u00f3 \u00e9s kedvez\u0151tlen id\u0151j\u00e1r\u00e1si viszonyokhoz. A n\u00f6v\u00e9nyek er\u0151sek, \u00e9l\u00e9nkek, nagy s\u00f6t\u00e9tz\u00f6ld levelekkel \u00e9s hossz\u00fa k\u00f6z\u00e9pbord\u00e1kkal. Term\u00e9se k\u00f6zepes \u00e9s nagyon nagy, 4 kg-ig terjed\u0151, narancss\u00e1rga, megny\u00falt elliptikus, gyeng\u00e9n bord\u00e1zott, nem sz\u00e9lezett, finom h\u00e1l\u00f3val bor\u00edtott. A mag vil\u00e1gos narancss\u00e1rga, ropog\u00f3s, enyh\u00e9n szemcs\u00e9s \u00e1llag\u00fa, rendk\u00edv\u00fcl \u00e9des \u00e9s illatos. Nagyon j\u00f3 gy\u00e1rt\u00e1si megjelen\u00e9s, nagy tart\u00f3ss\u00e1g, nagy sz\u00e1ll\u00edthat\u00f3s\u00e1g, reped\u00e9smentes \u00e9s kiv\u00e1l\u00f3 \u00edz\u0171. Alkalmas polietil\u00e9n \u00fcvegh\u00e1zakban \u00e9s szabadban t\u00f6rt\u00e9n\u0151 termeszt\u00e9sre. Veget\u00e1ci\u00f3s id\u0151szak 80-85 nap.<\/p>\n","protected":false},"featured_media":19985,"comment_status":"closed","ping_status":"closed","template":"","meta":[],"product_brand":[],"product_cat":[373],"product_tag":[],"class_list":{"0":"post-19984","1":"product","2":"type-product","3":"status-publish","4":"has-post-thumbnail","6":"product_cat-dinnye-es-tok-vetomagok-bolgar-florian-vetomagok","8":"first","9":"instock","10":"taxable","11":"shipping-taxable","12":"purchasable","13":"product-type-simple"},"_links":{"self":[{"href":"https:\/\/chilimag.hu\/webshop\/wp-json\/wp\/v2\/product\/19984","targetHints":{"allow":["GET"]}}],"collection":[{"href":"https:\/\/chilimag.hu\/webshop\/wp-json\/wp\/v2\/product"}],"about":[{"href":"https:\/\/chilimag.hu\/webshop\/wp-json\/wp\/v2\/types\/product"}],"replies":[{"embeddable":true,"href":"https:\/\/chilimag.hu\/webshop\/wp-json\/wp\/v2\/comments?post=19984"}],"wp:featuredmedia":[{"embeddable":true,"href":"https:\/\/chilimag.hu\/webshop\/wp-json\/wp\/v2\/media\/19985"}],"wp:attachment":[{"href":"https:\/\/chilimag.hu\/webshop\/wp-json\/wp\/v2\/media?parent=19984"}],"wp:term":[{"taxonomy":"product_brand","embeddable":true,"href":"https:\/\/chilimag.hu\/webshop\/wp-json\/wp\/v2\/product_brand?post=19984"},{"taxonomy":"product_cat","embeddable":true,"href":"https:\/\/chilimag.hu\/webshop\/wp-json\/wp\/v2\/product_cat?post=19984"},{"taxonomy":"product_tag","embeddable":true,"href":"https:\/\/chilimag.hu\/webshop\/wp-json\/wp\/v2\/product_tag?post=19984"}],"curies":[{"name":"wp","href":"https:\/\/api.w.org\/{rel}","templated":true}]}}