{"id":19982,"date":"2023-01-21T15:15:23","date_gmt":"2023-01-21T15:15:23","guid":{"rendered":"https:\/\/chilimag.hu\/webshop\/?post_type=product&#038;p=19982"},"modified":"2026-05-10T05:44:53","modified_gmt":"2026-05-10T05:44:53","slug":"gizda-uborka-florian-profi-bg","status":"publish","type":"product","link":"https:\/\/chilimag.hu\/webshop\/termek\/gizda-uborka-florian-profi-bg\/","title":{"rendered":"Uborka Gizda  Florian Profy Gold Florian  Bg"},"content":{"rendered":"","protected":false},"excerpt":{"rendered":"<p><img decoding=\"async\" class=\"img-inline\" src=\"https:\/\/brcci.eu\/cache\/thumbnails\/12ecd0e6e419f1b9b1484ef02ad361979dd8e054\/1a6c5e1406ad462ca86d17b2800862d7f837862c-829875ad0a268b741b7edd818ffce098.png\" alt=\"FLORIAN OOD\" \/><\/p>\n<p>Le\u00edr\u00e1s<\/p>\n<p>hossz\u00fa uborka,k\u00fcl\u00f6nleges \u00edz\u0171, f\u00e9lkorai, Fl\u00f3ri\u00e1n<\/p>\n<p>F\u00e9lkorai, hossz\u00fa term\u00e9s\u0171 uborkafajta, amelyet a gy\u00fcm\u00f6lcs\u00f6k saj\u00e1tos form\u00e1ja \u00e9s sz\u00edne jellemez. A n\u00f6v\u00e9ny er\u0151s habitus\u00fa, k\u00f6zepesen hossz\u00fa intern\u00f3diumokkal \u00e9s k\u00f6zepesen z\u00f6ld levelekkel rendelkezik. A vir\u00e1gok t\u00f6bbnyire az oldal\u00e1gakon, ritk\u00e1bban a k\u00f6zponti sz\u00e1ron helyezkednek el. A gy\u00fcm\u00f6lcs\u00f6k hossz\u00fak\u00e1s henger alak\u00faak, nagyon bord\u00e1zottak, s\u00f6t\u00e9tz\u00f6ldek &#8211; 25-28 cm hossz\u00faak \u00e9s 250-300 g \u00e1tlagos t\u00f6meg\u0171ek, nagyon bord\u00e1zottak, t\u00f6visek, vil\u00e1gosz\u00f6ldt\u0151l kr\u00e9ms\u00e1rg\u00e1ig. Rendk\u00edv\u00fcl kellemes \u00edz\u0171ek, keser\u0171s\u00e9g n\u00e9lk\u00fcl, er\u0151s uborka\u00edz\u00fck, t\u00f6r\u00e9keny \u00e9s ropog\u00f3s \u00e1llaga van. A fajt\u00e1t csak szabadf\u00f6ldi termeszt\u00e9sre sz\u00e1nj\u00e1k az \u00e9v meleg h\u00f3napjaiban. Friss fogyaszt\u00e1sra alkalmas.<\/p>\n<p>&nbsp;<\/p>\n<p>Vet\u00e9si id\u0151szak: kora \u2013 febru\u00e1r 10. \u2013 m\u00e1rcius 15., k\u00e9s\u0151 \u2013 m\u00e1jus 20. \u2013 j\u00falius 10.<\/p>\n<p>\u00dcltet\u00e9si id\u0151szak: \u00e1prilis 10 &#8211; m\u00e1jus 5; j\u00falius 15-augusztus 10<\/p>\n<p>Vet\u00e9sm\u00e9lys\u00e9g: 1,5-2 cm<\/p>\n<p>A csomag 1 grammot tartalmaz<\/p>\n","protected":false},"featured_media":19983,"comment_status":"closed","ping_status":"closed","template":"","meta":[],"product_brand":[],"product_cat":[383],"product_tag":[],"class_list":{"0":"post-19982","1":"product","2":"type-product","3":"status-publish","4":"has-post-thumbnail","6":"product_cat-uborka-es-padlizsan-vetomagok","8":"first","9":"instock","10":"taxable","11":"shipping-taxable","12":"purchasable","13":"product-type-simple"},"_links":{"self":[{"href":"https:\/\/chilimag.hu\/webshop\/wp-json\/wp\/v2\/product\/19982","targetHints":{"allow":["GET"]}}],"collection":[{"href":"https:\/\/chilimag.hu\/webshop\/wp-json\/wp\/v2\/product"}],"about":[{"href":"https:\/\/chilimag.hu\/webshop\/wp-json\/wp\/v2\/types\/product"}],"replies":[{"embeddable":true,"href":"https:\/\/chilimag.hu\/webshop\/wp-json\/wp\/v2\/comments?post=19982"}],"wp:featuredmedia":[{"embeddable":true,"href":"https:\/\/chilimag.hu\/webshop\/wp-json\/wp\/v2\/media\/19983"}],"wp:attachment":[{"href":"https:\/\/chilimag.hu\/webshop\/wp-json\/wp\/v2\/media?parent=19982"}],"wp:term":[{"taxonomy":"product_brand","embeddable":true,"href":"https:\/\/chilimag.hu\/webshop\/wp-json\/wp\/v2\/product_brand?post=19982"},{"taxonomy":"product_cat","embeddable":true,"href":"https:\/\/chilimag.hu\/webshop\/wp-json\/wp\/v2\/product_cat?post=19982"},{"taxonomy":"product_tag","embeddable":true,"href":"https:\/\/chilimag.hu\/webshop\/wp-json\/wp\/v2\/product_tag?post=19982"}],"curies":[{"name":"wp","href":"https:\/\/api.w.org\/{rel}","templated":true}]}}