{"id":19980,"date":"2023-01-21T15:09:01","date_gmt":"2023-01-21T15:09:01","guid":{"rendered":"https:\/\/chilimag.hu\/webshop\/?post_type=product&#038;p=19980"},"modified":"2026-03-22T10:00:44","modified_gmt":"2026-03-22T10:00:44","slug":"white-wonder-uborka-florian-bg","status":"publish","type":"product","link":"https:\/\/chilimag.hu\/webshop\/termek\/white-wonder-uborka-florian-bg\/","title":{"rendered":"Uborka White Wonder  Florian Bg"},"content":{"rendered":"","protected":false},"excerpt":{"rendered":"<p><img decoding=\"async\" class=\"img-inline\" src=\"https:\/\/brcci.eu\/cache\/thumbnails\/12ecd0e6e419f1b9b1484ef02ad361979dd8e054\/1a6c5e1406ad462ca86d17b2800862d7f837862c-829875ad0a268b741b7edd818ffce098.png\" alt=\"FLORIAN OOD\" \/><\/p>\n<p>Le\u00edr\u00e1s<\/p>\n<p>F\u00e9lkorai uborkafajta k\u00f6zepes term\u0151k\u00e9pess\u00e9ggel \u00e9s nagyon vonz\u00f3 sz\u00ednnel. Term\u00e9se feh\u00e9rt\u0151l kr\u00e9mfeh\u00e9rig terjed, \u00e1tlagosan 18 cm hossz\u00fa. Nagyon ropog\u00f3s, friss fogyaszt\u00e1sra \u00e9s p\u00e1col\u00e1sra is alkalmas. A mag is feh\u00e9r, kiv\u00e1l\u00f3 \u00edz\u0171. A fajta m\u00e9g magas h\u0151m\u00e9rs\u00e9kleten is nagyon term\u0151. A veget\u00e1ci\u00f3s id\u0151szak 65 nap.<\/p>\n<p>Term\u00e9keny\u00edt\u00e9si id\u0151szak:<\/p>\n<p>&#8211; korai gy\u00e1rt\u00e1shoz janu\u00e1r 25-m\u00e1rcius 30<\/p>\n<p>&#8211; k\u00f6z\u00e9pkorai gy\u00e1rt\u00e1shoz \u00e1prilis 20-m\u00e1jus 20<\/p>\n<p>&#8211; k\u00e9s\u0151i gy\u00e1rt\u00e1shoz j\u00fanius 25-j\u00falius 5.<\/p>\n<p>M\u0171szaki adatok:<\/p>\n<p>M\u00e9lys\u00e9ge 3-4 cm<br \/>\nVet\u00e9s: janu\u00e1r 25 &#8211; m\u00e1rcius 30. \u00e1prilis 20 &#8211; m\u00e1jus 20. j\u00fanius 25 &#8211; j\u00falius 5.<br \/>\nVet\u0151mennyis\u00e9g 150-180 gramm\/1000 m\u00e9ter<br \/>\n\u00c1ltal\u00e1noss\u00e1gok:<\/p>\n<p>28-35 magot tartalmaz<br \/>\nS\u00falya 1 gramm<br \/>\nVeget\u00e1ci\u00f3 65 nap<\/p>\n<p>A csomag 1 grammot tartalmaz<\/p>\n","protected":false},"featured_media":23677,"comment_status":"closed","ping_status":"closed","template":"","meta":[],"product_brand":[],"product_cat":[383],"product_tag":[],"class_list":{"0":"post-19980","1":"product","2":"type-product","3":"status-publish","4":"has-post-thumbnail","6":"product_cat-uborka-es-padlizsan-vetomagok","8":"first","9":"instock","10":"taxable","11":"shipping-taxable","12":"purchasable","13":"product-type-simple"},"_links":{"self":[{"href":"https:\/\/chilimag.hu\/webshop\/wp-json\/wp\/v2\/product\/19980","targetHints":{"allow":["GET"]}}],"collection":[{"href":"https:\/\/chilimag.hu\/webshop\/wp-json\/wp\/v2\/product"}],"about":[{"href":"https:\/\/chilimag.hu\/webshop\/wp-json\/wp\/v2\/types\/product"}],"replies":[{"embeddable":true,"href":"https:\/\/chilimag.hu\/webshop\/wp-json\/wp\/v2\/comments?post=19980"}],"wp:featuredmedia":[{"embeddable":true,"href":"https:\/\/chilimag.hu\/webshop\/wp-json\/wp\/v2\/media\/23677"}],"wp:attachment":[{"href":"https:\/\/chilimag.hu\/webshop\/wp-json\/wp\/v2\/media?parent=19980"}],"wp:term":[{"taxonomy":"product_brand","embeddable":true,"href":"https:\/\/chilimag.hu\/webshop\/wp-json\/wp\/v2\/product_brand?post=19980"},{"taxonomy":"product_cat","embeddable":true,"href":"https:\/\/chilimag.hu\/webshop\/wp-json\/wp\/v2\/product_cat?post=19980"},{"taxonomy":"product_tag","embeddable":true,"href":"https:\/\/chilimag.hu\/webshop\/wp-json\/wp\/v2\/product_tag?post=19980"}],"curies":[{"name":"wp","href":"https:\/\/api.w.org\/{rel}","templated":true}]}}