{"id":19968,"date":"2023-01-21T14:34:34","date_gmt":"2023-01-21T14:34:34","guid":{"rendered":"https:\/\/chilimag.hu\/webshop\/?post_type=product&#038;p=19968"},"modified":"2026-03-29T19:29:11","modified_gmt":"2026-03-29T19:29:11","slug":"corazon-f1-paradicsom","status":"publish","type":"product","link":"https:\/\/chilimag.hu\/webshop\/termek\/corazon-f1-paradicsom\/","title":{"rendered":"Corazon F1 Paradicsom"},"content":{"rendered":"","protected":false},"excerpt":{"rendered":"<p><img decoding=\"async\" class=\"manufacturer-logo\" src=\"https:\/\/www.agropataki.hu\/img\/m\/8.jpg\" alt=\"Clause\" width=\"210\" height=\"50\" \/><\/p>\n<p>Le\u00edr\u00e1s:<\/p>\n<p>Corazon F1 hat\u00e1rozatlan gesztenye t\u00edpus\u00fa.<br \/>\nA Corazon F1 paradicsom nagy term\u00e9st hoz, dr\u00e1ga \u00e9s kiv\u00e1l\u00f3 \u00edz\u0171. A Corazon F1 paradicsom hibrid.<\/p>\n<p>A n\u00f6v\u00e9ny hat\u00e1rozatlan, er\u0151teljes n\u00f6veked\u00e9st mutat, 180-220 grammos csokronk\u00e9nt 5-7 term\u00e9ssel. Amikor teljesen \u00e9rett, a Corazon F1 paradicsom kiv\u00e1l\u00f3 sz\u00edn\u0171, szemcs\u00e9s v\u00f6r\u00f6s.<\/p>\n<p>A Corazon F1 paradicsom form\u00e1ja a klasszikus Inima de albenga \/ Inima de ox sz\u00edv t\u00edpus\u00fa paradicsom, nagyon k\u00f6lts\u00e9ges. A Clause szortiment egyik leg\u00e9desebb \u00e9s leg\u00edzletesebb paradicsoma. A termel\u00e9s magas, a Corazon k\u00e9pes j\u00f3l megk\u00f6t\u0151dni a teljes termeszt\u00e9si ciklusban (meghosszabb\u00edtott ciklusra alkalmas).<\/p>\n<p>A pal\u00e1ntatermeszt\u00e9ssel foglalkoz\u00f3 gazdas\u00e1gok eset\u00e9ben a Corazon F1-re a pal\u00e1nta \u00e1llapot\u00e1ban kiv\u00e1l\u00f3 min\u0151s\u00e9g\u0171 n\u00f6v\u00e9nyek jellemz\u0151ek.<\/p>\n<p>A csomag 10 szem magot tartalmaz.<\/p>\n","protected":false},"featured_media":19969,"comment_status":"closed","ping_status":"closed","template":"","meta":[],"product_brand":[],"product_cat":[10],"product_tag":[],"class_list":{"0":"post-19968","1":"product","2":"type-product","3":"status-publish","4":"has-post-thumbnail","6":"product_cat-paradicsom","8":"first","9":"instock","10":"taxable","11":"shipping-taxable","12":"purchasable","13":"product-type-simple"},"_links":{"self":[{"href":"https:\/\/chilimag.hu\/webshop\/wp-json\/wp\/v2\/product\/19968","targetHints":{"allow":["GET"]}}],"collection":[{"href":"https:\/\/chilimag.hu\/webshop\/wp-json\/wp\/v2\/product"}],"about":[{"href":"https:\/\/chilimag.hu\/webshop\/wp-json\/wp\/v2\/types\/product"}],"replies":[{"embeddable":true,"href":"https:\/\/chilimag.hu\/webshop\/wp-json\/wp\/v2\/comments?post=19968"}],"wp:featuredmedia":[{"embeddable":true,"href":"https:\/\/chilimag.hu\/webshop\/wp-json\/wp\/v2\/media\/19969"}],"wp:attachment":[{"href":"https:\/\/chilimag.hu\/webshop\/wp-json\/wp\/v2\/media?parent=19968"}],"wp:term":[{"taxonomy":"product_brand","embeddable":true,"href":"https:\/\/chilimag.hu\/webshop\/wp-json\/wp\/v2\/product_brand?post=19968"},{"taxonomy":"product_cat","embeddable":true,"href":"https:\/\/chilimag.hu\/webshop\/wp-json\/wp\/v2\/product_cat?post=19968"},{"taxonomy":"product_tag","embeddable":true,"href":"https:\/\/chilimag.hu\/webshop\/wp-json\/wp\/v2\/product_tag?post=19968"}],"curies":[{"name":"wp","href":"https:\/\/api.w.org\/{rel}","templated":true}]}}