{"id":19948,"date":"2023-01-20T18:42:39","date_gmt":"2023-01-20T18:42:39","guid":{"rendered":"https:\/\/chilimag.hu\/webshop\/?post_type=product&#038;p=19948"},"modified":"2026-03-06T12:31:43","modified_gmt":"2026-03-06T12:31:43","slug":"cosmic-purple-sargarepa-b-s","status":"publish","type":"product","link":"https:\/\/chilimag.hu\/webshop\/termek\/cosmic-purple-sargarepa-b-s\/","title":{"rendered":"S\u00e1rgar\u00e9pa Cosmic Purple B-S"},"content":{"rendered":"","protected":false},"excerpt":{"rendered":"<p><img decoding=\"async\" src=\"https:\/\/chilimag.hu\/webshop\/wp-content\/uploads\/2022\/10\/bobby-seeds-test-logo-150x150.png\" \/><\/p>\n<p>Term\u00e9kinform\u00e1ci\u00f3 &#8222;Cosmic Purple carrot&#8221;<\/p>\n<p>Lila s\u00e1rgar\u00e9pa k\u00fcl\u00f6nlegess\u00e9g<\/p>\n<p>A s\u00e1rgar\u00e9pa v\u00e1laszt\u00e9k\u00e1t gazdag\u00edtja ez a legfeljebb 20 cm hossz\u00fa, lila h\u00e9j\u00fa, \u00e9l\u00e9nk narancss\u00e1rga h\u00fas\u00fa s\u00e1rgar\u00e9pa. Nagyon finom nyersen \u00e9s f\u0151zve. A Cosmic Purple feszes, f\u00fcgg\u0151leges lombozattal rendelkezik, amely megk\u00f6nny\u00edti a betakar\u00edt\u00e1st. A s\u00e1rgar\u00e9pa j\u00f3l t\u00e1rolhat\u00f3 \u00e9s t\u00e9len is eltart.<\/p>\n<p>Daucus carota<br \/>\nA betakar\u00edt\u00e1s j\u00faliust\u00f3l okt\u00f3berig tart<br \/>\nA vet\u00e9s k\u00f6zvetlen\u00fcl a szabadban sorokban t\u00f6rt\u00e9nik m\u00e1rciust\u00f3l j\u00faniusig Vet\u00e9st\u00e1vols\u00e1g: sorvet\u00e9s, sorban 3-4 cm, sorok k\u00f6z\u00f6tt 30 cm, sz\u00fcks\u00e9g eset\u00e9n k\u00fcl\u00f6n<\/p>\n<p>A s\u00e1rgar\u00e9pa szereti a napos helyeket \u00e9s a k\u00f6nny\u0171, j\u00f3 v\u00edzelvezet\u00e9s\u0171, t\u00e1panyagban gazdag talajt.<\/p>\n<p>A csomag kb 500 szem magot tartalmaz<\/p>\n","protected":false},"featured_media":19949,"comment_status":"closed","ping_status":"closed","template":"","meta":[],"product_brand":[],"product_cat":[329],"product_tag":[],"class_list":{"0":"post-19948","1":"product","2":"type-product","3":"status-publish","4":"has-post-thumbnail","6":"product_cat-zoldseg-vetomagok-egyeb-es-kulonleges-vetomagok","8":"first","9":"instock","10":"taxable","11":"shipping-taxable","12":"purchasable","13":"product-type-simple"},"_links":{"self":[{"href":"https:\/\/chilimag.hu\/webshop\/wp-json\/wp\/v2\/product\/19948","targetHints":{"allow":["GET"]}}],"collection":[{"href":"https:\/\/chilimag.hu\/webshop\/wp-json\/wp\/v2\/product"}],"about":[{"href":"https:\/\/chilimag.hu\/webshop\/wp-json\/wp\/v2\/types\/product"}],"replies":[{"embeddable":true,"href":"https:\/\/chilimag.hu\/webshop\/wp-json\/wp\/v2\/comments?post=19948"}],"wp:featuredmedia":[{"embeddable":true,"href":"https:\/\/chilimag.hu\/webshop\/wp-json\/wp\/v2\/media\/19949"}],"wp:attachment":[{"href":"https:\/\/chilimag.hu\/webshop\/wp-json\/wp\/v2\/media?parent=19948"}],"wp:term":[{"taxonomy":"product_brand","embeddable":true,"href":"https:\/\/chilimag.hu\/webshop\/wp-json\/wp\/v2\/product_brand?post=19948"},{"taxonomy":"product_cat","embeddable":true,"href":"https:\/\/chilimag.hu\/webshop\/wp-json\/wp\/v2\/product_cat?post=19948"},{"taxonomy":"product_tag","embeddable":true,"href":"https:\/\/chilimag.hu\/webshop\/wp-json\/wp\/v2\/product_tag?post=19948"}],"curies":[{"name":"wp","href":"https:\/\/api.w.org\/{rel}","templated":true}]}}