{"id":19943,"date":"2023-01-20T18:35:12","date_gmt":"2023-01-20T18:35:12","guid":{"rendered":"https:\/\/chilimag.hu\/webshop\/?post_type=product&#038;p=19943"},"modified":"2025-08-17T15:48:33","modified_gmt":"2025-08-17T15:48:33","slug":"lila-lu-sargarepa-b-s","status":"publish","type":"product","link":"https:\/\/chilimag.hu\/webshop\/termek\/lila-lu-sargarepa-b-s\/","title":{"rendered":"S\u00e1rgar\u00e9pa Lila Lu  B-S"},"content":{"rendered":"","protected":false},"excerpt":{"rendered":"<p><img decoding=\"async\" src=\"https:\/\/chilimag.hu\/webshop\/wp-content\/uploads\/2022\/10\/bobby-seeds-test-logo-150x150.png\" \/><\/p>\n<p>Term\u00e9kinform\u00e1ci\u00f3 &#8222;Lila Lu, s\u00e1rgar\u00e9pa ORGANIC&#8221;<\/p>\n<p>\u00cdzletes lila s\u00e1rgar\u00e9pa \u00f6kol\u00f3giai termeszt\u00e9sb\u0151l<\/p>\n<p>Lila s\u00e1rgar\u00e9pa narancss\u00e1rga maggal, kellemesen \u00e9des \u00edzzel. K\u00f6zepes lombozat. Az ibolya sz\u00ednt a magas antocianin tartalom \u00e9ri el, ami eg\u00e9szs\u00e9gesnek sz\u00e1m\u00edt. Esetenk\u00e9nt narancss\u00e1rga s\u00e1rgar\u00e9pa form\u00e1zhat\u00f3. Bio k\u00f6r\u00fclm\u00e9nyek k\u00f6z\u00f6tt termesztett s\u00e1rgar\u00e9pa, amely nagyon j\u00f3l illeszkedik a h\u00e1zi kertbe. Nem t\u00fal kor\u00e1n 130 napos korban, j\u00fanius elej\u00e9re el kell vetni.<\/p>\n<p>Daucus carota<br \/>\nBetakar\u00edt\u00e1si id\u0151szak: 130-140 nappal a vet\u00e9s ut\u00e1n<br \/>\nVet\u00e9s id\u0151pontja: m\u00e1rcius-j\u00fanius<br \/>\nK\u00f6zvetlen\u00fcl szabadba vetni, vet\u00e9sm\u00e9lys\u00e9g 0,5 cm<\/p>\n<p>Sort\u00e1vols\u00e1g: 30-40 cm, sorban 2-4 cm<\/p>\n<p>V\u00e1lasszon szabad, szeles helyet, hogy t\u00e1vol tartsa a s\u00e1rgar\u00e9pa legyeket, vagy fedje le h\u00e1l\u00f3val, friss m\u0171tr\u00e1gya n\u00e9lk\u00fcl. Csak 6 \u00e9vente termesszen s\u00e1rgar\u00e9p\u00e1t ugyanazon a helyen. J\u00f3l terem kukoric\u00e1val, paradicsommal, hagym\u00e1val, sal\u00e1t\u00e1val \u00e9s burgony\u00e1val<\/p>\n<p>Kapcsol\u00f3d\u00f3 linkek a k\u00f6vetkez\u0151h\u00f6z: &#8222;Lila Lu, s\u00e1rgar\u00e9pa ORGANIC&#8221;<\/p>\n<p>A csomag kb 500 szemet tartalmaz<\/p>\n","protected":false},"featured_media":19944,"comment_status":"closed","ping_status":"closed","template":"","meta":[],"product_brand":[],"product_cat":[329],"product_tag":[],"class_list":{"0":"post-19943","1":"product","2":"type-product","3":"status-publish","4":"has-post-thumbnail","6":"product_cat-zoldseg-vetomagok-egyeb-es-kulonleges-vetomagok","8":"first","9":"outofstock","10":"taxable","11":"shipping-taxable","12":"purchasable","13":"product-type-simple"},"_links":{"self":[{"href":"https:\/\/chilimag.hu\/webshop\/wp-json\/wp\/v2\/product\/19943","targetHints":{"allow":["GET"]}}],"collection":[{"href":"https:\/\/chilimag.hu\/webshop\/wp-json\/wp\/v2\/product"}],"about":[{"href":"https:\/\/chilimag.hu\/webshop\/wp-json\/wp\/v2\/types\/product"}],"replies":[{"embeddable":true,"href":"https:\/\/chilimag.hu\/webshop\/wp-json\/wp\/v2\/comments?post=19943"}],"wp:featuredmedia":[{"embeddable":true,"href":"https:\/\/chilimag.hu\/webshop\/wp-json\/wp\/v2\/media\/19944"}],"wp:attachment":[{"href":"https:\/\/chilimag.hu\/webshop\/wp-json\/wp\/v2\/media?parent=19943"}],"wp:term":[{"taxonomy":"product_brand","embeddable":true,"href":"https:\/\/chilimag.hu\/webshop\/wp-json\/wp\/v2\/product_brand?post=19943"},{"taxonomy":"product_cat","embeddable":true,"href":"https:\/\/chilimag.hu\/webshop\/wp-json\/wp\/v2\/product_cat?post=19943"},{"taxonomy":"product_tag","embeddable":true,"href":"https:\/\/chilimag.hu\/webshop\/wp-json\/wp\/v2\/product_tag?post=19943"}],"curies":[{"name":"wp","href":"https:\/\/api.w.org\/{rel}","templated":true}]}}