{"id":19940,"date":"2023-01-20T18:31:54","date_gmt":"2023-01-20T18:31:54","guid":{"rendered":"https:\/\/chilimag.hu\/webshop\/?post_type=product&#038;p=19940"},"modified":"2026-02-13T10:38:27","modified_gmt":"2026-02-13T10:38:27","slug":"fungo-tok-b-s","status":"publish","type":"product","link":"https:\/\/chilimag.hu\/webshop\/termek\/fungo-tok-b-s\/","title":{"rendered":"Fungo T\u00f6k B-S"},"content":{"rendered":"","protected":false},"excerpt":{"rendered":"<p><img decoding=\"async\" src=\"https:\/\/chilimag.hu\/webshop\/wp-content\/uploads\/2022\/10\/bobby-seeds-test-logo-150x150.png\" \/><\/p>\n<p>Term\u00e9kinform\u00e1ci\u00f3 &#8222;Fungo&#8221;<\/p>\n<p>Nagyon egys\u00e9ges, k\u00f6zepes m\u00e9ret\u0171 turb\u00e1n v\u00e1laszt\u00e9k<\/p>\n<p>A Fungo egy nagyon egys\u00e9ges, k\u00f6zepes m\u00e9ret\u0171 v\u00e1logat\u00e1s a p\u00fcsp\u00f6ksapk\u00e1b\u00f3l. A gy\u00fcm\u00f6lcs\u00f6k \u00fagy \u00e1llnak, mint a gomba az erd\u0151ben, ha fejjel lefel\u00e9 ford\u00edtod \u0151ket. K\u00f6r\u00fclbel\u00fcl 1,5 kg s\u00faly\u00e1val \u00e9s 15 cm k\u00f6r\u00fcli \u00e1tm\u00e9r\u0151j\u00e9vel a Fungo j\u00f3 m\u00e9ret\u0171. A fajta magas hozam\u00fa, k\u00f6zepesen er\u0151s hajlam\u00fa. Nagyr\u00e9szt ismeretlen, hogy a p\u00fcsp\u00f6ki kalapok j\u00f3 h\u00fasmin\u0151s\u00e9g\u0171ek.<\/p>\n<p>Cucurbita maxima<br \/>\nAz \u00e9rlel\u00e9si id\u0151 k\u00f6r\u00fclbel\u00fcl 90 nap<br \/>\nA Fungo rendesen rangsorol<br \/>\nA fungo egy j\u00f3 t\u00f6k<br \/>\nA s\u00fct\u0151t\u00f6k j\u00f3l fejl\u0151dik meleg, j\u00f3 v\u00edzelvezet\u00e9s\u0171 talajban, el\u0151kult\u00far\u00e1ban \u00e9s \u00fcltet\u00e9sben \u00e1prilis v\u00e9gi vet\u00e9ssel vagy m\u00e1jus elej\u00e9t\u0151l k\u00f6zvetlen vet\u00e9ssel.<\/p>\n<p>Gomba eset\u00e9n n\u00f6v\u00e9nyenk\u00e9nt 2 n\u00e9gyzetm\u00e9tert aj\u00e1nlunk<\/p>\n<p>Lehets\u00e9ges k\u00e1rtev\u0151k: csig\u00e1k, madarak, egerek, tetvek, lisztharmat, v\u00edrus<\/p>\n<p>A csomag 10 szem magot tartalmaz<\/p>\n","protected":false},"featured_media":19941,"comment_status":"closed","ping_status":"closed","template":"","meta":[],"product_brand":[],"product_cat":[345],"product_tag":[],"class_list":{"0":"post-19940","1":"product","2":"type-product","3":"status-publish","4":"has-post-thumbnail","6":"product_cat-suto-fozo-es-disztokok","8":"first","9":"instock","10":"taxable","11":"shipping-taxable","12":"purchasable","13":"product-type-simple"},"_links":{"self":[{"href":"https:\/\/chilimag.hu\/webshop\/wp-json\/wp\/v2\/product\/19940","targetHints":{"allow":["GET"]}}],"collection":[{"href":"https:\/\/chilimag.hu\/webshop\/wp-json\/wp\/v2\/product"}],"about":[{"href":"https:\/\/chilimag.hu\/webshop\/wp-json\/wp\/v2\/types\/product"}],"replies":[{"embeddable":true,"href":"https:\/\/chilimag.hu\/webshop\/wp-json\/wp\/v2\/comments?post=19940"}],"wp:featuredmedia":[{"embeddable":true,"href":"https:\/\/chilimag.hu\/webshop\/wp-json\/wp\/v2\/media\/19941"}],"wp:attachment":[{"href":"https:\/\/chilimag.hu\/webshop\/wp-json\/wp\/v2\/media?parent=19940"}],"wp:term":[{"taxonomy":"product_brand","embeddable":true,"href":"https:\/\/chilimag.hu\/webshop\/wp-json\/wp\/v2\/product_brand?post=19940"},{"taxonomy":"product_cat","embeddable":true,"href":"https:\/\/chilimag.hu\/webshop\/wp-json\/wp\/v2\/product_cat?post=19940"},{"taxonomy":"product_tag","embeddable":true,"href":"https:\/\/chilimag.hu\/webshop\/wp-json\/wp\/v2\/product_tag?post=19940"}],"curies":[{"name":"wp","href":"https:\/\/api.w.org\/{rel}","templated":true}]}}