{"id":19931,"date":"2023-01-20T17:52:52","date_gmt":"2023-01-20T17:52:52","guid":{"rendered":"https:\/\/chilimag.hu\/webshop\/?post_type=product&#038;p=19931"},"modified":"2024-11-30T16:13:28","modified_gmt":"2024-11-30T16:13:28","slug":"flame-f1-tok-b-s","status":"publish","type":"product","link":"https:\/\/chilimag.hu\/webshop\/termek\/flame-f1-tok-b-s\/","title":{"rendered":"Flame F1 T\u00f6k B-S"},"content":{"rendered":"","protected":false},"excerpt":{"rendered":"<p><img decoding=\"async\" src=\"https:\/\/chilimag.hu\/webshop\/wp-content\/uploads\/2022\/10\/bobby-seeds-test-logo-150x150.png\" \/><\/p>\n<p>Term\u00e9kinform\u00e1ci\u00f3 &#8222;Flame F1 PMT&#8221;<\/p>\n<p>Dekorat\u00edv \u00e9s \u00edzletes kis t\u00f6k<\/p>\n<p>\u00daj k\u00e9tsz\u00edn\u0171 fajta, s\u00e1rga, cs\u00edkos s\u00f6t\u00e9tnarancs. Gy\u00fcm\u00f6lcsei kerekek, enyh\u00e9n bord\u00e1zottak, k\u00f6r\u00fclbel\u00fcl 8-10 cm \u00e1tm\u00e9r\u0151j\u0171ek. A Flame F1 r\u00f6vid ind\u00e1kkal rendelkezik, nagyon eg\u00e9szs\u00e9gesen n\u00f6vekszik \u00e9s ellen\u00e1ll a lisztharmatnak. A Flame F1 komoly term\u00e9st \u00edg\u00e9r. M\u00e1s f\u0151 fajt\u00e1khoz hasonl\u00edthat\u00f3, 90 napos \u00e9r\u00e9si id\u0151vel.<\/p>\n<p>Cucurbita pepo<br \/>\nAz \u00e9rlel\u00e9si id\u0151 k\u00f6r\u00fclbel\u00fcl 90 nap<br \/>\nA Flame F1 PMT m\u00e1sz\u00e1ssal n\u0151<br \/>\nA Flame F1 PMT egy squash<\/p>\n<p>A s\u00fct\u0151t\u00f6k j\u00f3l fejl\u0151dik meleg, j\u00f3 v\u00edzelvezet\u00e9s\u0171 talajban, el\u0151kult\u00far\u00e1ban \u00e9s \u00fcltet\u00e9sben \u00e1prilis v\u00e9gi vet\u00e9ssel vagy m\u00e1jus elej\u00e9t\u0151l k\u00f6zvetlen vet\u00e9ssel.<\/p>\n<p>A Flame F1 PMT-hez n\u00f6v\u00e9nyenk\u00e9nt 1-2 nm-t aj\u00e1nlunk<\/p>\n<p>Lehets\u00e9ges k\u00e1rtev\u0151k: csig\u00e1k, madarak, egerek, tetvek, lisztharmat, v\u00edrus<\/p>\n<p>A csomag 10 szem magot tartalmaz<\/p>\n","protected":false},"featured_media":19932,"comment_status":"closed","ping_status":"closed","template":"","meta":[],"product_brand":[],"product_cat":[345],"product_tag":[],"class_list":{"0":"post-19931","1":"product","2":"type-product","3":"status-publish","4":"has-post-thumbnail","6":"product_cat-suto-fozo-es-disztokok","8":"first","9":"instock","10":"sale","11":"taxable","12":"shipping-taxable","13":"purchasable","14":"product-type-simple"},"_links":{"self":[{"href":"https:\/\/chilimag.hu\/webshop\/wp-json\/wp\/v2\/product\/19931","targetHints":{"allow":["GET"]}}],"collection":[{"href":"https:\/\/chilimag.hu\/webshop\/wp-json\/wp\/v2\/product"}],"about":[{"href":"https:\/\/chilimag.hu\/webshop\/wp-json\/wp\/v2\/types\/product"}],"replies":[{"embeddable":true,"href":"https:\/\/chilimag.hu\/webshop\/wp-json\/wp\/v2\/comments?post=19931"}],"wp:featuredmedia":[{"embeddable":true,"href":"https:\/\/chilimag.hu\/webshop\/wp-json\/wp\/v2\/media\/19932"}],"wp:attachment":[{"href":"https:\/\/chilimag.hu\/webshop\/wp-json\/wp\/v2\/media?parent=19931"}],"wp:term":[{"taxonomy":"product_brand","embeddable":true,"href":"https:\/\/chilimag.hu\/webshop\/wp-json\/wp\/v2\/product_brand?post=19931"},{"taxonomy":"product_cat","embeddable":true,"href":"https:\/\/chilimag.hu\/webshop\/wp-json\/wp\/v2\/product_cat?post=19931"},{"taxonomy":"product_tag","embeddable":true,"href":"https:\/\/chilimag.hu\/webshop\/wp-json\/wp\/v2\/product_tag?post=19931"}],"curies":[{"name":"wp","href":"https:\/\/api.w.org\/{rel}","templated":true}]}}