{"id":19928,"date":"2023-01-20T17:50:18","date_gmt":"2023-01-20T17:50:18","guid":{"rendered":"https:\/\/chilimag.hu\/webshop\/?post_type=product&#038;p=19928"},"modified":"2026-04-07T23:28:25","modified_gmt":"2026-04-07T23:28:25","slug":"golden-midget-gorogdinnye-b-s","status":"publish","type":"product","link":"https:\/\/chilimag.hu\/webshop\/termek\/golden-midget-gorogdinnye-b-s\/","title":{"rendered":"G\u00f6r\u00f6gdinnye Golden Midget B-S"},"content":{"rendered":"","protected":false},"excerpt":{"rendered":"<p><img decoding=\"async\" src=\"https:\/\/chilimag.hu\/webshop\/wp-content\/uploads\/2022\/10\/bobby-seeds-test-logo-150x150.png\" \/><\/p>\n<p>&nbsp;<\/p>\n<p>Term\u00e9kinform\u00e1ci\u00f3 &#8222;Golden Midget Watermelon&#8221;<\/p>\n<p>Nagyon korai, kis s\u00e1rga h\u00e9j\u00fa g\u00f6r\u00f6gdinnye<\/p>\n<p>Ez az 1959-b\u0151l sz\u00e1rmaz\u00f3 amerikai fajta az egyik legkor\u00e1bbi g\u00f6r\u00f6gdinnye, s\u00e1rga h\u00e9j\u00fa term\u00e9se mind\u00f6ssze 1-1,5 kg nagys\u00e1g\u00fa, jellegzetes arom\u00e1j\u00fa v\u00f6r\u00f6s h\u00fas\u00fa, de valamivel kev\u00e9sb\u00e9 \u00e9des. A vet\u00e9s ut\u00e1n m\u00e1r 70-75 nappal kezd\u0151d\u0151 arat\u00e1ssal \u00e9s az \u00e9retts\u00e9get teljes m\u00e9rt\u00e9kben jelz\u0151 s\u00e1rga sz\u00edn\u00e9vel ez a kompakt t\u00f6rzs minden kertben hasznos lehet.<\/p>\n<p>Citrullus lanatus<br \/>\nA betakar\u00edt\u00e1s j\u00falius elej\u00e9t\u0151l meleg helyeken t\u00f6rt\u00e9nik<br \/>\nA s\u00e1rgadinnye m\u00e9rs\u00e9kelten m\u00e1szik, \u00e9s n\u00f6v\u00e9nyenk\u00e9nt k\u00f6r\u00fclbel\u00fcl 1-2 n\u00e9gyzetm\u00e9tert ig\u00e9nyel<br \/>\nEgy sz\u00e9p \u00e9s meleg ny\u00e1ron a p\u00e9p t\u00f6bb cukrot tartalmaz, mint egy hideg ny\u00e1ron<br \/>\nA legjobb eredm\u00e9nyt az \u00e1prilis elej\u00e9t\u0151l az \u00fcvegh\u00e1zban t\u00f6rt\u00e9n\u0151 vet\u00e9ssel j\u00e1r\u00f3 el\u0151kult\u00fara, majd az ut\u00f3lagos \u00fcltet\u00e9ssel hozza. A mez\u0151n a dinny\u00e9k \u00f6r\u00fclnek egy mulcsf\u00f3li\u00e1nak<\/p>\n<p>Belt\u00e9ri vet\u00e9s \u00e1prilis elej\u00e9t\u0151l 24-28 \u00b0C-on, k\u00f6zvetlen\u00fcl 1-2 maggal a kis cser\u00e9pben, ne tartsa t\u00fal nedvesen a cserepet, vagy m\u00e1jus k\u00f6zep\u00e9t\u0151l a szabadban, meleg helyen.<\/p>\n<p>Lehets\u00e9ges k\u00e1rtev\u0151k: tetvek, egerek, lisztharmat<\/p>\n<p>A csomag 10 szem magot tartalmaz<\/p>\n","protected":false},"featured_media":19929,"comment_status":"closed","ping_status":"closed","template":"","meta":[],"product_brand":[],"product_cat":[331],"product_tag":[],"class_list":{"0":"post-19928","1":"product","2":"type-product","3":"status-publish","4":"has-post-thumbnail","6":"product_cat-gyumolcs-vetomagok-egyeb-es-kulonleges-vetomagok","8":"first","9":"instock","10":"taxable","11":"shipping-taxable","12":"purchasable","13":"product-type-simple"},"_links":{"self":[{"href":"https:\/\/chilimag.hu\/webshop\/wp-json\/wp\/v2\/product\/19928","targetHints":{"allow":["GET"]}}],"collection":[{"href":"https:\/\/chilimag.hu\/webshop\/wp-json\/wp\/v2\/product"}],"about":[{"href":"https:\/\/chilimag.hu\/webshop\/wp-json\/wp\/v2\/types\/product"}],"replies":[{"embeddable":true,"href":"https:\/\/chilimag.hu\/webshop\/wp-json\/wp\/v2\/comments?post=19928"}],"wp:featuredmedia":[{"embeddable":true,"href":"https:\/\/chilimag.hu\/webshop\/wp-json\/wp\/v2\/media\/19929"}],"wp:attachment":[{"href":"https:\/\/chilimag.hu\/webshop\/wp-json\/wp\/v2\/media?parent=19928"}],"wp:term":[{"taxonomy":"product_brand","embeddable":true,"href":"https:\/\/chilimag.hu\/webshop\/wp-json\/wp\/v2\/product_brand?post=19928"},{"taxonomy":"product_cat","embeddable":true,"href":"https:\/\/chilimag.hu\/webshop\/wp-json\/wp\/v2\/product_cat?post=19928"},{"taxonomy":"product_tag","embeddable":true,"href":"https:\/\/chilimag.hu\/webshop\/wp-json\/wp\/v2\/product_tag?post=19928"}],"curies":[{"name":"wp","href":"https:\/\/api.w.org\/{rel}","templated":true}]}}