{"id":19923,"date":"2023-01-20T17:44:23","date_gmt":"2023-01-20T17:44:23","guid":{"rendered":"https:\/\/chilimag.hu\/webshop\/?post_type=product&#038;p=19923"},"modified":"2024-09-22T17:51:27","modified_gmt":"2024-09-22T17:51:27","slug":"casper-tok-b-s","status":"publish","type":"product","link":"https:\/\/chilimag.hu\/webshop\/termek\/casper-tok-b-s\/","title":{"rendered":"Casper T\u00f6k B-S"},"content":{"rendered":"","protected":false},"excerpt":{"rendered":"<p><img decoding=\"async\" src=\"https:\/\/chilimag.hu\/webshop\/wp-content\/uploads\/2022\/10\/bobby-seeds-test-logo-150x150.png\" \/><\/p>\n<p>Term\u00e9kinform\u00e1ci\u00f3 &#8222;Casper&#8221;<\/p>\n<p>Gy\u00f6ny\u00f6r\u0171 feh\u00e9r Halloween t\u00f6k<\/p>\n<p>A Casper k\u00f6r\u00fclbel\u00fcl 15-20 cm \u00e1tm\u00e9r\u0151j\u0171 gy\u00fcm\u00f6lcs\u00f6t terem. A Lumi\u00e1hoz k\u00e9pest p\u00e9ld\u00e1ul leny\u0171g\u00f6znek sz\u00e9ps\u00e9g\u00fckkel \u00e9s rendk\u00edv\u00fcl szimmetrikus kerek form\u00e1jukkal. A feh\u00e9rt\u0151l a vil\u00e1gossz\u00fcrk\u00e9ig terjed\u0151 gy\u00fcm\u00f6lcs\u00f6k amellett, hogy d\u00edsz\u00edt\u00e9sre \u00e9s farag\u00e1sra is haszn\u00e1lhat\u00f3k, kiv\u00e1l\u00f3ak a konyh\u00e1ba.<\/p>\n<p>maxim\u00e1lis<br \/>\n\u00c9rlel\u00e9si id\u0151: 95 nap<br \/>\nA rangsorol\u00e1si viselked\u00e9s m\u00e9rs\u00e9kelt<br \/>\nA C. maxima \u00e1ltal\u00e1ban robusztus \u00e9s kiv\u00e1l\u00f3 t\u00f6k<br \/>\nEz a fajta j\u00f3l fejl\u0151dik meleg, j\u00f3 v\u00edzelvezet\u00e9s\u0171 talajban, el\u0151m\u0171vel\u00e9ssel \u00e9s \u00fcltet\u00e9ssel \u00e1prilis v\u00e9g\u00e9t\u0151l vagy k\u00f6zvetlen vet\u00e9ssel m\u00e1jus elej\u00e9t\u0151l.<\/p>\n<p>A s\u00fct\u0151t\u00f6k \u00fcltet\u00e9si t\u00e1vols\u00e1ga a m\u00e1sz\u00e1si viselked\u00e9st\u0151l f\u00fcgg<\/p>\n<p>Lehets\u00e9ges k\u00e1rtev\u0151k: csig\u00e1k, madarak, egerek, tetvek, lisztharmat, v\u00edrus<\/p>\n<p>A csomag 10 szem magot tartalmaz<\/p>\n","protected":false},"featured_media":19924,"comment_status":"closed","ping_status":"closed","template":"","meta":[],"product_brand":[],"product_cat":[345],"product_tag":[],"class_list":{"0":"post-19923","1":"product","2":"type-product","3":"status-publish","4":"has-post-thumbnail","6":"product_cat-suto-fozo-es-disztokok","8":"first","9":"instock","10":"taxable","11":"shipping-taxable","12":"purchasable","13":"product-type-simple"},"_links":{"self":[{"href":"https:\/\/chilimag.hu\/webshop\/wp-json\/wp\/v2\/product\/19923","targetHints":{"allow":["GET"]}}],"collection":[{"href":"https:\/\/chilimag.hu\/webshop\/wp-json\/wp\/v2\/product"}],"about":[{"href":"https:\/\/chilimag.hu\/webshop\/wp-json\/wp\/v2\/types\/product"}],"replies":[{"embeddable":true,"href":"https:\/\/chilimag.hu\/webshop\/wp-json\/wp\/v2\/comments?post=19923"}],"wp:featuredmedia":[{"embeddable":true,"href":"https:\/\/chilimag.hu\/webshop\/wp-json\/wp\/v2\/media\/19924"}],"wp:attachment":[{"href":"https:\/\/chilimag.hu\/webshop\/wp-json\/wp\/v2\/media?parent=19923"}],"wp:term":[{"taxonomy":"product_brand","embeddable":true,"href":"https:\/\/chilimag.hu\/webshop\/wp-json\/wp\/v2\/product_brand?post=19923"},{"taxonomy":"product_cat","embeddable":true,"href":"https:\/\/chilimag.hu\/webshop\/wp-json\/wp\/v2\/product_cat?post=19923"},{"taxonomy":"product_tag","embeddable":true,"href":"https:\/\/chilimag.hu\/webshop\/wp-json\/wp\/v2\/product_tag?post=19923"}],"curies":[{"name":"wp","href":"https:\/\/api.w.org\/{rel}","templated":true}]}}