{"id":19921,"date":"2023-01-20T17:30:01","date_gmt":"2023-01-20T17:30:01","guid":{"rendered":"https:\/\/chilimag.hu\/webshop\/?post_type=product&#038;p=19921"},"modified":"2026-03-31T12:29:13","modified_gmt":"2026-03-31T12:29:13","slug":"canestrino-di-lucca-paradicsom-b-s","status":"publish","type":"product","link":"https:\/\/chilimag.hu\/webshop\/termek\/canestrino-di-lucca-paradicsom-b-s\/","title":{"rendered":"Canestrino di Lucca Paradicsom B-S"},"content":{"rendered":"","protected":false},"excerpt":{"rendered":"<p><img decoding=\"async\" src=\"https:\/\/chilimag.hu\/webshop\/wp-content\/uploads\/2022\/10\/bobby-seeds-test-logo-150x150.png\" \/><\/p>\n<p>Term\u00e9kinform\u00e1ci\u00f3 &#8222;Tomato Canestrino di Lucca&#8221;<\/p>\n<p>Toszk\u00e1na paradicsomk\u00fcl\u00f6nlegess\u00e9ge<\/p>\n<p>Toszk\u00e1n k\u00fcl\u00f6nlegess\u00e9g ez a k\u00f6rte alak\u00fa paradicsom, k\u00fcl\u00f6n\u00e1ll\u00f3 bord\u00e1kkal \u00e9s z\u00f6ld lapokkal. A gy\u00fcm\u00f6lcs\u00f6k nagyon j\u00f3 \u00edz\u0171ek, kev\u00e9s savval \u00e9s sok \u00e9dess\u00e9ggel. Ezt a t\u00f6bb mint 100 \u00e9ve Toszk\u00e1n\u00e1ban termesztett fajta val\u00f3sz\u00edn\u0171leg eredetileg Mexik\u00f3b\u00f3l sz\u00e1rmazik. A gy\u00fcm\u00f6lcs\u00f6k k\u00fcl\u00f6n\u00f6sen alkalmasak sal\u00e1t\u00e1khoz, de sz\u00f3szokhoz is. M\u00e9g z\u00f6ld lapockkal betakar\u00edtj\u00e1k, hat\u00e1rozatlanul n\u0151.<\/p>\n<p>Solanum lycopersicum<br \/>\nA betakar\u00edt\u00e1s j\u00faliust\u00f3l szeptemberig tart<br \/>\nVet\u00e9s 20-25 \u00b0C-on febru\u00e1rt\u00f3l \u00e1prilisig, majd el\u0151teny\u00e9szt\u00e9s<\/p>\n<p>Paradicsom tipp:<br \/>\nSoha ne \u00f6nt\u00f6zz\u00fck a n\u00f6v\u00e9nyeket csaphideg v\u00edzzel, a v\u00edznek legal\u00e1bb szobah\u0151m\u00e9rs\u00e9klet\u0171nek kell lennie. Mindig \u00fcgyeljen arra, hogy a levelek sz\u00e1razak legyenek, hogy cs\u00f6kkentse a paradicsom rothad\u00e1s\u00e1nak es\u00e9ly\u00e9t.<\/p>\n<p>A csomag 10 szem magot tartalmaz<\/p>\n","protected":false},"featured_media":19922,"comment_status":"closed","ping_status":"closed","template":"","meta":[],"product_brand":[],"product_cat":[10],"product_tag":[],"class_list":{"0":"post-19921","1":"product","2":"type-product","3":"status-publish","4":"has-post-thumbnail","6":"product_cat-paradicsom","8":"first","9":"instock","10":"taxable","11":"shipping-taxable","12":"purchasable","13":"product-type-simple"},"_links":{"self":[{"href":"https:\/\/chilimag.hu\/webshop\/wp-json\/wp\/v2\/product\/19921","targetHints":{"allow":["GET"]}}],"collection":[{"href":"https:\/\/chilimag.hu\/webshop\/wp-json\/wp\/v2\/product"}],"about":[{"href":"https:\/\/chilimag.hu\/webshop\/wp-json\/wp\/v2\/types\/product"}],"replies":[{"embeddable":true,"href":"https:\/\/chilimag.hu\/webshop\/wp-json\/wp\/v2\/comments?post=19921"}],"wp:featuredmedia":[{"embeddable":true,"href":"https:\/\/chilimag.hu\/webshop\/wp-json\/wp\/v2\/media\/19922"}],"wp:attachment":[{"href":"https:\/\/chilimag.hu\/webshop\/wp-json\/wp\/v2\/media?parent=19921"}],"wp:term":[{"taxonomy":"product_brand","embeddable":true,"href":"https:\/\/chilimag.hu\/webshop\/wp-json\/wp\/v2\/product_brand?post=19921"},{"taxonomy":"product_cat","embeddable":true,"href":"https:\/\/chilimag.hu\/webshop\/wp-json\/wp\/v2\/product_cat?post=19921"},{"taxonomy":"product_tag","embeddable":true,"href":"https:\/\/chilimag.hu\/webshop\/wp-json\/wp\/v2\/product_tag?post=19921"}],"curies":[{"name":"wp","href":"https:\/\/api.w.org\/{rel}","templated":true}]}}