{"id":19919,"date":"2023-01-20T17:27:17","date_gmt":"2023-01-20T17:27:17","guid":{"rendered":"https:\/\/chilimag.hu\/webshop\/?post_type=product&#038;p=19919"},"modified":"2026-02-25T09:37:34","modified_gmt":"2026-02-25T09:37:34","slug":"figiel-paradicsom-b-s","status":"publish","type":"product","link":"https:\/\/chilimag.hu\/webshop\/termek\/figiel-paradicsom-b-s\/","title":{"rendered":"Figiel Paradicsom B-S"},"content":{"rendered":"","protected":false},"excerpt":{"rendered":"<p><img decoding=\"async\" src=\"https:\/\/chilimag.hu\/webshop\/wp-content\/uploads\/2022\/10\/bobby-seeds-test-logo-150x150.png\" \/><\/p>\n<p>Term\u00e9kinform\u00e1ci\u00f3 &#8222;Tomato Figiel&#8221;<\/p>\n<p>Gy\u00f6ny\u00f6r\u0171 sz\u00edn\u0171, \u00edzletes kokt\u00e9lparadicsom narancss\u00e1rga gy\u00fcm\u00f6lcs\u00f6kkel, k\u00f6r\u00fclbel\u00fcl 25 gramm s\u00faly\u00fa. Sz\u0151l\u0151paradicsom, amelyet al\u00e1 kell t\u00e1masztani. A paradicsom f\u00fcrt\u00f6kben \u00e9rik. Ez a fajta k\u00fclt\u00e9ri haszn\u00e1latra kiv\u00e1l\u00f3an alkalmas, erk\u00e9lyeken \u00e9s teraszokon nagy m\u00e9ret\u0171 kont\u00e9nerekben is vir\u00e1gzik<\/p>\n<p>Solanum lycopersicum<br \/>\nN\u00f6v\u00e9nymagass\u00e1g: kb. 180 cm<br \/>\nA betakar\u00edt\u00e1s j\u00faliust\u00f3l folyamatosan t\u00f6rt\u00e9nik<br \/>\nVet\u00e9s 20-25 \u00b0C-on febru\u00e1rt\u00f3l \u00e1prilisig, majd el\u0151teny\u00e9szt\u00e9s<br \/>\nParadicsom tipp:<br \/>\nSoha ne \u00f6nt\u00f6zz\u00fck a n\u00f6v\u00e9nyeket csaphideg v\u00edzzel, a v\u00edznek legal\u00e1bb szobah\u0151m\u00e9rs\u00e9klet\u0171nek kell lennie.<\/p>\n<p>A csomag 10 szem magot tartalmaz<\/p>\n","protected":false},"featured_media":19920,"comment_status":"closed","ping_status":"closed","template":"","meta":[],"product_brand":[],"product_cat":[10],"product_tag":[],"class_list":{"0":"post-19919","1":"product","2":"type-product","3":"status-publish","4":"has-post-thumbnail","6":"product_cat-paradicsom","8":"first","9":"instock","10":"taxable","11":"shipping-taxable","12":"purchasable","13":"product-type-simple"},"_links":{"self":[{"href":"https:\/\/chilimag.hu\/webshop\/wp-json\/wp\/v2\/product\/19919","targetHints":{"allow":["GET"]}}],"collection":[{"href":"https:\/\/chilimag.hu\/webshop\/wp-json\/wp\/v2\/product"}],"about":[{"href":"https:\/\/chilimag.hu\/webshop\/wp-json\/wp\/v2\/types\/product"}],"replies":[{"embeddable":true,"href":"https:\/\/chilimag.hu\/webshop\/wp-json\/wp\/v2\/comments?post=19919"}],"wp:featuredmedia":[{"embeddable":true,"href":"https:\/\/chilimag.hu\/webshop\/wp-json\/wp\/v2\/media\/19920"}],"wp:attachment":[{"href":"https:\/\/chilimag.hu\/webshop\/wp-json\/wp\/v2\/media?parent=19919"}],"wp:term":[{"taxonomy":"product_brand","embeddable":true,"href":"https:\/\/chilimag.hu\/webshop\/wp-json\/wp\/v2\/product_brand?post=19919"},{"taxonomy":"product_cat","embeddable":true,"href":"https:\/\/chilimag.hu\/webshop\/wp-json\/wp\/v2\/product_cat?post=19919"},{"taxonomy":"product_tag","embeddable":true,"href":"https:\/\/chilimag.hu\/webshop\/wp-json\/wp\/v2\/product_tag?post=19919"}],"curies":[{"name":"wp","href":"https:\/\/api.w.org\/{rel}","templated":true}]}}