{"id":19916,"date":"2023-01-20T16:52:17","date_gmt":"2023-01-20T16:52:17","guid":{"rendered":"https:\/\/chilimag.hu\/webshop\/?post_type=product&#038;p=19916"},"modified":"2026-03-31T13:37:24","modified_gmt":"2026-03-31T13:37:24","slug":"rosella-paradicsom-b-s","status":"publish","type":"product","link":"https:\/\/chilimag.hu\/webshop\/termek\/rosella-paradicsom-b-s\/","title":{"rendered":"Rosella Paradicsom B-S"},"content":{"rendered":"","protected":false},"excerpt":{"rendered":"<p><img decoding=\"async\" src=\"https:\/\/chilimag.hu\/webshop\/wp-content\/uploads\/2022\/10\/bobby-seeds-test-logo-150x150.png\" \/><\/p>\n<p>&nbsp;<\/p>\n<p>Term\u00e9kinform\u00e1ci\u00f3 &#8222;Tomato Rosella&#8221;<\/p>\n<p>B\u00edbor r\u00f3zsasz\u00edn kokt\u00e9lparadicsom &#8211; gourmet paradicsom<\/p>\n<p>Igazi gourmet paradicsom, magas cukortartalom, kiegyens\u00falyozott sav \u00e9s gy\u00fcm\u00f6lcs\u00f6s \u00edz teszi \u00e9lm\u00e9nny\u00e9 ezt a kokt\u00e9lparadicsomot. A lila sz\u00edn\u0171, z\u00f6ldes h\u00e1t\u00fa gy\u00fcm\u00f6lcs\u00f6k b\u0151ven teremnek. Az angol fajta, a Sweet Aperitif \u00e9s a Black Opal mellett a Rosella az elm\u00falt \u00e9v egyik legjobb \u00faj\u00edt\u00e1sa. A Rosella teljesen alkalmas k\u00fclt\u00e9ri haszn\u00e1latra.<\/p>\n<p>Lycopersicon lycopersicum<br \/>\nA betakar\u00edt\u00e1s a kult\u00far\u00e1t\u00f3l f\u00fcgg\u0151en j\u00faliusban kezd\u0151dik<br \/>\nVet\u00e9s 20-25 \u00b0C-on, majd el\u0151teny\u00e9szt\u00e9s febru\u00e1rt\u00f3l \u00e1prilisig<\/p>\n<p>Paradicsom tipp:<br \/>\nSoha ne \u00f6nt\u00f6zz\u00fck a n\u00f6v\u00e9nyeket csaphideg v\u00edzzel, a v\u00edznek legal\u00e1bb szobah\u0151m\u00e9rs\u00e9klet\u0171nek kell lennie. Mindig \u00fcgyeljen arra, hogy a levelek sz\u00e1razak legyenek, hogy cs\u00f6kkentse a paradicsom rothad\u00e1s\u00e1nak es\u00e9ly\u00e9t.<\/p>\n<p>A csomag 10 szem magot tartalmaz.<\/p>\n","protected":false},"featured_media":19917,"comment_status":"closed","ping_status":"closed","template":"","meta":[],"product_brand":[],"product_cat":[10],"product_tag":[],"class_list":{"0":"post-19916","1":"product","2":"type-product","3":"status-publish","4":"has-post-thumbnail","6":"product_cat-paradicsom","8":"first","9":"instock","10":"taxable","11":"shipping-taxable","12":"purchasable","13":"product-type-simple"},"_links":{"self":[{"href":"https:\/\/chilimag.hu\/webshop\/wp-json\/wp\/v2\/product\/19916","targetHints":{"allow":["GET"]}}],"collection":[{"href":"https:\/\/chilimag.hu\/webshop\/wp-json\/wp\/v2\/product"}],"about":[{"href":"https:\/\/chilimag.hu\/webshop\/wp-json\/wp\/v2\/types\/product"}],"replies":[{"embeddable":true,"href":"https:\/\/chilimag.hu\/webshop\/wp-json\/wp\/v2\/comments?post=19916"}],"wp:featuredmedia":[{"embeddable":true,"href":"https:\/\/chilimag.hu\/webshop\/wp-json\/wp\/v2\/media\/19917"}],"wp:attachment":[{"href":"https:\/\/chilimag.hu\/webshop\/wp-json\/wp\/v2\/media?parent=19916"}],"wp:term":[{"taxonomy":"product_brand","embeddable":true,"href":"https:\/\/chilimag.hu\/webshop\/wp-json\/wp\/v2\/product_brand?post=19916"},{"taxonomy":"product_cat","embeddable":true,"href":"https:\/\/chilimag.hu\/webshop\/wp-json\/wp\/v2\/product_cat?post=19916"},{"taxonomy":"product_tag","embeddable":true,"href":"https:\/\/chilimag.hu\/webshop\/wp-json\/wp\/v2\/product_tag?post=19916"}],"curies":[{"name":"wp","href":"https:\/\/api.w.org\/{rel}","templated":true}]}}