{"id":19914,"date":"2023-01-20T16:49:39","date_gmt":"2023-01-20T16:49:39","guid":{"rendered":"https:\/\/chilimag.hu\/webshop\/?post_type=product&#038;p=19914"},"modified":"2026-03-23T17:50:36","modified_gmt":"2026-03-23T17:50:36","slug":"mini-paradicsom-b-s","status":"publish","type":"product","link":"https:\/\/chilimag.hu\/webshop\/termek\/mini-paradicsom-b-s\/","title":{"rendered":"Mini Paradicsom B-S"},"content":{"rendered":"","protected":false},"excerpt":{"rendered":"<p><img decoding=\"async\" src=\"https:\/\/chilimag.hu\/webshop\/wp-content\/uploads\/2022\/10\/bobby-seeds-test-logo-150x150.png\" \/><\/p>\n<p>Term\u00e9kinform\u00e1ci\u00f3 &#8222;Tomato Mini&#8221;<\/p>\n<p>Reped\u00e9s\u00e1ll\u00f3 kokt\u00e9lparadicsom igazi \u00edzzel<\/p>\n<p>A Mini minden tekintetben meggy\u0151z\u0151 t\u00f6rzs. a k\u00f6r\u00fclbel\u00fcl 15 grammos apr\u00f3 term\u00e9sek nagyszer\u0171 megjelen\u00e9s\u0171ek \u00e9s kiemelked\u0151 \u00edz\u0171ek. Egy\u00e9nileg vagy f\u00fcrtben is betakar\u00edthat\u00f3ak. Mivel a term\u00e9sek nagyon ellen\u00e1ll\u00f3ak a reped\u00e9ssel szemben, \u00e9s a n\u00f6v\u00e9nyek pr\u00f3batermeszt\u00e9sben j\u00f3l ellen\u00e1lltak a barna rothad\u00e1snak, a Mini ide\u00e1lis szabadf\u00f6ldi termeszt\u00e9sre.<\/p>\n<p>Solanum lycopersicum<br \/>\nA betakar\u00edt\u00e1s j\u00falius v\u00e9g\u00e9t\u0151l szeptemberig tart<br \/>\nVet\u00e9s 20-25 \u00b0C-on febru\u00e1rt\u00f3l \u00e1prilisig, majd el\u0151teny\u00e9szt\u00e9s<\/p>\n<p>Paradicsom tipp:<br \/>\nSoha ne \u00f6nt\u00f6zz\u00fck a n\u00f6v\u00e9nyeket csaphideg v\u00edzzel, a v\u00edznek legal\u00e1bb szobah\u0151m\u00e9rs\u00e9klet\u0171nek kell lennie. Mindig \u00fcgyeljen arra, hogy a levelek sz\u00e1razak legyenek, hogy cs\u00f6kkentse a paradicsom rothad\u00e1s\u00e1nak es\u00e9ly\u00e9t.<\/p>\n<p>A csomag 10 szem magot tartalmaz.<\/p>\n","protected":false},"featured_media":19915,"comment_status":"closed","ping_status":"closed","template":"","meta":[],"product_brand":[],"product_cat":[10],"product_tag":[],"class_list":{"0":"post-19914","1":"product","2":"type-product","3":"status-publish","4":"has-post-thumbnail","6":"product_cat-paradicsom","8":"first","9":"instock","10":"taxable","11":"shipping-taxable","12":"purchasable","13":"product-type-simple"},"_links":{"self":[{"href":"https:\/\/chilimag.hu\/webshop\/wp-json\/wp\/v2\/product\/19914","targetHints":{"allow":["GET"]}}],"collection":[{"href":"https:\/\/chilimag.hu\/webshop\/wp-json\/wp\/v2\/product"}],"about":[{"href":"https:\/\/chilimag.hu\/webshop\/wp-json\/wp\/v2\/types\/product"}],"replies":[{"embeddable":true,"href":"https:\/\/chilimag.hu\/webshop\/wp-json\/wp\/v2\/comments?post=19914"}],"wp:featuredmedia":[{"embeddable":true,"href":"https:\/\/chilimag.hu\/webshop\/wp-json\/wp\/v2\/media\/19915"}],"wp:attachment":[{"href":"https:\/\/chilimag.hu\/webshop\/wp-json\/wp\/v2\/media?parent=19914"}],"wp:term":[{"taxonomy":"product_brand","embeddable":true,"href":"https:\/\/chilimag.hu\/webshop\/wp-json\/wp\/v2\/product_brand?post=19914"},{"taxonomy":"product_cat","embeddable":true,"href":"https:\/\/chilimag.hu\/webshop\/wp-json\/wp\/v2\/product_cat?post=19914"},{"taxonomy":"product_tag","embeddable":true,"href":"https:\/\/chilimag.hu\/webshop\/wp-json\/wp\/v2\/product_tag?post=19914"}],"curies":[{"name":"wp","href":"https:\/\/api.w.org\/{rel}","templated":true}]}}