{"id":19907,"date":"2023-01-20T16:39:38","date_gmt":"2023-01-20T16:39:38","guid":{"rendered":"https:\/\/chilimag.hu\/webshop\/?post_type=product&#038;p=19907"},"modified":"2025-08-11T13:54:12","modified_gmt":"2025-08-11T13:54:12","slug":"raisin-vert-bio-paradicsom-b-s","status":"publish","type":"product","link":"https:\/\/chilimag.hu\/webshop\/termek\/raisin-vert-bio-paradicsom-b-s\/","title":{"rendered":"Raisin Vert Bio Paradicsom B-S"},"content":{"rendered":"","protected":false},"excerpt":{"rendered":"<p><img decoding=\"async\" src=\"https:\/\/chilimag.hu\/webshop\/wp-content\/uploads\/2022\/10\/bobby-seeds-test-logo-150x150.png\" \/><\/p>\n<p>Term\u00e9kinform\u00e1ci\u00f3 &#8222;Tomato Raisin Vert BIO&#8221;<\/p>\n<p>Z\u00f6ld kokt\u00e9lparadicsom remek \u00edzzel<\/p>\n<p>A kev\u00e9s z\u00f6ld kokt\u00e9lparadicsom egyike, amelyet az amerikai Tom Wagner nemes\u00edtett, aki t\u00f6bbek k\u00f6z\u00f6tt a Green Zebra fajt\u00e1t is bemutatta. K\u00f6z\u00e9pk\u00e9s\u0151i fajta, v\u00e9dett \u00e9s szabadf\u00f6ldi termeszt\u00e9sre egyar\u00e1nt alkalmas. A cseresznye m\u00e9ret\u0171, mazsola alak\u00fa gy\u00fcm\u00f6lcs\u00f6k t\u00fal\u00e9retten z\u00f6ldb\u0151l s\u00e1rg\u00e1v\u00e1 v\u00e1lnak, \u00e9s akkor \u00edze a legjobb, amikor s\u00e1rgulni kezdenek.<\/p>\n<p>Solanum lycopersicum<br \/>\nA betakar\u00edt\u00e1s j\u00faliust\u00f3l szeptemberig tart<br \/>\nVet\u00e9s 20-25 \u00b0C-on febru\u00e1rt\u00f3l \u00e1prilisig, majd el\u0151teny\u00e9szt\u00e9s<\/p>\n<p>A csomag 10 szem magot tartalmaz<\/p>\n","protected":false},"featured_media":19908,"comment_status":"closed","ping_status":"closed","template":"","meta":[],"product_brand":[],"product_cat":[10],"product_tag":[],"class_list":{"0":"post-19907","1":"product","2":"type-product","3":"status-publish","4":"has-post-thumbnail","6":"product_cat-paradicsom","8":"first","9":"instock","10":"taxable","11":"shipping-taxable","12":"purchasable","13":"product-type-simple"},"_links":{"self":[{"href":"https:\/\/chilimag.hu\/webshop\/wp-json\/wp\/v2\/product\/19907","targetHints":{"allow":["GET"]}}],"collection":[{"href":"https:\/\/chilimag.hu\/webshop\/wp-json\/wp\/v2\/product"}],"about":[{"href":"https:\/\/chilimag.hu\/webshop\/wp-json\/wp\/v2\/types\/product"}],"replies":[{"embeddable":true,"href":"https:\/\/chilimag.hu\/webshop\/wp-json\/wp\/v2\/comments?post=19907"}],"wp:featuredmedia":[{"embeddable":true,"href":"https:\/\/chilimag.hu\/webshop\/wp-json\/wp\/v2\/media\/19908"}],"wp:attachment":[{"href":"https:\/\/chilimag.hu\/webshop\/wp-json\/wp\/v2\/media?parent=19907"}],"wp:term":[{"taxonomy":"product_brand","embeddable":true,"href":"https:\/\/chilimag.hu\/webshop\/wp-json\/wp\/v2\/product_brand?post=19907"},{"taxonomy":"product_cat","embeddable":true,"href":"https:\/\/chilimag.hu\/webshop\/wp-json\/wp\/v2\/product_cat?post=19907"},{"taxonomy":"product_tag","embeddable":true,"href":"https:\/\/chilimag.hu\/webshop\/wp-json\/wp\/v2\/product_tag?post=19907"}],"curies":[{"name":"wp","href":"https:\/\/api.w.org\/{rel}","templated":true}]}}