{"id":19885,"date":"2023-01-19T17:28:29","date_gmt":"2023-01-19T17:28:29","guid":{"rendered":"https:\/\/chilimag.hu\/webshop\/?post_type=product&#038;p=19885"},"modified":"2026-02-08T18:42:46","modified_gmt":"2026-02-08T18:42:46","slug":"armand-f1-paprika-capsico","status":"publish","type":"product","link":"https:\/\/chilimag.hu\/webshop\/termek\/armand-f1-paprika-capsico\/","title":{"rendered":"Paprika Armand F1  Capsico"},"content":{"rendered":"","protected":false},"excerpt":{"rendered":"<p><img decoding=\"async\" class=\"sFlh5c FyHeAf iPVvYb\" src=\"https:\/\/c.cdnmp.net\/592978066\/brands\/1000108_logo.png\" alt=\"Capsico - Seminte1\" width=\"148\" height=\"83\" \/><\/p>\n<p><strong>Le\u00edr\u00e1s<\/strong><\/p>\n<p>&nbsp;<\/p>\n<p class=\"p1\">S\u00f6t\u00e9tz\u00f6ldb\u0151l m\u00e9ly pirosba \u00e9r\u0151 kaliforniai t\u00edpus. Nagy test\u0171 fajta, legnagyobb term\u00e9sei a 300 grammot is meghaladhatj\u00e1k, term\u00e9sei f\u00e9nyesek, egy\u00f6ntet\u0171ek \u00e9s nagyon mutat\u00f3sak. Gyorsan \u00e9s egyenletesen sz\u00ednez\u0151dik, term\u00e9sei kem\u00e9nyek \u00e9s sok\u00e1ig pulton tarthat\u00f3ak, hosszabb sz\u00e1ll\u00edt\u00e1sra is alkalmasak. Robusztus, er\u0151s sz\u00e1rrendszere \u00e9s gy\u00f6kere van, kordonos rendszerben \u00e9s szabadf\u00f6ld\u00f6n is sikerrel termeszthet\u0151.<\/p>\n<p class=\"p1\">A csomag 100 szem magot tartalmaz.<\/p>\n","protected":false},"featured_media":19886,"comment_status":"closed","ping_status":"closed","template":"","meta":[],"product_brand":[],"product_cat":[319],"product_tag":[],"class_list":{"0":"post-19885","1":"product","2":"type-product","3":"status-publish","4":"has-post-thumbnail","6":"product_cat-capsico-vetomagok","8":"first","9":"instock","10":"taxable","11":"shipping-taxable","12":"purchasable","13":"product-type-simple"},"_links":{"self":[{"href":"https:\/\/chilimag.hu\/webshop\/wp-json\/wp\/v2\/product\/19885","targetHints":{"allow":["GET"]}}],"collection":[{"href":"https:\/\/chilimag.hu\/webshop\/wp-json\/wp\/v2\/product"}],"about":[{"href":"https:\/\/chilimag.hu\/webshop\/wp-json\/wp\/v2\/types\/product"}],"replies":[{"embeddable":true,"href":"https:\/\/chilimag.hu\/webshop\/wp-json\/wp\/v2\/comments?post=19885"}],"wp:featuredmedia":[{"embeddable":true,"href":"https:\/\/chilimag.hu\/webshop\/wp-json\/wp\/v2\/media\/19886"}],"wp:attachment":[{"href":"https:\/\/chilimag.hu\/webshop\/wp-json\/wp\/v2\/media?parent=19885"}],"wp:term":[{"taxonomy":"product_brand","embeddable":true,"href":"https:\/\/chilimag.hu\/webshop\/wp-json\/wp\/v2\/product_brand?post=19885"},{"taxonomy":"product_cat","embeddable":true,"href":"https:\/\/chilimag.hu\/webshop\/wp-json\/wp\/v2\/product_cat?post=19885"},{"taxonomy":"product_tag","embeddable":true,"href":"https:\/\/chilimag.hu\/webshop\/wp-json\/wp\/v2\/product_tag?post=19885"}],"curies":[{"name":"wp","href":"https:\/\/api.w.org\/{rel}","templated":true}]}}