{"id":19883,"date":"2023-01-19T17:26:50","date_gmt":"2023-01-19T17:26:50","guid":{"rendered":"https:\/\/chilimag.hu\/webshop\/?post_type=product&#038;p=19883"},"modified":"2026-02-12T06:51:58","modified_gmt":"2026-02-12T06:51:58","slug":"delicado-f1-paprika-capsico","status":"publish","type":"product","link":"https:\/\/chilimag.hu\/webshop\/termek\/delicado-f1-paprika-capsico\/","title":{"rendered":"Paprika Delicado F1  Capsico"},"content":{"rendered":"","protected":false},"excerpt":{"rendered":"<p><img decoding=\"async\" class=\"sFlh5c FyHeAf iPVvYb\" src=\"https:\/\/c.cdnmp.net\/592978066\/brands\/1000108_logo.png\" alt=\"Capsico - Seminte1\" width=\"148\" height=\"83\" \/><\/p>\n<p><strong>Le\u00edr\u00e1s<\/strong><\/p>\n<p class=\"p1\">Tm:0-2 \u00e9s TSWV rezisztens, magas cukortartalommal rendelkez\u0151 Dulce Italiano, bocskort\u00edpus\u00fa k\u00fcl\u00f6nlegess\u00e9g. Kateg\u00f3ri\u00e1j\u00e1ban az egyik legkor\u00e1bbi fajta,mely gyorsan \u00e9s egy\u00f6ntet\u0171en fordul \u00e1t s\u00f6t\u00e9tz\u00f6ldb\u0151l f\u00e9nyes pirosba. Term\u00e9sei roppan\u00f3sak, zamatosak,<\/p>\n<p class=\"p1\">pirosan is sok\u00e1ig megtartj\u00e1k kem\u00e9nys\u00e9g\u00fcket. Er\u0151s n\u00f6veked\u00e9s\u0171, daraboss\u00e1g\u00e1t, term\u00e9sm\u00e9ret\u00e9t a termeszt\u00e9s sor\u00e1n v\u00e9gig megtartja. Els\u0151sorban k\u00e9t vagy h\u00e1rom sz\u00e1lra metszve javasoljuk termeszteni.<\/p>\n<p>A csomag 100 szem magot tartalmaz<\/p>\n","protected":false},"featured_media":19884,"comment_status":"closed","ping_status":"closed","template":"","meta":[],"product_brand":[],"product_cat":[319],"product_tag":[],"class_list":{"0":"post-19883","1":"product","2":"type-product","3":"status-publish","4":"has-post-thumbnail","6":"product_cat-capsico-vetomagok","8":"first","9":"outofstock","10":"taxable","11":"shipping-taxable","12":"purchasable","13":"product-type-simple"},"_links":{"self":[{"href":"https:\/\/chilimag.hu\/webshop\/wp-json\/wp\/v2\/product\/19883","targetHints":{"allow":["GET"]}}],"collection":[{"href":"https:\/\/chilimag.hu\/webshop\/wp-json\/wp\/v2\/product"}],"about":[{"href":"https:\/\/chilimag.hu\/webshop\/wp-json\/wp\/v2\/types\/product"}],"replies":[{"embeddable":true,"href":"https:\/\/chilimag.hu\/webshop\/wp-json\/wp\/v2\/comments?post=19883"}],"wp:featuredmedia":[{"embeddable":true,"href":"https:\/\/chilimag.hu\/webshop\/wp-json\/wp\/v2\/media\/19884"}],"wp:attachment":[{"href":"https:\/\/chilimag.hu\/webshop\/wp-json\/wp\/v2\/media?parent=19883"}],"wp:term":[{"taxonomy":"product_brand","embeddable":true,"href":"https:\/\/chilimag.hu\/webshop\/wp-json\/wp\/v2\/product_brand?post=19883"},{"taxonomy":"product_cat","embeddable":true,"href":"https:\/\/chilimag.hu\/webshop\/wp-json\/wp\/v2\/product_cat?post=19883"},{"taxonomy":"product_tag","embeddable":true,"href":"https:\/\/chilimag.hu\/webshop\/wp-json\/wp\/v2\/product_tag?post=19883"}],"curies":[{"name":"wp","href":"https:\/\/api.w.org\/{rel}","templated":true}]}}