{"id":19870,"date":"2023-01-18T20:36:02","date_gmt":"2023-01-18T20:36:02","guid":{"rendered":"https:\/\/chilimag.hu\/webshop\/?post_type=product&#038;p=19870"},"modified":"2026-03-23T09:33:40","modified_gmt":"2026-03-23T09:33:40","slug":"szojabab-h-ht","status":"publish","type":"product","link":"https:\/\/chilimag.hu\/webshop\/termek\/szojabab-h-ht\/","title":{"rendered":"Sz\u00f3jabab Edamame Green Shell Ht H"},"content":{"rendered":"","protected":false},"excerpt":{"rendered":"<p><img decoding=\"async\" class=\"img-responsive\" title=\"Horti Tops\" src=\"https:\/\/tuinplus.nl\/Documents\/Images\/Banners\/Horti_Tops_Roll_Over.jpg\" alt=\"Horti Tops\" \/><\/p>\n<p>Botanikai N\u00e9v:<span id=\"column_2_uc_product_details_ctl04_lbl_ff_desc2\" class=\"value\">Glycine max<\/span><\/p>\n<p><span id=\"column_2_uc_product_details_ctl04_lbl_ff_desc2\" class=\"value\">Sz\u00f3jabab &#8211; Edamame Green Shell<br \/>\nM\u00e1jus-j\u00faniusban vess\u00fck el belt\u00e9rben vagy \u00fcvegh\u00e1zban 20\u00b0C-on, \u00e9s \u00fcltess\u00fck ki, miut\u00e1n a n\u00f6v\u00e9nyek m\u00e1r kell\u0151en magasak. Vagy m\u00e1jus k\u00f6zep\u00e9t\u0151l k\u00f6zvetlen\u00fcl ny\u00edlt terepen. A Green Shell term\u00e9keny \u00e9s korai fajta. Nagyon j\u00f3l illik az Edamame babhoz, amely egy n\u00e9pszer\u0171 jap\u00e1n snack.<\/span><\/p>\n<p>&nbsp;<\/p>\n","protected":false},"featured_media":19871,"comment_status":"closed","ping_status":"closed","template":"","meta":[],"product_brand":[],"product_cat":[438],"product_tag":[],"class_list":{"0":"post-19870","1":"product","2":"type-product","3":"status-publish","4":"has-post-thumbnail","6":"product_cat-horti-tops","8":"first","9":"instock","10":"taxable","11":"shipping-taxable","12":"purchasable","13":"product-type-simple"},"_links":{"self":[{"href":"https:\/\/chilimag.hu\/webshop\/wp-json\/wp\/v2\/product\/19870","targetHints":{"allow":["GET"]}}],"collection":[{"href":"https:\/\/chilimag.hu\/webshop\/wp-json\/wp\/v2\/product"}],"about":[{"href":"https:\/\/chilimag.hu\/webshop\/wp-json\/wp\/v2\/types\/product"}],"replies":[{"embeddable":true,"href":"https:\/\/chilimag.hu\/webshop\/wp-json\/wp\/v2\/comments?post=19870"}],"wp:featuredmedia":[{"embeddable":true,"href":"https:\/\/chilimag.hu\/webshop\/wp-json\/wp\/v2\/media\/19871"}],"wp:attachment":[{"href":"https:\/\/chilimag.hu\/webshop\/wp-json\/wp\/v2\/media?parent=19870"}],"wp:term":[{"taxonomy":"product_brand","embeddable":true,"href":"https:\/\/chilimag.hu\/webshop\/wp-json\/wp\/v2\/product_brand?post=19870"},{"taxonomy":"product_cat","embeddable":true,"href":"https:\/\/chilimag.hu\/webshop\/wp-json\/wp\/v2\/product_cat?post=19870"},{"taxonomy":"product_tag","embeddable":true,"href":"https:\/\/chilimag.hu\/webshop\/wp-json\/wp\/v2\/product_tag?post=19870"}],"curies":[{"name":"wp","href":"https:\/\/api.w.org\/{rel}","templated":true}]}}