{"id":19868,"date":"2023-01-18T20:33:01","date_gmt":"2023-01-18T20:33:01","guid":{"rendered":"https:\/\/chilimag.hu\/webshop\/?post_type=product&#038;p=19868"},"modified":"2026-03-09T16:34:26","modified_gmt":"2026-03-09T16:34:26","slug":"eperspenot-h-ht","status":"publish","type":"product","link":"https:\/\/chilimag.hu\/webshop\/termek\/eperspenot-h-ht\/","title":{"rendered":"Eperspen\u00f3t (Eperpar\u00e9j) H Ht"},"content":{"rendered":"","protected":false},"excerpt":{"rendered":"<p><img decoding=\"async\" class=\"img-responsive\" title=\"Horti Tops\" src=\"https:\/\/tuinplus.nl\/Documents\/Images\/Banners\/Horti_Tops_Roll_Over.jpg\" alt=\"Horti Tops\" \/><\/p>\n<p>Botanikai n\u00e9v:<br \/>\nChenopodium capitatu<\/p>\n<p>Epres spen\u00f3t<br \/>\nVet\u00e9s k\u00e9s\u0151 tavaszt\u00f3l ny\u00e1r elej\u00e9ig, szabadf\u00f6ldi mag\u00e1gyba. Kiss\u00e9 v\u00e9kony\u00edtsuk el. A fiatal levelek ehet\u0151k, \u00e9s k\u00f6r\u00fclbel\u00fcl 10\/12 h\u00e9t m\u00falva betakar\u00edthat\u00f3k. \u0150sszel kis vir\u00e1gok jelennek meg, \u00e9l\u00e9nkv\u00f6r\u00f6sek \u00e9s ehet\u0151ek, eperhez hasonl\u00edtanak, de kev\u00e9sb\u00e9 \u00edzletesek. Nagyon sz\u00e9p a t\u00e1ny\u00e9rok d\u00edsz\u00edt\u00e9se. A fiatal levelek a spen\u00f3thoz hasonl\u00f3an f\u0151zhet\u0151k, vagy frissen sal\u00e1t\u00e1khoz is felhaszn\u00e1lhat\u00f3k.<\/p>\n<p>&nbsp;<\/p>\n","protected":false},"featured_media":19869,"comment_status":"closed","ping_status":"closed","template":"","meta":[],"product_brand":[],"product_cat":[438,329],"product_tag":[],"class_list":{"0":"post-19868","1":"product","2":"type-product","3":"status-publish","4":"has-post-thumbnail","6":"product_cat-horti-tops","7":"product_cat-zoldseg-vetomagok-egyeb-es-kulonleges-vetomagok","9":"first","10":"instock","11":"taxable","12":"shipping-taxable","13":"purchasable","14":"product-type-simple"},"_links":{"self":[{"href":"https:\/\/chilimag.hu\/webshop\/wp-json\/wp\/v2\/product\/19868","targetHints":{"allow":["GET"]}}],"collection":[{"href":"https:\/\/chilimag.hu\/webshop\/wp-json\/wp\/v2\/product"}],"about":[{"href":"https:\/\/chilimag.hu\/webshop\/wp-json\/wp\/v2\/types\/product"}],"replies":[{"embeddable":true,"href":"https:\/\/chilimag.hu\/webshop\/wp-json\/wp\/v2\/comments?post=19868"}],"wp:featuredmedia":[{"embeddable":true,"href":"https:\/\/chilimag.hu\/webshop\/wp-json\/wp\/v2\/media\/19869"}],"wp:attachment":[{"href":"https:\/\/chilimag.hu\/webshop\/wp-json\/wp\/v2\/media?parent=19868"}],"wp:term":[{"taxonomy":"product_brand","embeddable":true,"href":"https:\/\/chilimag.hu\/webshop\/wp-json\/wp\/v2\/product_brand?post=19868"},{"taxonomy":"product_cat","embeddable":true,"href":"https:\/\/chilimag.hu\/webshop\/wp-json\/wp\/v2\/product_cat?post=19868"},{"taxonomy":"product_tag","embeddable":true,"href":"https:\/\/chilimag.hu\/webshop\/wp-json\/wp\/v2\/product_tag?post=19868"}],"curies":[{"name":"wp","href":"https:\/\/api.w.org\/{rel}","templated":true}]}}