{"id":19861,"date":"2023-01-18T20:13:22","date_gmt":"2023-01-18T20:13:22","guid":{"rendered":"https:\/\/chilimag.hu\/webshop\/?post_type=product&#038;p=19861"},"modified":"2026-02-16T12:39:53","modified_gmt":"2026-02-16T12:39:53","slug":"uj-zelandi-spenot-warrigal-greens-h-ht","status":"publish","type":"product","link":"https:\/\/chilimag.hu\/webshop\/termek\/uj-zelandi-spenot-warrigal-greens-h-ht\/","title":{"rendered":"Jeges krist\u00e1lyvir\u00e1g (Ice plant)\u00e9tkez\u00e9sre  Ht H"},"content":{"rendered":"","protected":false},"excerpt":{"rendered":"<p><img decoding=\"async\" class=\"img-responsive\" title=\"Horti Tops\" src=\"https:\/\/tuinplus.nl\/Documents\/Images\/Banners\/Horti_Tops_Roll_Over.jpg\" alt=\"Horti Tops\" \/><\/p>\n<p>Botanikai n\u00e9v:\u00a0<span id=\"column_2_uc_product_details_ctl04_lbl_ff_desc2\" class=\"value\">Mesembryanthemum crystallinum<\/span><\/p>\n<p><span id=\"column_2_uc_product_details_ctl04_lbl_ff_desc2\" class=\"value\">Vets\u00fck szapor\u00edt\u00f3g\u00e9pbe kora tavasszal vagy szabadban \u00e1prilist\u00f3l j\u00faniusig a<br \/>\nmag\u00e1gy. H\u00edg\u00edtsuk \u00e9s \u00fcltess\u00fck \u00e1t \u00e1lland\u00f3 helyzetbe. H\u00fasos n\u00f6v\u00e9ny<br \/>\nlevelekkel \u00e9s enyhe friss\u00edt\u0151 \u00edzzel, ropog\u00f3s-l\u00e9d\u00fas text\u00far\u00e1val.A j\u00e9gn\u00f6v\u00e9ny az Aizoaceae csal\u00e1dj\u00e1ba tartozik, D\u00e9l-Afrika homokos, sz\u00e1raz tengerparti vid\u00e9keir\u0151l sz\u00e1rmazik, ez\u00e9rt szereti a sz\u00e1raz, napos helyeket, \u00e9s j\u00f3l t\u0171ri a s\u00f3s talajt is. K\u00f6nnyen termeszthet\u0151, ny\u00e1r v\u00e9g\u00e9n gy\u00f6ny\u00f6r\u0171 r\u00f3zsasz\u00edn-feh\u00e9r vir\u00e1gai vannak.<br \/>\nNemcsak dekorat\u00edv n\u00f6v\u00e9nyk\u00e9nt \u00e9rdekes, hanem a sal\u00e1t\u00e1k k\u00f6z\u00f6tt is abszol\u00fat ritkas\u00e1g. Az enyh\u00e9n s\u00f3s leveleket j\u00e9gkrist\u00e1lyok bor\u00edtj\u00e1k, \u00e9s 3-4 hetente lehet betakar\u00edtani. Csak a hajt\u00e1sv\u00e9geket haszn\u00e1lja, hogy a levelek \u00fajra n\u00f6vekedhessenek. A ropog\u00f3s szerkezet nagyon \u00e9rdekes sal\u00e1t\u00e1kban vagy dekor\u00e1ci\u00f3k\u00e9nt. A leveleket r\u00f6vid ideig meg is p\u00e1rolhatj\u00e1k.<\/span><\/p>\n<p>&nbsp;<\/p>\n","protected":false},"featured_media":19863,"comment_status":"closed","ping_status":"closed","template":"","meta":[],"product_brand":[],"product_cat":[438,329],"product_tag":[],"class_list":{"0":"post-19861","1":"product","2":"type-product","3":"status-publish","4":"has-post-thumbnail","6":"product_cat-horti-tops","7":"product_cat-zoldseg-vetomagok-egyeb-es-kulonleges-vetomagok","9":"first","10":"instock","11":"taxable","12":"shipping-taxable","13":"purchasable","14":"product-type-simple"},"_links":{"self":[{"href":"https:\/\/chilimag.hu\/webshop\/wp-json\/wp\/v2\/product\/19861","targetHints":{"allow":["GET"]}}],"collection":[{"href":"https:\/\/chilimag.hu\/webshop\/wp-json\/wp\/v2\/product"}],"about":[{"href":"https:\/\/chilimag.hu\/webshop\/wp-json\/wp\/v2\/types\/product"}],"replies":[{"embeddable":true,"href":"https:\/\/chilimag.hu\/webshop\/wp-json\/wp\/v2\/comments?post=19861"}],"wp:featuredmedia":[{"embeddable":true,"href":"https:\/\/chilimag.hu\/webshop\/wp-json\/wp\/v2\/media\/19863"}],"wp:attachment":[{"href":"https:\/\/chilimag.hu\/webshop\/wp-json\/wp\/v2\/media?parent=19861"}],"wp:term":[{"taxonomy":"product_brand","embeddable":true,"href":"https:\/\/chilimag.hu\/webshop\/wp-json\/wp\/v2\/product_brand?post=19861"},{"taxonomy":"product_cat","embeddable":true,"href":"https:\/\/chilimag.hu\/webshop\/wp-json\/wp\/v2\/product_cat?post=19861"},{"taxonomy":"product_tag","embeddable":true,"href":"https:\/\/chilimag.hu\/webshop\/wp-json\/wp\/v2\/product_tag?post=19861"}],"curies":[{"name":"wp","href":"https:\/\/api.w.org\/{rel}","templated":true}]}}