{"id":19859,"date":"2023-01-18T20:03:01","date_gmt":"2023-01-18T20:03:01","guid":{"rendered":"https:\/\/chilimag.hu\/webshop\/?post_type=product&#038;p=19859"},"modified":"2024-07-28T16:27:13","modified_gmt":"2024-07-28T16:27:13","slug":"hamvaska-h-ht","status":"publish","type":"product","link":"https:\/\/chilimag.hu\/webshop\/termek\/hamvaska-h-ht\/","title":{"rendered":"Hamvaska H Ht"},"content":{"rendered":"","protected":false},"excerpt":{"rendered":"<p><img decoding=\"async\" class=\"img-responsive\" title=\"Horti Tops\" src=\"https:\/\/tuinplus.nl\/Documents\/Images\/Banners\/Horti_Tops_Roll_Over.jpg\" alt=\"Horti Tops\" \/><\/p>\n<p>Botanikai n\u00e9v: <span id=\"column_2_uc_product_details_ctl04_lbl_ff_desc2\" class=\"value\">Cineraria (Senecio) maritima Diamond<\/span><\/p>\n<p><span id=\"column_2_uc_product_details_ctl04_lbl_ff_desc2\" class=\"value\">Vesd el a t\u00e9l v\u00e9g\u00e9t\u0151l kora tavaszig a magt\u00e1lc\u00e1ba kb. 20\u00baC, vagy kora tavasz k\u00f6zep\u00e9ig a keretek alatt. Ny\u00e1r elej\u00e9n \u00fcltesse ki. A d\u00edszes ez\u00fcstfeh\u00e9r lombozat sz\u00e9pen keveredik m\u00e1s \u00e9l\u00e9nk sz\u00edn\u0171 vir\u00e1gokkal az \u00e1gy\u00e1sokban, ablakdobozokban stb.<\/span><\/p>\n<p>&nbsp;<\/p>\n","protected":false},"featured_media":19860,"comment_status":"closed","ping_status":"closed","template":"","meta":[],"product_brand":[],"product_cat":[438],"product_tag":[],"class_list":{"0":"post-19859","1":"product","2":"type-product","3":"status-publish","4":"has-post-thumbnail","6":"product_cat-horti-tops","8":"first","9":"outofstock","10":"taxable","11":"shipping-taxable","12":"purchasable","13":"product-type-simple"},"_links":{"self":[{"href":"https:\/\/chilimag.hu\/webshop\/wp-json\/wp\/v2\/product\/19859","targetHints":{"allow":["GET"]}}],"collection":[{"href":"https:\/\/chilimag.hu\/webshop\/wp-json\/wp\/v2\/product"}],"about":[{"href":"https:\/\/chilimag.hu\/webshop\/wp-json\/wp\/v2\/types\/product"}],"replies":[{"embeddable":true,"href":"https:\/\/chilimag.hu\/webshop\/wp-json\/wp\/v2\/comments?post=19859"}],"wp:featuredmedia":[{"embeddable":true,"href":"https:\/\/chilimag.hu\/webshop\/wp-json\/wp\/v2\/media\/19860"}],"wp:attachment":[{"href":"https:\/\/chilimag.hu\/webshop\/wp-json\/wp\/v2\/media?parent=19859"}],"wp:term":[{"taxonomy":"product_brand","embeddable":true,"href":"https:\/\/chilimag.hu\/webshop\/wp-json\/wp\/v2\/product_brand?post=19859"},{"taxonomy":"product_cat","embeddable":true,"href":"https:\/\/chilimag.hu\/webshop\/wp-json\/wp\/v2\/product_cat?post=19859"},{"taxonomy":"product_tag","embeddable":true,"href":"https:\/\/chilimag.hu\/webshop\/wp-json\/wp\/v2\/product_tag?post=19859"}],"curies":[{"name":"wp","href":"https:\/\/api.w.org\/{rel}","templated":true}]}}