{"id":19853,"date":"2023-01-18T19:50:31","date_gmt":"2023-01-18T19:50:31","guid":{"rendered":"https:\/\/chilimag.hu\/webshop\/?post_type=product&#038;p=19853"},"modified":"2026-04-24T02:09:25","modified_gmt":"2026-04-24T02:09:25","slug":"sparga-lila-albenga-f1-h-ht","status":"publish","type":"product","link":"https:\/\/chilimag.hu\/webshop\/termek\/sparga-lila-albenga-f1-h-ht\/","title":{"rendered":"Sp\u00e1rga lila (Albenga F1) Ht H"},"content":{"rendered":"","protected":false},"excerpt":{"rendered":"<p><img decoding=\"async\" class=\"img-responsive\" title=\"Horti Tops\" src=\"https:\/\/tuinplus.nl\/Documents\/Images\/Banners\/Horti_Tops_Roll_Over.jpg\" alt=\"Horti Tops\" \/><\/p>\n<p>Botanikai n\u00e9v:<span id=\"column_2_uc_product_details_ctl04_lbl_ff_desc2\" class=\"value\">Asparagus officinalis<\/span><\/p>\n<p><span id=\"column_2_uc_product_details_ctl04_lbl_ff_desc2\" class=\"value\">Sp\u00e1rga &#8211; Albenga F1<br \/>\n1. \u00e9v: Vet\u00e9s m\u00e1rcius-m\u00e1jus a kertben mag\u00e1gyba, 20 cm sort\u00e1vols\u00e1g, \u0151sszel r\u00e9gi term\u00e9szetes tr\u00e1gy\u00e1val takarva.<br \/>\n2. \u00e9v: A fiatal \u201elabd\u00e1kat\u201d sz\u00fcretelj\u00fck \u00e9s \u00fcltess\u00fck ki 30 x 30 cm-re a v\u00e9gs\u0151 hely\u00fckre m\u00e1rciust\u00f3l legk\u00e9s\u0151bb m\u00e1jus k\u00f6zep\u00e9ig. Gondoskodjon term\u00e9keny talajr\u00f3l, \u00e9s csak a 4. \u00e9vt\u0151l kezdje el a betakar\u00edt\u00e1st, ha a n\u00f6v\u00e9nyek m\u00e1r el\u00e9g nagyok ahhoz, hogy hossz\u00fa \u00e9veken \u00e1t \u00e9lvezhess\u00e9k a sp\u00e1rga\u00e1gy\u00e1st.<\/span><\/p>\n<p>&nbsp;<\/p>\n","protected":false},"featured_media":19854,"comment_status":"closed","ping_status":"closed","template":"","meta":[],"product_brand":[],"product_cat":[438],"product_tag":[],"class_list":{"0":"post-19853","1":"product","2":"type-product","3":"status-publish","4":"has-post-thumbnail","6":"product_cat-horti-tops","8":"first","9":"instock","10":"taxable","11":"shipping-taxable","12":"purchasable","13":"product-type-simple"},"_links":{"self":[{"href":"https:\/\/chilimag.hu\/webshop\/wp-json\/wp\/v2\/product\/19853","targetHints":{"allow":["GET"]}}],"collection":[{"href":"https:\/\/chilimag.hu\/webshop\/wp-json\/wp\/v2\/product"}],"about":[{"href":"https:\/\/chilimag.hu\/webshop\/wp-json\/wp\/v2\/types\/product"}],"replies":[{"embeddable":true,"href":"https:\/\/chilimag.hu\/webshop\/wp-json\/wp\/v2\/comments?post=19853"}],"wp:featuredmedia":[{"embeddable":true,"href":"https:\/\/chilimag.hu\/webshop\/wp-json\/wp\/v2\/media\/19854"}],"wp:attachment":[{"href":"https:\/\/chilimag.hu\/webshop\/wp-json\/wp\/v2\/media?parent=19853"}],"wp:term":[{"taxonomy":"product_brand","embeddable":true,"href":"https:\/\/chilimag.hu\/webshop\/wp-json\/wp\/v2\/product_brand?post=19853"},{"taxonomy":"product_cat","embeddable":true,"href":"https:\/\/chilimag.hu\/webshop\/wp-json\/wp\/v2\/product_cat?post=19853"},{"taxonomy":"product_tag","embeddable":true,"href":"https:\/\/chilimag.hu\/webshop\/wp-json\/wp\/v2\/product_tag?post=19853"}],"curies":[{"name":"wp","href":"https:\/\/api.w.org\/{rel}","templated":true}]}}