{"id":19634,"date":"2023-01-09T20:15:30","date_gmt":"2023-01-09T20:15:30","guid":{"rendered":"https:\/\/chilimag.hu\/webshop\/?post_type=product&#038;p=19634"},"modified":"2025-08-28T18:47:27","modified_gmt":"2025-08-28T18:47:27","slug":"yugoslavian-fingers-green-b-s","status":"publish","type":"product","link":"https:\/\/chilimag.hu\/webshop\/termek\/yugoslavian-fingers-green-b-s\/","title":{"rendered":"Patiszon Yugoslavian Fingers Green  B-S"},"content":{"rendered":"","protected":false},"excerpt":{"rendered":"<p><img decoding=\"async\" src=\"https:\/\/chilimag.hu\/webshop\/wp-content\/uploads\/2022\/10\/bobby-seeds-test-logo-150x150.png\" \/><\/p>\n<p>Term\u00e9kinform\u00e1ci\u00f3 &#8222;Yugoslavian Fingers Green&#8221;<\/p>\n<p>S\u00f6t\u00e9tz\u00f6ld,nagyon dekorat\u00edv gy\u00fcm\u00f6lcs\u00f6k, 10 k\u00fcl\u00f6n\u00e1ll\u00f3 ujjal. Az egykori Jugoszl\u00e1vi\u00e1b\u00f3l sz\u00e1rmaz\u00f3 helyi fajta, melynek term\u00e9se a konyh\u00e1ban is elk\u00e9sz\u00edthet\u0151.A n\u00f6v\u00e9nyek inda n\u00e9lk\u00fcli bokrokban n\u0151nek. A Jugoslavian Fingers White testv\u00e9rfajta, amely szint\u00e9n megtal\u00e1lhat\u00f3 a k\u00edn\u00e1latunkban.<\/p>\n<p>Cucurbita pepo<br \/>\nAz \u00e9r\u00e9si id\u0151 k\u00f6r\u00fclbel\u00fcl 80 nap<br \/>\nA Jugoszl\u00e1v Fingers bokrosodik<br \/>\nA Yugoslavian Fingers fogyaszt\u00e1sra alkalmas<\/p>\n<p>A t\u00f6k j\u00f3l fejl\u0151dik meleg, j\u00f3 v\u00edzelvezet\u00e9s\u0171 talajban, el\u0151kult\u00far\u00e1ban \u00e9s \u00fcltet\u00e9sben \u00e1prilis v\u00e9gi vet\u00e9ssel vagy m\u00e1jus elej\u00e9t\u0151l k\u00f6zvetlen vet\u00e9ssel.<\/p>\n<p>A Jugoszl\u00e1v Fingers sz\u00e1m\u00e1ra n\u00f6v\u00e9nyenk\u00e9nt 1 nm-t aj\u00e1nlunk<\/p>\n<p>Lehets\u00e9ges k\u00e1rtev\u0151k: csig\u00e1k, madarak, egerek, tetvek, lisztharmat, v\u00edrus<\/p>\n<p>A csomag 10 szem magot tartalmaz.<\/p>\n","protected":false},"featured_media":19635,"comment_status":"closed","ping_status":"closed","template":"","meta":[],"product_brand":[],"product_cat":[346],"product_tag":[],"class_list":{"0":"post-19634","1":"product","2":"type-product","3":"status-publish","4":"has-post-thumbnail","6":"product_cat-cukkini-patiszon-uborka","8":"first","9":"instock","10":"taxable","11":"shipping-taxable","12":"purchasable","13":"product-type-simple"},"_links":{"self":[{"href":"https:\/\/chilimag.hu\/webshop\/wp-json\/wp\/v2\/product\/19634","targetHints":{"allow":["GET"]}}],"collection":[{"href":"https:\/\/chilimag.hu\/webshop\/wp-json\/wp\/v2\/product"}],"about":[{"href":"https:\/\/chilimag.hu\/webshop\/wp-json\/wp\/v2\/types\/product"}],"replies":[{"embeddable":true,"href":"https:\/\/chilimag.hu\/webshop\/wp-json\/wp\/v2\/comments?post=19634"}],"wp:featuredmedia":[{"embeddable":true,"href":"https:\/\/chilimag.hu\/webshop\/wp-json\/wp\/v2\/media\/19635"}],"wp:attachment":[{"href":"https:\/\/chilimag.hu\/webshop\/wp-json\/wp\/v2\/media?parent=19634"}],"wp:term":[{"taxonomy":"product_brand","embeddable":true,"href":"https:\/\/chilimag.hu\/webshop\/wp-json\/wp\/v2\/product_brand?post=19634"},{"taxonomy":"product_cat","embeddable":true,"href":"https:\/\/chilimag.hu\/webshop\/wp-json\/wp\/v2\/product_cat?post=19634"},{"taxonomy":"product_tag","embeddable":true,"href":"https:\/\/chilimag.hu\/webshop\/wp-json\/wp\/v2\/product_tag?post=19634"}],"curies":[{"name":"wp","href":"https:\/\/api.w.org\/{rel}","templated":true}]}}