{"id":19632,"date":"2023-01-09T20:13:08","date_gmt":"2023-01-09T20:13:08","guid":{"rendered":"https:\/\/chilimag.hu\/webshop\/?post_type=product&#038;p=19632"},"modified":"2026-04-19T09:42:12","modified_gmt":"2026-04-19T09:42:12","slug":"yugoslavian-fingers-patiszon-b-s","status":"publish","type":"product","link":"https:\/\/chilimag.hu\/webshop\/termek\/yugoslavian-fingers-patiszon-b-s\/","title":{"rendered":"Patiszon Yugoslavian Fingers B-S"},"content":{"rendered":"","protected":false},"excerpt":{"rendered":"<p><img decoding=\"async\" src=\"https:\/\/chilimag.hu\/webshop\/wp-content\/uploads\/2022\/10\/bobby-seeds-test-logo-150x150.png\" \/><\/p>\n<p>Term\u00e9kinform\u00e1ci\u00f3 &#8222;Jugoszl\u00e1v ujjak&#8221;<\/p>\n<p>Nagyon sz\u00e9p \u00f3ri\u00e1s koronat\u00f6k, mark\u00e1ns ujjak, de hossz\u00fak\u00e1s forma, kr\u00e9ms\u00e1rga, kb 1-2 kg<\/p>\n<p>pepo<br \/>\n\u00c9rlel\u00e9si id\u0151: 80 nap<br \/>\nK\u00fcl\u00f6nleges dekorat\u00edv \u00e9rt\u00e9k\u0171 t\u00f6k<\/p>\n<p>A t\u00f6k \u00a0j\u00f3l fejl\u0151dik meleg, j\u00f3 v\u00edzelvezet\u00e9s\u0171 talajban, el\u0151kult\u00far\u00e1ban \u00e9s \u00fcltet\u00e9sben \u00e1prilis v\u00e9g\u00e9t\u0151l vagy k\u00f6zvetlen vet\u00e9ssel m\u00e1jus elej\u00e9t\u0151l. A C. pepo a legalkalmasabb a hidegebb vid\u00e9keken t\u00f6rt\u00e9n\u0151 termeszt\u00e9sre.<\/p>\n<p>A t\u00f6k \u00fcltet\u00e9si t\u00e1vols\u00e1ga a m\u00e1sz\u00e1si viselked\u00e9st\u0151l f\u00fcgg<\/p>\n<p>Lehets\u00e9ges k\u00e1rtev\u0151k: csig\u00e1k, madarak, egerek, tetvek, lisztharmat, v\u00edrus<\/p>\n<p>A csomag 10 szem magot tartalmaz<\/p>\n","protected":false},"featured_media":19633,"comment_status":"closed","ping_status":"closed","template":"","meta":[],"product_brand":[],"product_cat":[346],"product_tag":[],"class_list":{"0":"post-19632","1":"product","2":"type-product","3":"status-publish","4":"has-post-thumbnail","6":"product_cat-cukkini-patiszon-uborka","8":"first","9":"instock","10":"taxable","11":"shipping-taxable","12":"purchasable","13":"product-type-simple"},"_links":{"self":[{"href":"https:\/\/chilimag.hu\/webshop\/wp-json\/wp\/v2\/product\/19632","targetHints":{"allow":["GET"]}}],"collection":[{"href":"https:\/\/chilimag.hu\/webshop\/wp-json\/wp\/v2\/product"}],"about":[{"href":"https:\/\/chilimag.hu\/webshop\/wp-json\/wp\/v2\/types\/product"}],"replies":[{"embeddable":true,"href":"https:\/\/chilimag.hu\/webshop\/wp-json\/wp\/v2\/comments?post=19632"}],"wp:featuredmedia":[{"embeddable":true,"href":"https:\/\/chilimag.hu\/webshop\/wp-json\/wp\/v2\/media\/19633"}],"wp:attachment":[{"href":"https:\/\/chilimag.hu\/webshop\/wp-json\/wp\/v2\/media?parent=19632"}],"wp:term":[{"taxonomy":"product_brand","embeddable":true,"href":"https:\/\/chilimag.hu\/webshop\/wp-json\/wp\/v2\/product_brand?post=19632"},{"taxonomy":"product_cat","embeddable":true,"href":"https:\/\/chilimag.hu\/webshop\/wp-json\/wp\/v2\/product_cat?post=19632"},{"taxonomy":"product_tag","embeddable":true,"href":"https:\/\/chilimag.hu\/webshop\/wp-json\/wp\/v2\/product_tag?post=19632"}],"curies":[{"name":"wp","href":"https:\/\/api.w.org\/{rel}","templated":true}]}}